{"id":2067,"date":"2023-09-12T14:18:23","date_gmt":"2023-09-12T14:18:23","guid":{"rendered":"https:\/\/www.eurosmart.hu\/shop\/?post_type=product&#038;p=2067"},"modified":"2024-01-23T09:09:30","modified_gmt":"2024-01-23T09:09:30","slug":"milwaukee-m18-fpp6f3-502b-akkus-erocsomag-2x50-ah-4933480875","status":"publish","type":"product","link":"https:\/\/www.eurosmart.hu\/shop\/index.php\/termek\/milwaukee-m18-fpp6f3-502b-akkus-erocsomag-2x50-ah-4933480875\/","title":{"rendered":"MILWAUKEE M18 FPP6F3-502B FUEL\u2122 ER\u0150CSOMAG 2X5,0 Ah SZERSZ\u00c1MT\u00c1SK\u00c1BAN (4933480875)"},"content":{"rendered":"<h5 class=\"product_title entry-title elementor-heading-title elementor-size-default\">M18 FPD3 FUEL\u2122 \u00fctvef\u00far\u00f3-csavaroz\u00f3<\/h5>\n<ul class=\"ProductFeaturesTextstyles__FeatureList-fxqvf2-1 dUrrwH\">\n<li class=\"ProductFeaturesTextstyles__Feature-fxqvf2-3 ggyeUS\">Nagyobb teljes\u00edtm\u00e9ny terhel\u00e9s alatt \u2013 kiemelked\u0151, 158 Nm nyomat\u00e9k<\/li>\n<li class=\"ProductFeaturesTextstyles__Feature-fxqvf2-3 ggyeUS\">Csup\u00e1n 175 mm hossz\u00fa, kiv\u00e1l\u00f3 a sz\u0171k helyeken v\u00e9gzett feladatokhoz<\/li>\n<li class=\"ProductFeaturesTextstyles__Feature-fxqvf2-3 ggyeUS\">Az AUTOSTOP\u2122 a felhaszn\u00e1l\u00f3 biztons\u00e1ga \u00e9rdek\u00e9ben kikapcsolja a szersz\u00e1mot, ha hirtelen elmozdul<\/li>\n<li class=\"ProductFeaturesTextstyles__Feature-fxqvf2-3 ggyeUS\">Sz\u00e9nkefe n\u00e9lk\u00fcli POWERSTATE\u00ae motor nagy ig\u00e9nybev\u00e9tel\u0171 alkalmaz\u00e1sokhoz terhel\u00e9s alatt<\/li>\n<li class=\"ProductFeaturesTextstyles__Feature-fxqvf2-3 ggyeUS\">REDLITHIUM\u2122 akkumul\u00e1tor kit\u0171n\u0151 min\u0151s\u00e9g\u0171 konstrukci\u00f3t \u00e9s elektronik\u00e1t k\u00edn\u00e1l, valamint lemer\u00fcl\u00e9s-biztos, \u00edgy hosszabb m\u0171k\u00f6d\u00e9si id\u0151t \u00e9s hosszabb ideig tart\u00f3 munkav\u00e9gz\u00e9st biztos\u00edt az akkumul\u00e1tor \u00e9lettartama alatt<\/li>\n<li class=\"ProductFeaturesTextstyles__Feature-fxqvf2-3 ggyeUS\">A leggyorsabb f\u00far\u00e1s \u00e9s csavaroz\u00e1s terhel\u00e9s alatt<\/li>\n<li class=\"ProductFeaturesTextstyles__Feature-fxqvf2-3 ggyeUS\">Egyedi cellafigyel\u0151 rendszer optimaliz\u00e1lja a m\u0171k\u00f6d\u00e9si id\u0151t \u00e9s biztos\u00edtja az akkumul\u00e1tor hossz\u00fa \u00e9lettartam\u00e1t<\/li>\n<li class=\"ProductFeaturesTextstyles__Feature-fxqvf2-3 ggyeUS\">T\u00f6lt\u00e9sszintjelz\u0151 kimutatja az akkumul\u00e1tor t\u00f6lt\u00f6tts\u00e9gi szintj\u00e9t<\/li>\n<li class=\"ProductFeaturesTextstyles__Feature-fxqvf2-3 ggyeUS\">13 mm-es f\u00e9m tokm\u00e1ny a gyors bitcser\u00e9hez \u00e9s a f\u00far\u00f3sz\u00e1r megtart\u00e1s\u00e1hoz<\/li>\n<li class=\"ProductFeaturesTextstyles__Feature-fxqvf2-3 ggyeUS\">Teljesen f\u00e9m megford\u00edthat\u00f3 \u00f6vcsat \u2013 gyors \u00e9s k\u00f6nny\u0171 szersz\u00e1m t\u00e1rol\u00e1s<\/li>\n<li class=\"ProductFeaturesTextstyles__Feature-fxqvf2-3 ggyeUS\">Rugalmas akkumul\u00e1tor rendszerrel \u2013 MILWAUKEE\u00ae M18\u2122\u00a0akkumul\u00e1torokkal m\u0171k\u00f6dik<\/li>\n<li class=\"ProductFeaturesTextstyles__Feature-fxqvf2-3 ggyeUS\">LED f\u00e9ny a munkater\u00fclet megvil\u00e1g\u00edt\u00e1s\u00e1hoz<\/li>\n<\/ul>\n<h5>M18 FIW2F12 FUEL\u2122 1\/2\u2033 kompakt \u00fctvecsavaroz\u00f3 biztos\u00edt\u00f3gy\u0171r\u0171vel<\/h5>\n<ul>\n<li>Energiahat\u00e9konys\u00e1g terhel\u00e9s alatt \u2013 kimagasl\u00f3, 339 Nm nyomat\u00e9k.<\/li>\n<li>Rendk\u00edv\u00fcl kompakt kivitel \u2013 csup\u00e1n 124 mm-es teljes hossz\u00fas\u00e1g a sz\u0171k helyekhez val\u00f3 hozz\u00e1f\u00e9r\u00e9s \u00e9rdek\u00e9ben.<\/li>\n<li>A 4 fokozat\u00fa DRIVE CONTROL lehet\u0151v\u00e9 teszi a felhaszn\u00e1l\u00f3 sz\u00e1m\u00e1ra a k\u00fcl\u00f6nb\u00f6z\u0151 fordulatsz\u00e1mok k\u00f6z\u00f6tti v\u00e1lt\u00e1st \u00e9s a nyomat\u00e9k\u00e1ll\u00edt\u00e1st.<\/li>\n<li>A csavarelt\u00e1vol\u00edt\u00f3 vez\u00e9rl\u00e9s teljes nyomat\u00e9kot biztos\u00edt, majd cs\u00f6kkenti a percenk\u00e9nti fordulatsz\u00e1mot, amint a csavart meglaz\u00edtotta, hogy megel\u0151zze a r\u00f6gz\u00edt\u0151 lees\u00e9s\u00e9t.<\/li>\n<li>Az automatikus kikapcsol\u00e1s vez\u00e9rl\u00e9s legfeljebb 34 Nm nyomat\u00e9kot haszn\u00e1l a k\u00e9zzel t\u00f6rt\u00e9n\u0151 megszor\u00edt\u00e1shoz a t\u00falh\u00faz\u00e1s megel\u0151z\u00e9se c\u00e9lj\u00e1b\u00f3l.<\/li>\n<li>A h\u00e1rom LED nagy felbont\u00e1s\u00fa megvil\u00e1g\u00edt\u00e1st biztos\u00edt a munkater\u00fclet l\u00e1that\u00f3s\u00e1g\u00e1nak fokoz\u00e1sa \u00e9rdek\u00e9ben.<\/li>\n<li>1\u201d n\u00e9gysz\u00f6g biztos\u00edt\u00f3gy\u0171r\u0171.<\/li>\n<li>\u00c1ll\u00edthat\u00f3 \u00f6vcsipesz.<\/li>\n<li>H\u00e1rom kiz\u00e1r\u00f3lagos MILWAUKEE\u00ae innov\u00e1ci\u00f3 jellemzi \u2013 a POWERSTATE\u2122 sz\u00e9nkefe n\u00e9lk\u00fcli motor, a REDLITHIUM\u2122 akkumul\u00e1tor \u00e9s a REDLINK PLUS\u2122 intelligencia hardver \u00e9s szoftver \u2013 melyek p\u00e1ratlan teljes\u00edtm\u00e9nyt, m\u0171k\u00f6d\u00e9si id\u0151t \u00e9s tart\u00f3ss\u00e1got biztos\u00edtanak a munkater\u00fcleten.<\/li>\n<li>Rugalmas akkumul\u00e1tor rendszerrel \u2013 MILWAUKEE\u00ae M18\u2122 akkumul\u00e1torokkal m\u0171k\u00f6dik.<\/li>\n<\/ul>\n<div>\n<h5 class=\"product_title entry-title elementor-heading-title elementor-size-default\">M18 CCS55 FUEL\u2122 k\u00f6rf\u0171r\u00e9sz<\/h5>\n<ul>\n<li class=\"prodSpecItem clearfix\">Milwaukee\u00ae tervez\u00e9s\u0171 \u00e9s kivitelez\u00e9s\u0171 POWERSTATE\u2122 sz\u00e9nkefe n\u00e9lk\u00fcli motor: ak\u00e1r 3x hosszabb \u00e9lettartam \u00e9s ak\u00e1r 2x t\u00f6bb v\u00e1g\u00e1s t\u00f6lt\u00e9senk\u00e9nt<\/li>\n<li class=\"prodSpecItem clearfix\">REDLINK PLUS\u2122 intelligens elektronika: a legfejlettebb digit\u00e1lis t\u00falterhel\u00e9sv\u00e9delem az akkumul\u00e1tor \u00e9s a g\u00e9p v\u00e9delm\u00e9\u00e9rt, oszt\u00e1ly\u00e1ban a legjobb tart\u00f3ss\u00e1got ny\u00fajtja<\/li>\n<li class=\"prodSpecItem clearfix\">A REDLITHIUM-ION\u2122 akkumul\u00e1tor ak\u00e1r 2,5x hosszabb m\u0171k\u00f6d\u00e9si id\u0151t, ak\u00e1r 20%-kal t\u00f6bb er\u0151t \u00e9s ak\u00e1r 2x hosszabb akkumul\u00e1tor-\u00e9lettartamot biztos\u00edt, tov\u00e1bb\u00e1 -20 \u00b0C-ig jobban m\u0171k\u00f6dik, mint m\u00e1s l\u00edtium-ion rendszerek<\/li>\n<li class=\"prodSpecItem clearfix\">Egyedi cellafigyel\u0151 rendszer<\/li>\n<li class=\"prodSpecItem clearfix\">50\u00b0 ferdev\u00e1g\u00e1s tartom\u00e1ny<\/li>\n<li class=\"prodSpecItem clearfix\">Magn\u00e9zium fels\u0151 \u00e9s als\u00f3 v\u00e9d\u0151burkolat, oszt\u00e1ly\u00e1ban legkiv\u00e1l\u00f3bb \u00fct\u00e9s\u00e1ll\u00f3s\u00e1g<\/li>\n<li class=\"prodSpecItem clearfix\">Magn\u00e9zium alaplap<\/li>\n<li class=\"prodSpecItem clearfix\">A be\u00e9p\u00edtett porelvezet\u0151 tiszt\u00e1n tartja a v\u00e1g\u00e1s vonal\u00e1t<\/li>\n<li class=\"prodSpecItem clearfix\">Praktikus akaszt\u00f3, a g\u00e9p biztons\u00e1gos t\u00e1rol\u00e1s\u00e1\u00e9rt<\/li>\n<li class=\"prodSpecItem clearfix\">Be\u00e9p\u00edtett t\u00f6lt\u00e9sszintjelz\u0151 \u00e9s LED f\u00e9ny<\/li>\n<li class=\"prodSpecItem clearfix\">Rugalmas akkumul\u00e1tor rendszerrel \u2013 Milwaukee\u00ae M18\u2122 akkumul\u00e1torokkal m\u0171k\u00f6dik<\/li>\n<\/ul>\n<div>\n<h5 class=\"product_title entry-title elementor-heading-title elementor-size-default\">M18 FSZ FUEL\u2122 SAWZALL\u2122 szablyaf\u0171r\u00e9sz<\/h5>\n<ul>\n<li>Sz\u00e9nkefe n\u00e9lk\u00fcli POWERSTATE\u2122 motor: ak\u00e1r 5x hosszabb \u00e9lettartam \u00e9s ak\u00e1r 30%-kal gyorsabb v\u00e1g\u00e1s<\/li>\n<li>Szabadalmaztatott hajt\u00f3m\u0171v\u00e9d\u0151 tengelykapcsol\u00f3 \u2013 meghosszabb\u00edtja a hajt\u00f3m\u0171 \u00e9s a motor \u00e9lettartam\u00e1t<\/li>\n<li>A kop\u00e1s\u00e1ll\u00f3 karral m\u0171k\u00f6dtetett FIXTEC\u2122 f\u0171r\u00e9szlap befog\u00f3val gyorsan \u00e9s k\u00f6nnyen kicser\u00e9lhet\u0151 a f\u0171r\u00e9szlap<\/li>\n<li>F\u00e9mmel meger\u0151s\u00edtett akkumul\u00e1tor csatlakoz\u00e1s hosszabb \u00e9lettartamot biztos\u00edt<\/li>\n<li>Be\u00e9p\u00edtett LED f\u00e9ny megvil\u00e1g\u00edtja a munkafel\u00fcletet v\u00e1g\u00e1s k\u00f6zben<\/li>\n<li>\u00c1ll\u00edthat\u00f3 alaplap az optim\u00e1lis haszn\u00e1lathoz<\/li>\n<li>Be\u00e9p\u00edtett akkumul\u00e1tor t\u00f6lt\u00f6tts\u00e9gi szint jelz\u0151<\/li>\n<li>Tart\u00f3s f\u00e9m akaszt\u00f3kamp\u00f3 a munkater\u00fclet kezel\u00e9s\u00e9hez \u00e9s annak biztons\u00e1g\u00e1hoz<\/li>\n<li>H\u00e1rom kiz\u00e1r\u00f3lagos MILWAUKEE\u00ae innov\u00e1ci\u00f3 jellemzi \u2013 a POWERSTATE\u2122 sz\u00e9nkefe n\u00e9lk\u00fcli motor, a REDLITHIUM\u2122 akkumul\u00e1tor \u00e9s a REDLINK PLUS\u2122 intelligens elektronika \u2013 melyek p\u00e1ratlan teljes\u00edtm\u00e9nyt, m\u0171k\u00f6d\u00e9si id\u0151t \u00e9s tart\u00f3ss\u00e1got biztos\u00edtanak a munkater\u00fcleten<\/li>\n<li>Rugalmas akkumul\u00e1tor rendszerrel \u2013 MILWAUKEE\u00ae M18\u2122 akkumul\u00e1torokkal m\u0171k\u00f6dik<\/li>\n<\/ul>\n<h5 class=\"product_title entry-title elementor-heading-title elementor-size-default\">M18 FSAG125X FUEL\u2122 125mm sarokcsiszol\u00f3 cs\u00fasztathat\u00f3 kapcsol\u00f3val<\/h5>\n<ul>\n<li>Vezet\u00e9kes teljes\u00edtm\u00e9nyt ny\u00fajt, hasonl\u00f3an az 1200 wattos sarokcsiszol\u00f3hoz.<\/li>\n<li>Kisebb m\u00e9ret\u0171 hajt\u00f3m\u0171h\u00e1z \u00e9s alacsonyabb sz\u00f6g\u0171 akkumul\u00e1tor ny\u00edl\u00e1s \u2013 jobb egyens\u00faly \u00e9s ergonomia a kor\u00e1bbi modellhez k\u00e9pest.<\/li>\n<li>Az anti-vibr\u00e1ci\u00f3s p\u00f3tfoganty\u00fa cs\u00f6kkenti a vibr\u00e1ci\u00f3t \u00e9s n\u00f6veli a munkav\u00e9gz\u00e9s k\u00e9nyelm\u00e9t.<\/li>\n<li>Be\u00e9p\u00edtett FIXTEC rendszer a szersz\u00e1mn\u00e9lk\u00fcli t\u00e1rcsacser\u00e9hez.<\/li>\n<li>Karcs\u00fa foganty\u00fa.<\/li>\n<li>Levehet\u0151 porv\u00e9d\u0151 a porbejut\u00e1s megakad\u00e1lyoz\u00e1s\u00e1ra.<\/li>\n<li>125 mm kulcsn\u00e9lk\u00fcli v\u00e9d\u0151burkolat.<\/li>\n<li>Fesz\u00fclts\u00e9g alatti biztons\u00e1gi rel\u00e9 megakad\u00e1lyozza a g\u00e9p automatikus \u00fajraindul\u00e1s\u00e1t.<\/li>\n<li>H\u00e1rom kiz\u00e1r\u00f3lagos MILWAUKEE\u00ae innov\u00e1ci\u00f3 jellemzi \u2013 a POWERSTATE sz\u00e9nkefe n\u00e9lk\u00fcli motor, a REDLITHIUM-ION akkumul\u00e1tor \u00e9s a REDLINK PLUS intelligencia hardver \u00e9s szoftver \u2013 melyek p\u00e1ratlan teljes\u00edtm\u00e9nyt, m\u0171k\u00f6d\u00e9si id\u0151t \u00e9s tart\u00f3ss\u00e1got biztos\u00edtanak a munkater\u00fcleten.<\/li>\n<li>Rugalmas akkumul\u00e1tor rendszerrel \u2013 MILWAUKEE\u00ae M18 akkumul\u00e1torokkal m\u0171k\u00f6dik.<\/li>\n<\/ul>\n<h5 class=\"product_title entry-title elementor-heading-title elementor-size-default\">M18TLED-0 TRUEVIEW LED l\u00e1mpa:<\/h5>\n<\/div>\n<\/div>\n<div>\n<ul>\n<li>160 Lumen LED f\u00e9ny \u2013 2x f\u00e9nyesebb \u00e9s feh\u00e9rebb mint az izz\u00f3<\/li>\n<li>M18\u2122 LED elektronika \u2013 2x hosszabb m\u0171k\u00f6d\u00e9si id\u0151<\/li>\n<li>Z\u00e1rt, alum\u00ednium fej \u2013 \u00fct\u00e9s \u00e9s id\u0151j\u00e1r\u00e1s viszontags\u00e1gainak ellen\u00e1ll\u00f3<\/li>\n<li>135\u00b0-ban elford\u00edthat\u00f3 fej \u2013 a munkater\u00fclet megvil\u00e1g\u00edt\u00e1s\u00e1hoz<\/li>\n<li>Be\u00e9p\u00edtett akaszt\u00f3 \u2013 a k\u00e9z n\u00e9lk\u00fcli haszn\u00e1lathoz<\/li>\n<li>Rugalmas akkumul\u00e1tor rendszerrel \u2013 Milwaukee\u00ae M18\u2122 akkumul\u00e1torokkal m\u0171k\u00f6dik<\/li>\n<\/ul>\n<\/div>\n","protected":false},"excerpt":{"rendered":"<p>A k\u00e9szlet tartalma:<\/p>\n<ul>\n<li>1 db M18 FPD3 \u00fctvef\u00far\u00f3-csavaroz\u00f3<\/li>\n<li>1 db M18 FIW2F12 FUEL 1\/2\u2033 \u00dctvecsavaroz\u00f3 biztos\u00edt\u00f3gy\u0171r\u0171vel<\/li>\n<li>1 db M18 CCS55 FUEL akkus k\u00f6rf\u0171r\u00e9sz<\/li>\n<li>1 db M18 FSZ FUEL szablyaf\u0171r\u00e9sz<\/li>\n<li>1 db M18 FSAG125X akkus sarokcsiszol\u00f3<\/li>\n<li>1 db M18 TLED TRUEVIEW LED l\u00e1mpa<\/li>\n<li>2 db M18 B5 5.0 Ah akkumul\u00e1tor<\/li>\n<li>1 db M12-18 FC gyorst\u00f6lt\u0151<\/li>\n<li>1 db Szersz\u00e1mt\u00e1ska<\/li>\n<\/ul>\n","protected":false},"featured_media":3068,"template":"","meta":[],"product_cat":[165,171,230,59,228,89],"product_tag":[],"class_list":["post-2067","product","type-product","status-publish","has-post-thumbnail","hentry","product_cat-akkumulatoros-gepek","product_cat-akkus-erocsomagok","product_cat-m18-rendszer","product_cat-milwaukee","product_cat-rendszer","product_cat-termekek"],"yoast_head":"<!-- This site is optimized with the Yoast SEO Premium plugin v21.3 (Yoast SEO v21.3) - https:\/\/yoast.com\/wordpress\/plugins\/seo\/ -->\n<title>MILWAUKEE M18 FPP6F3-502B FUEL\u2122 ER\u0150CSOMAG 2X5,0 Ah SZERSZ\u00c1MT\u00c1SK\u00c1BAN (4933480875) - Eurosmart - Milwaukee web\u00e1ruh\u00e1z<\/title>\n<meta name=\"robots\" content=\"index, follow, max-snippet:-1, max-image-preview:large, max-video-preview:-1\" \/>\n<link rel=\"canonical\" href=\"https:\/\/www.eurosmart.hu\/shop\/index.php\/termek\/milwaukee-m18-fpp6f3-502b-akkus-erocsomag-2x50-ah-4933480875\/\" \/>\n<meta property=\"og:locale\" content=\"hu_HU\" \/>\n<meta property=\"og:type\" content=\"article\" \/>\n<meta property=\"og:title\" content=\"MILWAUKEE M18 FPP6F3-502B FUEL\u2122 ER\u0150CSOMAG 2X5,0 Ah SZERSZ\u00c1MT\u00c1SK\u00c1BAN (4933480875)\" \/>\n<meta property=\"og:description\" content=\"A k\u00e9szlet tartalma:   1 db M18 FPD3 \u00fctvef\u00far\u00f3-csavaroz\u00f3  1 db M18 FIW2F12 FUEL 1\/2\u2033 \u00dctvecsavaroz\u00f3 biztos\u00edt\u00f3gy\u0171r\u0171vel  1 db M18 CCS55 FUEL akkus k\u00f6rf\u0171r\u00e9sz  1 db M18 FSZ FUEL szablyaf\u0171r\u00e9sz  1 db M18 FSAG125X akkus sarokcsiszol\u00f3  1 db M18 TLED TRUEVIEW LED l\u00e1mpa  2 db M18 B5 5.0 Ah akkumul\u00e1tor  1 db M12-18 FC gyorst\u00f6lt\u0151  1 db Szersz\u00e1mt\u00e1ska\" \/>\n<meta property=\"og:url\" content=\"https:\/\/www.eurosmart.hu\/shop\/index.php\/termek\/milwaukee-m18-fpp6f3-502b-akkus-erocsomag-2x50-ah-4933480875\/\" \/>\n<meta property=\"og:site_name\" content=\"Eurosmart - Milwaukee web\u00e1ruh\u00e1z\" \/>\n<meta property=\"article:publisher\" content=\"https:\/\/www.facebook.com\/EurosmartKft\" \/>\n<meta property=\"article:modified_time\" content=\"2024-01-23T09:09:30+00:00\" \/>\n<meta property=\"og:image\" content=\"https:\/\/www.eurosmart.hu\/shop\/wp-content\/uploads\/2023\/09\/4933480875.jpg\" \/>\n\t<meta property=\"og:image:width\" content=\"1000\" \/>\n\t<meta property=\"og:image:height\" content=\"1000\" \/>\n\t<meta property=\"og:image:type\" content=\"image\/jpeg\" \/>\n<meta name=\"twitter:card\" content=\"summary_large_image\" \/>\n<meta name=\"twitter:label1\" content=\"Price\" \/>\n\t<meta name=\"twitter:data1\" content=\"\" \/>\n\t<meta name=\"twitter:label2\" content=\"Availability\" \/>\n\t<meta name=\"twitter:data2\" content=\"In stock\" \/>\n<script type=\"application\/ld+json\" class=\"yoast-schema-graph\">{\"@context\":\"https:\/\/schema.org\",\"@graph\":[{\"@type\":\"WebPage\",\"@id\":\"https:\/\/www.eurosmart.hu\/shop\/index.php\/termek\/milwaukee-m18-fpp6f3-502b-akkus-erocsomag-2x50-ah-4933480875\/\",\"url\":\"https:\/\/www.eurosmart.hu\/shop\/index.php\/termek\/milwaukee-m18-fpp6f3-502b-akkus-erocsomag-2x50-ah-4933480875\/\",\"name\":\"MILWAUKEE M18 FPP6F3-502B FUEL\u2122 ER\u0150CSOMAG 2X5,0 Ah SZERSZ\u00c1MT\u00c1SK\u00c1BAN (4933480875) - Eurosmart - Milwaukee web\u00e1ruh\u00e1z\",\"isPartOf\":{\"@id\":\"https:\/\/www.eurosmart.hu\/shop\/#website\"},\"datePublished\":\"2023-09-12T14:18:23+00:00\",\"dateModified\":\"2024-01-23T09:09:30+00:00\",\"breadcrumb\":{\"@id\":\"https:\/\/www.eurosmart.hu\/shop\/index.php\/termek\/milwaukee-m18-fpp6f3-502b-akkus-erocsomag-2x50-ah-4933480875\/#breadcrumb\"},\"inLanguage\":\"hu\",\"potentialAction\":[{\"@type\":\"ReadAction\",\"target\":[\"https:\/\/www.eurosmart.hu\/shop\/index.php\/termek\/milwaukee-m18-fpp6f3-502b-akkus-erocsomag-2x50-ah-4933480875\/\"]}]},{\"@type\":\"BreadcrumbList\",\"@id\":\"https:\/\/www.eurosmart.hu\/shop\/index.php\/termek\/milwaukee-m18-fpp6f3-502b-akkus-erocsomag-2x50-ah-4933480875\/#breadcrumb\",\"itemListElement\":[{\"@type\":\"ListItem\",\"position\":1,\"name\":\"Kezd\u0151lap\",\"item\":\"https:\/\/www.eurosmart.hu\/shop\/\"},{\"@type\":\"ListItem\",\"position\":2,\"name\":\"Term\u00e9keink\",\"item\":\"https:\/\/www.eurosmart.hu\/shop\/index.php\/uzlet\/\"},{\"@type\":\"ListItem\",\"position\":3,\"name\":\"MILWAUKEE M18 FPP6F3-502B FUEL\u2122 ER\u0150CSOMAG 2X5,0 Ah SZERSZ\u00c1MT\u00c1SK\u00c1BAN (4933480875)\"}]},{\"@type\":\"WebSite\",\"@id\":\"https:\/\/www.eurosmart.hu\/shop\/#website\",\"url\":\"https:\/\/www.eurosmart.hu\/shop\/\",\"name\":\"Eurosmart - Milwaukee web\u00e1ruh\u00e1z\",\"description\":\"Milwaukee web\u00e1ruh\u00e1z\",\"publisher\":{\"@id\":\"https:\/\/www.eurosmart.hu\/shop\/#organization\"},\"potentialAction\":[{\"@type\":\"SearchAction\",\"target\":{\"@type\":\"EntryPoint\",\"urlTemplate\":\"https:\/\/www.eurosmart.hu\/shop\/?s={search_term_string}\"},\"query-input\":\"required name=search_term_string\"}],\"inLanguage\":\"hu\"},{\"@type\":\"Organization\",\"@id\":\"https:\/\/www.eurosmart.hu\/shop\/#organization\",\"name\":\"Eurosmart - Milwaukee web\u00e1ruh\u00e1z\",\"url\":\"https:\/\/www.eurosmart.hu\/shop\/\",\"logo\":{\"@type\":\"ImageObject\",\"inLanguage\":\"hu\",\"@id\":\"https:\/\/www.eurosmart.hu\/shop\/#\/schema\/logo\/image\/\",\"url\":\"https:\/\/www.eurosmart.hu\/shop\/wp-content\/uploads\/2023\/10\/milwaukee-logo-1.png\",\"contentUrl\":\"https:\/\/www.eurosmart.hu\/shop\/wp-content\/uploads\/2023\/10\/milwaukee-logo-1.png\",\"width\":500,\"height\":200,\"caption\":\"Eurosmart - Milwaukee web\u00e1ruh\u00e1z\"},\"image\":{\"@id\":\"https:\/\/www.eurosmart.hu\/shop\/#\/schema\/logo\/image\/\"},\"sameAs\":[\"https:\/\/www.facebook.com\/EurosmartKft\"]}]}<\/script>\n<meta property=\"product:price:amount\" content=\"0\" \/>\n<meta property=\"product:price:currency\" content=\"HUF\" \/>\n<meta property=\"og:availability\" content=\"instock\" \/>\n<meta property=\"product:availability\" content=\"instock\" \/>\n<meta property=\"product:retailer_item_id\" content=\"4933480875\" \/>\n<meta property=\"product:condition\" content=\"new\" \/>\n<!-- \/ Yoast SEO Premium plugin. -->","yoast_head_json":{"title":"MILWAUKEE M18 FPP6F3-502B FUEL\u2122 ER\u0150CSOMAG 2X5,0 Ah SZERSZ\u00c1MT\u00c1SK\u00c1BAN (4933480875) - Eurosmart - Milwaukee web\u00e1ruh\u00e1z","robots":{"index":"index","follow":"follow","max-snippet":"max-snippet:-1","max-image-preview":"max-image-preview:large","max-video-preview":"max-video-preview:-1"},"canonical":"https:\/\/www.eurosmart.hu\/shop\/index.php\/termek\/milwaukee-m18-fpp6f3-502b-akkus-erocsomag-2x50-ah-4933480875\/","og_locale":"hu_HU","og_type":"article","og_title":"MILWAUKEE M18 FPP6F3-502B FUEL\u2122 ER\u0150CSOMAG 2X5,0 Ah SZERSZ\u00c1MT\u00c1SK\u00c1BAN (4933480875)","og_description":"A k\u00e9szlet tartalma:   1 db M18 FPD3 \u00fctvef\u00far\u00f3-csavaroz\u00f3  1 db M18 FIW2F12 FUEL 1\/2\u2033 \u00dctvecsavaroz\u00f3 biztos\u00edt\u00f3gy\u0171r\u0171vel  1 db M18 CCS55 FUEL akkus k\u00f6rf\u0171r\u00e9sz  1 db M18 FSZ FUEL szablyaf\u0171r\u00e9sz  1 db M18 FSAG125X akkus sarokcsiszol\u00f3  1 db M18 TLED TRUEVIEW LED l\u00e1mpa  2 db M18 B5 5.0 Ah akkumul\u00e1tor  1 db M12-18 FC gyorst\u00f6lt\u0151  1 db Szersz\u00e1mt\u00e1ska","og_url":"https:\/\/www.eurosmart.hu\/shop\/index.php\/termek\/milwaukee-m18-fpp6f3-502b-akkus-erocsomag-2x50-ah-4933480875\/","og_site_name":"Eurosmart - Milwaukee web\u00e1ruh\u00e1z","article_publisher":"https:\/\/www.facebook.com\/EurosmartKft","article_modified_time":"2024-01-23T09:09:30+00:00","og_image":[{"width":1000,"height":1000,"url":"https:\/\/www.eurosmart.hu\/shop\/wp-content\/uploads\/2023\/09\/4933480875.jpg","type":"image\/jpeg"}],"twitter_card":"summary_large_image","twitter_misc":{"Price":"","Availability":"In stock"},"schema":{"@context":"https:\/\/schema.org","@graph":[{"@type":"WebPage","@id":"https:\/\/www.eurosmart.hu\/shop\/index.php\/termek\/milwaukee-m18-fpp6f3-502b-akkus-erocsomag-2x50-ah-4933480875\/","url":"https:\/\/www.eurosmart.hu\/shop\/index.php\/termek\/milwaukee-m18-fpp6f3-502b-akkus-erocsomag-2x50-ah-4933480875\/","name":"MILWAUKEE M18 FPP6F3-502B FUEL\u2122 ER\u0150CSOMAG 2X5,0 Ah SZERSZ\u00c1MT\u00c1SK\u00c1BAN (4933480875) - Eurosmart - Milwaukee web\u00e1ruh\u00e1z","isPartOf":{"@id":"https:\/\/www.eurosmart.hu\/shop\/#website"},"datePublished":"2023-09-12T14:18:23+00:00","dateModified":"2024-01-23T09:09:30+00:00","breadcrumb":{"@id":"https:\/\/www.eurosmart.hu\/shop\/index.php\/termek\/milwaukee-m18-fpp6f3-502b-akkus-erocsomag-2x50-ah-4933480875\/#breadcrumb"},"inLanguage":"hu","potentialAction":[{"@type":"ReadAction","target":["https:\/\/www.eurosmart.hu\/shop\/index.php\/termek\/milwaukee-m18-fpp6f3-502b-akkus-erocsomag-2x50-ah-4933480875\/"]}]},{"@type":"BreadcrumbList","@id":"https:\/\/www.eurosmart.hu\/shop\/index.php\/termek\/milwaukee-m18-fpp6f3-502b-akkus-erocsomag-2x50-ah-4933480875\/#breadcrumb","itemListElement":[{"@type":"ListItem","position":1,"name":"Kezd\u0151lap","item":"https:\/\/www.eurosmart.hu\/shop\/"},{"@type":"ListItem","position":2,"name":"Term\u00e9keink","item":"https:\/\/www.eurosmart.hu\/shop\/index.php\/uzlet\/"},{"@type":"ListItem","position":3,"name":"MILWAUKEE M18 FPP6F3-502B FUEL\u2122 ER\u0150CSOMAG 2X5,0 Ah SZERSZ\u00c1MT\u00c1SK\u00c1BAN (4933480875)"}]},{"@type":"WebSite","@id":"https:\/\/www.eurosmart.hu\/shop\/#website","url":"https:\/\/www.eurosmart.hu\/shop\/","name":"Eurosmart - Milwaukee web\u00e1ruh\u00e1z","description":"Milwaukee web\u00e1ruh\u00e1z","publisher":{"@id":"https:\/\/www.eurosmart.hu\/shop\/#organization"},"potentialAction":[{"@type":"SearchAction","target":{"@type":"EntryPoint","urlTemplate":"https:\/\/www.eurosmart.hu\/shop\/?s={search_term_string}"},"query-input":"required name=search_term_string"}],"inLanguage":"hu"},{"@type":"Organization","@id":"https:\/\/www.eurosmart.hu\/shop\/#organization","name":"Eurosmart - Milwaukee web\u00e1ruh\u00e1z","url":"https:\/\/www.eurosmart.hu\/shop\/","logo":{"@type":"ImageObject","inLanguage":"hu","@id":"https:\/\/www.eurosmart.hu\/shop\/#\/schema\/logo\/image\/","url":"https:\/\/www.eurosmart.hu\/shop\/wp-content\/uploads\/2023\/10\/milwaukee-logo-1.png","contentUrl":"https:\/\/www.eurosmart.hu\/shop\/wp-content\/uploads\/2023\/10\/milwaukee-logo-1.png","width":500,"height":200,"caption":"Eurosmart - Milwaukee web\u00e1ruh\u00e1z"},"image":{"@id":"https:\/\/www.eurosmart.hu\/shop\/#\/schema\/logo\/image\/"},"sameAs":["https:\/\/www.facebook.com\/EurosmartKft"]}]},"product_price_currency":"HUF","og_availability":"instock","product_availability":"instock","product_retailer_item_id":"4933480875","product_condition":"new"},"_links":{"self":[{"href":"https:\/\/www.eurosmart.hu\/shop\/index.php\/wp-json\/wp\/v2\/product\/2067","targetHints":{"allow":["GET"]}}],"collection":[{"href":"https:\/\/www.eurosmart.hu\/shop\/index.php\/wp-json\/wp\/v2\/product"}],"about":[{"href":"https:\/\/www.eurosmart.hu\/shop\/index.php\/wp-json\/wp\/v2\/types\/product"}],"wp:featuredmedia":[{"embeddable":true,"href":"https:\/\/www.eurosmart.hu\/shop\/index.php\/wp-json\/wp\/v2\/media\/3068"}],"wp:attachment":[{"href":"https:\/\/www.eurosmart.hu\/shop\/index.php\/wp-json\/wp\/v2\/media?parent=2067"}],"wp:term":[{"taxonomy":"product_cat","embeddable":true,"href":"https:\/\/www.eurosmart.hu\/shop\/index.php\/wp-json\/wp\/v2\/product_cat?post=2067"},{"taxonomy":"product_tag","embeddable":true,"href":"https:\/\/www.eurosmart.hu\/shop\/index.php\/wp-json\/wp\/v2\/product_tag?post=2067"}],"curies":[{"name":"wp","href":"https:\/\/api.w.org\/{rel}","templated":true}]}}