{"id":2051,"date":"2023-09-12T11:49:58","date_gmt":"2023-09-12T11:49:58","guid":{"rendered":"https:\/\/www.eurosmart.hu\/shop\/?post_type=product&#038;p=2051"},"modified":"2023-10-05T07:49:39","modified_gmt":"2023-10-05T07:49:39","slug":"milwaukee-m18-fpp4b2-533p-akkus-erocsomag-18v-2x55-ah1x30-ah-4933479536","status":"publish","type":"product","link":"https:\/\/www.eurosmart.hu\/shop\/index.php\/termek\/milwaukee-m18-fpp4b2-533p-akkus-erocsomag-18v-2x55-ah1x30-ah-4933479536\/","title":{"rendered":"MILWAUKEE M18 FPP4B2-533P AKKUS ER\u0150CSOMAG 18V 2X5,5 Ah+1&#215;3,0 Ah (4933479536)"},"content":{"rendered":"<h5><strong>M18 FPD2 Akkus \u00fctvef\u00far\u00f3-csavaroz\u00f3:<\/strong><\/h5>\n<ul>\n<li>Nagyobb teljes\u00edtm\u00e9ny terhel\u00e9s alatt &#8211; p\u00e1ratlan 135 Nm nyomat\u00e9k<\/li>\n<li>Extr\u00e9m kompakt kialak\u00edt\u00e1s &#8211; csup\u00e1n 175 mm hossz\u00fa a sz\u0171k helyekre val\u00f3 hozz\u00e1f\u00e9r\u00e9shez<\/li>\n<li>Tov\u00e1bbfejleszt ett heavy duty tokm\u00e1ny amely jav\u00edtja a bit-befog\u00e1st<\/li>\n<li>Milwaukee\u00ae tervez\u00e9s\u0171 \u00e9s kivitelez\u00e9s\u0171 POWERSTATE sz\u00e9nkefe n\u00e9lk\u00fcli motor nagy ig\u00e9nybev\u00e9tel\u0171 alkalmaz\u00e1sokhoz terhel\u00e9s alatt<\/li>\n<li>REDLINK PLUS intelligens elektronika: a fejlett digit\u00e1lis t\u00falterhel\u00e9sv\u00e9delem az akkumul\u00e1tor \u00e9s a g\u00e9p v\u00e9delm\u00e9\u00e9rt, jav\u00edtja a g\u00e9p teljes\u00edtm\u00e9ny\u00e9t terhel\u00e9s alatt<\/li>\n<li>A REDLITHIUM-ION akkumul\u00e1tor kit\u0171n\u0151 min\u0151s\u00e9g\u0171 konstrukci\u00f3t \u00e9s elektronik\u00e1t k\u00edn\u00e1l, valamint lemer\u00fcl\u00e9s-biztos, \u00edgy hosszabb m\u0171k\u00f6d\u00e9si id\u0151t \u00e9s hosszabb ideig tart\u00f3 munkav\u00e9gz\u00e9st biztos\u00edt az akkumul\u00e1tor \u00e9lettartama alatt<\/li>\n<li>Egyedi akkumul\u00e1tor cellafigyel\u0151 optimaliz\u00e1lja a m\u0171k\u00f6d\u00e9si id\u0151t \u00e9s biztos\u00edtja az akkumul\u00e1tor tart\u00f3ss\u00e1g\u00e1t<\/li>\n<li>T\u00f6lt\u00e9sszintjelz \u0151<\/li>\n<li>40 sz\u00e1zal\u00e9kkal vil\u00e1gosabb LED munkater\u00fcleti megvil\u00e1g\u00edt\u00e1s &#8211; a kor\u00e1bbi modellhez k\u00e9pest<\/li>\n<li>Teljesen f\u00e9m megford\u00edthat\u00f3 \u00f6vcsat &#8211; gyors \u00e9s k\u00f6nny\u0171 szersz\u00e1m t\u00e1rol\u00e1s<\/li>\n<\/ul>\n<h5><strong>M18 FID2 Akkus \u00fctvecsavaroz\u00f3:<\/strong><\/h5>\n<ul>\n<li>Nag yobb terljes\u00edtm\u00e9ny terhel\u00e9s alatt &#8211; p\u00e1ratlan 226 Nm nyomat\u00e9k<\/li>\n<li>Magasabb fordulatsz\u00e1m a kor\u00e1bbi modellhez k\u00e9pest &#8211; ak\u00e1r 3600 fordulat\/perc \u00e9s 4300 \u00fct\u00e9s\/perc<\/li>\n<li>Extr\u00e9m kompakt kialak\u00edt\u00e1s &#8211; teljes hossz csup\u00e1n 117 mm &#8211; kiv\u00e1l\u00f3 a sz\u0171k helyeken v\u00e9gzett feladatokhoz<\/li>\n<li>A Milwaukee\u00ae DRIVE CONTROL lehet\u0151v\u00e9 teszi a felhaszn\u00e1l\u00f3 sz\u00e1m\u00e1ra a k\u00fcl\u00f6nb\u00f6z\u0151 fordulatsz\u00e1mok k\u00f6z\u00f6tti v\u00e1lt\u00e1st \u00e9s a nyomat\u00e9k\u00e1ll\u00edt\u00e1st<\/li>\n<li>1. fokozat: a pontos munk\u00e1hoz<\/li>\n<li>2. fokozat: seg\u00edt megel\u0151zni az anyag k\u00e1rosod\u00e1s\u00e1t<\/li>\n<li>3. fokozat: maxim\u00e1lis teljes\u00edtm\u00e9nyt ny\u00fajt a k\u00fcl\u00f6nb\u00f6z\u0151 alkalmaz\u00e1sok sor\u00e1n<\/li>\n<li>4. fokozat: optim\u00e1lis a prec\u00edz munka \u00e9s a maxim\u00e1lis teljes\u00edtm\u00e9ny k\u00f6z\u00f6tt, automatikusan be\u00e1ll\u00edtja a sebess\u00e9get, \u00fct\u00e9ssz\u00e1mot \u00e9s nyomat\u00e9kot<\/li>\n<li>Milwaukee\u00ae tervez\u00e9s\u0171 \u00e9s kivitelez\u00e9s\u0171 POWERSTATE sz\u00e9nkefe n\u00e9lk\u00fcli motor nagy ig\u00e9nybev\u00e9tel\u0171 alkalmaz\u00e1sokhoz terhel\u00e9s alatt<\/li>\n<li>REDLINK PLUS intelligens elektronika<\/li>\n<li>A REDLITHIUM-ION akkumul\u00e1tor kit\u0171n\u0151 min\u0151s\u00e9g\u0171 konstrukci\u00f3t \u00e9s elektronik\u00e1t k\u00edn\u00e1l, valamint lemer\u00fcl\u00e9s-biztos, \u00edgy hosszabb m\u0171k\u00f6d\u00e9si id\u0151t \u00e9s hosszabb ideig tart\u00f3 munkav\u00e9gz\u00e9st biztos\u00edt az akkumul\u00e1tor \u00e9lettartama alatt<\/li>\n<li>1\/4&#8243; hatsz\u00f6g tokm\u00e1nybefog\u00e1s a gyors \u00e9s a pontos bitcser\u00e9\u00e9rt<\/li>\n<\/ul>\n<h5><strong>M18 FHX Akkus f\u00far\u00f3-v\u00e9s\u0151kalap\u00e1cs:<\/strong><\/h5>\n<ul>\n<li>Az M18 FUEL 26 mm-es SDS Plus forg\u00f3kalap\u00e1cs gyors f\u00far\u00e1st, kem\u00e9ny \u00fct\u00e9si teljes\u00edtm\u00e9nyt \u00e9s maxim\u00e1lis kontrollt biztos\u00edt a munkater\u00fcleten.<\/li>\n<li>A REDLITHIUM akkumul\u00e1tor kit\u0171n\u0151 min\u0151s\u00e9g\u0171 konstrukci\u00f3t \u00e9s elektronik\u00e1t k\u00edn\u00e1l, valamint lemer\u00fcl\u00e9s-biztos, \u00edgy hosszabb m\u0171k\u00f6d\u00e9si id\u0151t \u00e9s hosszabb ideig tart\u00f3 munkav\u00e9gz\u00e9st biztos\u00edt az akkumul\u00e1tor \u00e9lettartama alatt<\/li>\n<li>Sz\u00e9nkefe n\u00e9lk\u00fcli POWERSTATE motor: ak\u00e1r 2x hosszabb motor\u00e9lettartam \u00e9s ak\u00e1r 25%-kal t\u00f6bb er\u0151<\/li>\n<li>REDLINK PLUS intelligens elektronika: a fejlett digit\u00e1lis t\u00falterhel\u00e9sv\u00e9delem az akkumul\u00e1tor \u00e9s a g\u00e9p v\u00e9delm\u00e9\u00e9rt, jav\u00edtja a g\u00e9p teljes\u00edtm\u00e9ny\u00e9t terhel\u00e9s alatt<\/li>\n<li>AUTOSTOP visszar\u00fag\u00e1sg\u00e1tl\u00f3t tartalmaz a maxim\u00e1lis ellen\u0151rz\u00e9s \u00e9s a nagyobb biztons\u00e1g \u00e9rdek\u00e9ben le\u00e1ll\u00edtj\u00e1k a t\u00falzott forg\u00e1st an\u00e9lk\u00fcl, hogy a felhaszn\u00e1l\u00f3nak ki kellene engednie a ravaszt, amit az AUTOSTOP jelz\u0151 LED jelez.<\/li>\n<li>Az anti-vibr\u00e1ci\u00f3s rendszer (AVS) minim\u00e1lisra cs\u00f6kkenti a vibr\u00e1ci\u00f3t a maxim\u00e1lis k\u00e9nyelem \u00e9rdek\u00e9ben, ha hosszabb ideig haszn\u00e1lja.<\/li>\n<li>Be\u00e9p\u00edtett LED l\u00e1mpa a s\u00f6t\u00e9t munkater\u00fcletek megvil\u00e1g\u00edt\u00e1s\u00e1hoz<\/li>\n<\/ul>\n<h5 class=\"hidden-xs\">Milwaukee M18 ONEFSAG125XB-0X sarokcsiszol\u00f3:<\/h5>\n<ul>\n<li>A ONE-KEY eszk\u00f6zk\u00f6vet\u00e9s \u00e9s biztons\u00e1g olyan felh\u0151alap\u00fa k\u00e9szletfel\u00fcgyeleti platformot k\u00edn\u00e1l, mely t\u00e1mogatja a helymeghat\u00e1roz\u00e1st \u00e9s a lop\u00e1s megel\u0151z\u00e9s\u00e9t is.<\/li>\n<li>RAPIDSTOP &#8211; a leggyorsabb csiszol\u00f3korong f\u00e9kez\u00e9s\u00e9rt (le\u00e1ll\u00e1s kevesebb, mint 2,5 m\u00e1sodperc alatt) \u00e9s a legjobb felhaszn\u00e1l\u00f3 v\u00e9delem\u00e9rt.<\/li>\n<li>Kisebb m\u00e9ret\u0171 hajt\u00f3m\u0171h\u00e1z \u00e9s alacsonyabb sz\u00f6g\u0171 akkumul\u00e1tor ny\u00edl\u00e1s &#8211; jobb egyens\u00faly \u00e9s ergon\u00f3mia a kor\u00e1bbi modellhez k\u00e9pest.<\/li>\n<li>Az anti-vibr\u00e1ci\u00f3s p\u00f3tfoganty\u00fa cs\u00f6kkenti a vibr\u00e1ci\u00f3t.<\/li>\n<li>Be\u00e9p\u00edtett FIXTEC rendszer a szersz\u00e1mn\u00e9lk\u00fcli t\u00e1rcsacser\u00e9hez.<\/li>\n<li>Karcs\u00fa foganty\u00fa.<\/li>\n<li>Levehet\u0151 porv\u00e9d\u0151 a porbejut\u00e1s megakad\u00e1lyoz\u00e1s\u00e1ra.<\/li>\n<li>125 mm kulcsn\u00e9lk\u00fcli v\u00e9d\u0151burkolat.<\/li>\n<li>Fesz\u00fclts\u00e9g alatti biztons\u00e1gi rel\u00e9 megakad\u00e1lyozza a g\u00e9p automatikus \u00fajraindul\u00e1s\u00e1t.<\/li>\n<li>H\u00e1rom kiz\u00e1r\u00f3lagos MILWAUKEE\u00ae innov\u00e1ci\u00f3 jellemzi \u2013 a POWERSTATE sz\u00e9nkefe n\u00e9lk\u00fcli motor, a REDLITHIUM-ION akkumul\u00e1tor \u00e9s a REDLINK PLUS intelligencia hardver \u00e9s szoftver \u2013 melyek p\u00e1ratlan teljes\u00edtm\u00e9nyt, m\u0171k\u00f6d\u00e9si id\u0151t \u00e9s tart\u00f3ss\u00e1got biztos\u00edtanak a munkater\u00fcleten.<\/li>\n<li>Rugalmas akkumul\u00e1tor rendszerrel &#8211; MILWAUKEE\u00ae M18 akkumul\u00e1torokkal m\u0171k\u00f6dik.<\/li>\n<\/ul>\n<p>2 db M18 HB5.5 5,0 Ah 18V akkumul\u00e1tor<br \/>\n1 db M18 HB3 3,0 Ah 18V akkumul\u00e1tor<br \/>\n1 db M12-18 FC gyorst\u00f6lt\u0151<br \/>\n1 db PACKOUT t\u00e1rol\u00f3 l\u00e1da<\/p>\n","protected":false},"excerpt":{"rendered":"<p><strong>A k\u00e9szlet tartalma:<\/strong><\/p>\n<ul>\n<li>1 db M18 FPD2 \u00fctvef\u00far\u00f3-csavaroz\u00f3<\/li>\n<li>1 db M18 FID2 \u00fctvecsavaroz\u00f3<\/li>\n<li>1 db M18 FHX 26 mm 4 fokozat\u00fa SDS-Plus kalap\u00e1cs<\/li>\n<li>1 db M18 ONEFSAG125XB FUEL ONE-KEY sarokcsiszol\u00f3 125 mm cs\u00fasztathat\u00f3 kapcsol\u00f3val<\/li>\n<li>2 db M18 HB5.5 5,0 Ah 18V akkumul\u00e1tor<\/li>\n<li>1 db M18 HB3 3,0 Ah 18V akkumul\u00e1tor<\/li>\n<li>1 db M12-18 FC gyorst\u00f6lt\u0151<\/li>\n<li>1 db PACKOUT t\u00e1rol\u00f3 l\u00e1da<\/li>\n<\/ul>\n","protected":false},"featured_media":3061,"template":"","meta":[],"product_cat":[165,171,230,59,228,89],"product_tag":[],"class_list":["post-2051","product","type-product","status-publish","has-post-thumbnail","hentry","product_cat-akkumulatoros-gepek","product_cat-akkus-erocsomagok","product_cat-m18-rendszer","product_cat-milwaukee","product_cat-rendszer","product_cat-termekek"],"yoast_head":"<!-- This site is optimized with the Yoast SEO Premium plugin v21.3 (Yoast SEO v21.3) - https:\/\/yoast.com\/wordpress\/plugins\/seo\/ -->\n<title>MILWAUKEE M18 FPP4B2-533P AKKUS ER\u0150CSOMAG 18V 2X5,5 Ah+1x3,0 Ah (4933479536) - Eurosmart - Milwaukee web\u00e1ruh\u00e1z<\/title>\n<meta name=\"robots\" content=\"index, follow, max-snippet:-1, max-image-preview:large, max-video-preview:-1\" \/>\n<link rel=\"canonical\" href=\"https:\/\/www.eurosmart.hu\/shop\/index.php\/termek\/milwaukee-m18-fpp4b2-533p-akkus-erocsomag-18v-2x55-ah1x30-ah-4933479536\/\" \/>\n<meta property=\"og:locale\" content=\"hu_HU\" \/>\n<meta property=\"og:type\" content=\"article\" \/>\n<meta property=\"og:title\" content=\"MILWAUKEE M18 FPP4B2-533P AKKUS ER\u0150CSOMAG 18V 2X5,5 Ah+1x3,0 Ah (4933479536)\" \/>\n<meta property=\"og:description\" content=\"A k\u00e9szlet tartalma:   1 db M18 FPD2 \u00fctvef\u00far\u00f3-csavaroz\u00f3  1 db M18 FID2 \u00fctvecsavaroz\u00f3  1 db M18 FHX 26 mm 4 fokozat\u00fa SDS-Plus kalap\u00e1cs  1 db M18 ONEFSAG125XB FUEL ONE-KEY sarokcsiszol\u00f3 125 mm cs\u00fasztathat\u00f3 kapcsol\u00f3val  2 db M18 HB5.5 5,0 Ah 18V akkumul\u00e1tor  1 db M18 HB3 3,0 Ah 18V akkumul\u00e1tor  1 db M12-18 FC gyorst\u00f6lt\u0151  1 db PACKOUT t\u00e1rol\u00f3 l\u00e1da\" \/>\n<meta property=\"og:url\" content=\"https:\/\/www.eurosmart.hu\/shop\/index.php\/termek\/milwaukee-m18-fpp4b2-533p-akkus-erocsomag-18v-2x55-ah1x30-ah-4933479536\/\" \/>\n<meta property=\"og:site_name\" content=\"Eurosmart - Milwaukee web\u00e1ruh\u00e1z\" \/>\n<meta property=\"article:publisher\" content=\"https:\/\/www.facebook.com\/EurosmartKft\" \/>\n<meta property=\"article:modified_time\" content=\"2023-10-05T07:49:39+00:00\" \/>\n<meta property=\"og:image\" content=\"https:\/\/www.eurosmart.hu\/shop\/wp-content\/uploads\/2023\/09\/4933479536.jpg\" \/>\n\t<meta property=\"og:image:width\" content=\"1000\" \/>\n\t<meta property=\"og:image:height\" content=\"1000\" \/>\n\t<meta property=\"og:image:type\" content=\"image\/jpeg\" \/>\n<meta name=\"twitter:card\" content=\"summary_large_image\" \/>\n<meta name=\"twitter:label1\" content=\"Price\" \/>\n\t<meta name=\"twitter:data1\" content=\"\" \/>\n\t<meta name=\"twitter:label2\" content=\"Availability\" \/>\n\t<meta name=\"twitter:data2\" content=\"In stock\" \/>\n<script type=\"application\/ld+json\" class=\"yoast-schema-graph\">{\"@context\":\"https:\/\/schema.org\",\"@graph\":[{\"@type\":\"WebPage\",\"@id\":\"https:\/\/www.eurosmart.hu\/shop\/index.php\/termek\/milwaukee-m18-fpp4b2-533p-akkus-erocsomag-18v-2x55-ah1x30-ah-4933479536\/\",\"url\":\"https:\/\/www.eurosmart.hu\/shop\/index.php\/termek\/milwaukee-m18-fpp4b2-533p-akkus-erocsomag-18v-2x55-ah1x30-ah-4933479536\/\",\"name\":\"MILWAUKEE M18 FPP4B2-533P AKKUS ER\u0150CSOMAG 18V 2X5,5 Ah+1x3,0 Ah (4933479536) - Eurosmart - Milwaukee web\u00e1ruh\u00e1z\",\"isPartOf\":{\"@id\":\"https:\/\/www.eurosmart.hu\/shop\/#website\"},\"datePublished\":\"2023-09-12T11:49:58+00:00\",\"dateModified\":\"2023-10-05T07:49:39+00:00\",\"breadcrumb\":{\"@id\":\"https:\/\/www.eurosmart.hu\/shop\/index.php\/termek\/milwaukee-m18-fpp4b2-533p-akkus-erocsomag-18v-2x55-ah1x30-ah-4933479536\/#breadcrumb\"},\"inLanguage\":\"hu\",\"potentialAction\":[{\"@type\":\"ReadAction\",\"target\":[\"https:\/\/www.eurosmart.hu\/shop\/index.php\/termek\/milwaukee-m18-fpp4b2-533p-akkus-erocsomag-18v-2x55-ah1x30-ah-4933479536\/\"]}]},{\"@type\":\"BreadcrumbList\",\"@id\":\"https:\/\/www.eurosmart.hu\/shop\/index.php\/termek\/milwaukee-m18-fpp4b2-533p-akkus-erocsomag-18v-2x55-ah1x30-ah-4933479536\/#breadcrumb\",\"itemListElement\":[{\"@type\":\"ListItem\",\"position\":1,\"name\":\"Kezd\u0151lap\",\"item\":\"https:\/\/www.eurosmart.hu\/shop\/\"},{\"@type\":\"ListItem\",\"position\":2,\"name\":\"Term\u00e9keink\",\"item\":\"https:\/\/www.eurosmart.hu\/shop\/index.php\/uzlet\/\"},{\"@type\":\"ListItem\",\"position\":3,\"name\":\"MILWAUKEE M18 FPP4B2-533P AKKUS ER\u0150CSOMAG 18V 2X5,5 Ah+1&#215;3,0 Ah (4933479536)\"}]},{\"@type\":\"WebSite\",\"@id\":\"https:\/\/www.eurosmart.hu\/shop\/#website\",\"url\":\"https:\/\/www.eurosmart.hu\/shop\/\",\"name\":\"Eurosmart - Milwaukee web\u00e1ruh\u00e1z\",\"description\":\"Milwaukee web\u00e1ruh\u00e1z\",\"publisher\":{\"@id\":\"https:\/\/www.eurosmart.hu\/shop\/#organization\"},\"potentialAction\":[{\"@type\":\"SearchAction\",\"target\":{\"@type\":\"EntryPoint\",\"urlTemplate\":\"https:\/\/www.eurosmart.hu\/shop\/?s={search_term_string}\"},\"query-input\":\"required name=search_term_string\"}],\"inLanguage\":\"hu\"},{\"@type\":\"Organization\",\"@id\":\"https:\/\/www.eurosmart.hu\/shop\/#organization\",\"name\":\"Eurosmart - Milwaukee web\u00e1ruh\u00e1z\",\"url\":\"https:\/\/www.eurosmart.hu\/shop\/\",\"logo\":{\"@type\":\"ImageObject\",\"inLanguage\":\"hu\",\"@id\":\"https:\/\/www.eurosmart.hu\/shop\/#\/schema\/logo\/image\/\",\"url\":\"https:\/\/www.eurosmart.hu\/shop\/wp-content\/uploads\/2023\/10\/milwaukee-logo-1.png\",\"contentUrl\":\"https:\/\/www.eurosmart.hu\/shop\/wp-content\/uploads\/2023\/10\/milwaukee-logo-1.png\",\"width\":500,\"height\":200,\"caption\":\"Eurosmart - Milwaukee web\u00e1ruh\u00e1z\"},\"image\":{\"@id\":\"https:\/\/www.eurosmart.hu\/shop\/#\/schema\/logo\/image\/\"},\"sameAs\":[\"https:\/\/www.facebook.com\/EurosmartKft\"]}]}<\/script>\n<meta property=\"product:price:amount\" content=\"0\" \/>\n<meta property=\"product:price:currency\" content=\"HUF\" \/>\n<meta property=\"og:availability\" content=\"instock\" \/>\n<meta property=\"product:availability\" content=\"instock\" \/>\n<meta property=\"product:retailer_item_id\" content=\"4933479536\" \/>\n<meta property=\"product:condition\" content=\"new\" \/>\n<!-- \/ Yoast SEO Premium plugin. -->","yoast_head_json":{"title":"MILWAUKEE M18 FPP4B2-533P AKKUS ER\u0150CSOMAG 18V 2X5,5 Ah+1x3,0 Ah (4933479536) - Eurosmart - Milwaukee web\u00e1ruh\u00e1z","robots":{"index":"index","follow":"follow","max-snippet":"max-snippet:-1","max-image-preview":"max-image-preview:large","max-video-preview":"max-video-preview:-1"},"canonical":"https:\/\/www.eurosmart.hu\/shop\/index.php\/termek\/milwaukee-m18-fpp4b2-533p-akkus-erocsomag-18v-2x55-ah1x30-ah-4933479536\/","og_locale":"hu_HU","og_type":"article","og_title":"MILWAUKEE M18 FPP4B2-533P AKKUS ER\u0150CSOMAG 18V 2X5,5 Ah+1x3,0 Ah (4933479536)","og_description":"A k\u00e9szlet tartalma:   1 db M18 FPD2 \u00fctvef\u00far\u00f3-csavaroz\u00f3  1 db M18 FID2 \u00fctvecsavaroz\u00f3  1 db M18 FHX 26 mm 4 fokozat\u00fa SDS-Plus kalap\u00e1cs  1 db M18 ONEFSAG125XB FUEL ONE-KEY sarokcsiszol\u00f3 125 mm cs\u00fasztathat\u00f3 kapcsol\u00f3val  2 db M18 HB5.5 5,0 Ah 18V akkumul\u00e1tor  1 db M18 HB3 3,0 Ah 18V akkumul\u00e1tor  1 db M12-18 FC gyorst\u00f6lt\u0151  1 db PACKOUT t\u00e1rol\u00f3 l\u00e1da","og_url":"https:\/\/www.eurosmart.hu\/shop\/index.php\/termek\/milwaukee-m18-fpp4b2-533p-akkus-erocsomag-18v-2x55-ah1x30-ah-4933479536\/","og_site_name":"Eurosmart - Milwaukee web\u00e1ruh\u00e1z","article_publisher":"https:\/\/www.facebook.com\/EurosmartKft","article_modified_time":"2023-10-05T07:49:39+00:00","og_image":[{"width":1000,"height":1000,"url":"https:\/\/www.eurosmart.hu\/shop\/wp-content\/uploads\/2023\/09\/4933479536.jpg","type":"image\/jpeg"}],"twitter_card":"summary_large_image","twitter_misc":{"Price":"","Availability":"In stock"},"schema":{"@context":"https:\/\/schema.org","@graph":[{"@type":"WebPage","@id":"https:\/\/www.eurosmart.hu\/shop\/index.php\/termek\/milwaukee-m18-fpp4b2-533p-akkus-erocsomag-18v-2x55-ah1x30-ah-4933479536\/","url":"https:\/\/www.eurosmart.hu\/shop\/index.php\/termek\/milwaukee-m18-fpp4b2-533p-akkus-erocsomag-18v-2x55-ah1x30-ah-4933479536\/","name":"MILWAUKEE M18 FPP4B2-533P AKKUS ER\u0150CSOMAG 18V 2X5,5 Ah+1x3,0 Ah (4933479536) - Eurosmart - Milwaukee web\u00e1ruh\u00e1z","isPartOf":{"@id":"https:\/\/www.eurosmart.hu\/shop\/#website"},"datePublished":"2023-09-12T11:49:58+00:00","dateModified":"2023-10-05T07:49:39+00:00","breadcrumb":{"@id":"https:\/\/www.eurosmart.hu\/shop\/index.php\/termek\/milwaukee-m18-fpp4b2-533p-akkus-erocsomag-18v-2x55-ah1x30-ah-4933479536\/#breadcrumb"},"inLanguage":"hu","potentialAction":[{"@type":"ReadAction","target":["https:\/\/www.eurosmart.hu\/shop\/index.php\/termek\/milwaukee-m18-fpp4b2-533p-akkus-erocsomag-18v-2x55-ah1x30-ah-4933479536\/"]}]},{"@type":"BreadcrumbList","@id":"https:\/\/www.eurosmart.hu\/shop\/index.php\/termek\/milwaukee-m18-fpp4b2-533p-akkus-erocsomag-18v-2x55-ah1x30-ah-4933479536\/#breadcrumb","itemListElement":[{"@type":"ListItem","position":1,"name":"Kezd\u0151lap","item":"https:\/\/www.eurosmart.hu\/shop\/"},{"@type":"ListItem","position":2,"name":"Term\u00e9keink","item":"https:\/\/www.eurosmart.hu\/shop\/index.php\/uzlet\/"},{"@type":"ListItem","position":3,"name":"MILWAUKEE M18 FPP4B2-533P AKKUS ER\u0150CSOMAG 18V 2X5,5 Ah+1&#215;3,0 Ah (4933479536)"}]},{"@type":"WebSite","@id":"https:\/\/www.eurosmart.hu\/shop\/#website","url":"https:\/\/www.eurosmart.hu\/shop\/","name":"Eurosmart - Milwaukee web\u00e1ruh\u00e1z","description":"Milwaukee web\u00e1ruh\u00e1z","publisher":{"@id":"https:\/\/www.eurosmart.hu\/shop\/#organization"},"potentialAction":[{"@type":"SearchAction","target":{"@type":"EntryPoint","urlTemplate":"https:\/\/www.eurosmart.hu\/shop\/?s={search_term_string}"},"query-input":"required name=search_term_string"}],"inLanguage":"hu"},{"@type":"Organization","@id":"https:\/\/www.eurosmart.hu\/shop\/#organization","name":"Eurosmart - Milwaukee web\u00e1ruh\u00e1z","url":"https:\/\/www.eurosmart.hu\/shop\/","logo":{"@type":"ImageObject","inLanguage":"hu","@id":"https:\/\/www.eurosmart.hu\/shop\/#\/schema\/logo\/image\/","url":"https:\/\/www.eurosmart.hu\/shop\/wp-content\/uploads\/2023\/10\/milwaukee-logo-1.png","contentUrl":"https:\/\/www.eurosmart.hu\/shop\/wp-content\/uploads\/2023\/10\/milwaukee-logo-1.png","width":500,"height":200,"caption":"Eurosmart - Milwaukee web\u00e1ruh\u00e1z"},"image":{"@id":"https:\/\/www.eurosmart.hu\/shop\/#\/schema\/logo\/image\/"},"sameAs":["https:\/\/www.facebook.com\/EurosmartKft"]}]},"product_price_currency":"HUF","og_availability":"instock","product_availability":"instock","product_retailer_item_id":"4933479536","product_condition":"new"},"_links":{"self":[{"href":"https:\/\/www.eurosmart.hu\/shop\/index.php\/wp-json\/wp\/v2\/product\/2051","targetHints":{"allow":["GET"]}}],"collection":[{"href":"https:\/\/www.eurosmart.hu\/shop\/index.php\/wp-json\/wp\/v2\/product"}],"about":[{"href":"https:\/\/www.eurosmart.hu\/shop\/index.php\/wp-json\/wp\/v2\/types\/product"}],"wp:featuredmedia":[{"embeddable":true,"href":"https:\/\/www.eurosmart.hu\/shop\/index.php\/wp-json\/wp\/v2\/media\/3061"}],"wp:attachment":[{"href":"https:\/\/www.eurosmart.hu\/shop\/index.php\/wp-json\/wp\/v2\/media?parent=2051"}],"wp:term":[{"taxonomy":"product_cat","embeddable":true,"href":"https:\/\/www.eurosmart.hu\/shop\/index.php\/wp-json\/wp\/v2\/product_cat?post=2051"},{"taxonomy":"product_tag","embeddable":true,"href":"https:\/\/www.eurosmart.hu\/shop\/index.php\/wp-json\/wp\/v2\/product_tag?post=2051"}],"curies":[{"name":"wp","href":"https:\/\/api.w.org\/{rel}","templated":true}]}}