{"id":2049,"date":"2023-09-12T11:24:57","date_gmt":"2023-09-12T11:24:57","guid":{"rendered":"https:\/\/www.eurosmart.hu\/shop\/?post_type=product&#038;p=2049"},"modified":"2023-10-24T06:24:41","modified_gmt":"2023-10-24T06:24:41","slug":"milwaukee-m18-fpp4a2-553p-akkus-erocsomag-3x55-ah-4933479535","status":"publish","type":"product","link":"https:\/\/www.eurosmart.hu\/shop\/index.php\/termek\/milwaukee-m18-fpp4a2-553p-akkus-erocsomag-3x55-ah-4933479535\/","title":{"rendered":"MILWAUKEE M18 FPP4A2-553P AKKUS ER\u0150CSOMAG 18V 3X5,5 Ah (4933479535)"},"content":{"rendered":"<h5 class=\"ProductDetailsContentstyles__H3-x8zwy7-4 ewImKb\">M18 FPD2 &#8211; M18 FUEL\u2122 \u00dcTVEF\u00daR\u00d3-CSAVAROZ\u00d3<\/h5>\n<ul>\n<li class=\"ProductFeaturesTextstyles__Feature-fxqvf2-3 ggyeUS\">Nagyobb teljes\u00edtm\u00e9ny terhel\u00e9s alatt &#8211; p\u00e1ratlan 135 Nm nyomat\u00e9k<\/li>\n<li class=\"ProductFeaturesTextstyles__Feature-fxqvf2-3 ggyeUS\">Extr\u00e9m kompakt kialak\u00edt\u00e1s &#8211; 175 mm hossz\u00fa a sz\u0171k helyeken val\u00f3 hozz\u00e1f\u00e9r\u00e9s\u00e9rt<\/li>\n<li class=\"ProductFeaturesTextstyles__Feature-fxqvf2-3 ggyeUS\">Tov\u00e1bbfejlesztett heavy duty tokm\u00e1ny amely jav\u00edtja a bit-befog\u00e1st<\/li>\n<li class=\"ProductFeaturesTextstyles__Feature-fxqvf2-3 ggyeUS\">Sz\u00e9nkefe n\u00e9lk\u00fcli POWERSTATE\u2122motor nagy ig\u00e9nybev\u00e9tel\u0171 alkalmaz\u00e1sokhoz terhel\u00e9s alatt<\/li>\n<li class=\"ProductFeaturesTextstyles__Feature-fxqvf2-3 ggyeUS\">13 mm f\u00e9m tokm\u00e1ny a gyors bit cser\u00e9\u00e9rt \u00e9s befog\u00e1s\u00e9rt<\/li>\n<li class=\"ProductFeaturesTextstyles__Feature-fxqvf2-3 ggyeUS\">A REDLITHIUM\u2122 akkumul\u00e1tor kit\u0171n\u0151 min\u0151s\u00e9g\u0171 konstrukci\u00f3t \u00e9s elektronik\u00e1t k\u00edn\u00e1l, valamint lemer\u00fcl\u00e9s-biztos, \u00edgy hosszabb m\u0171k\u00f6d\u00e9si id\u0151t \u00e9s hosszabb ideig tart\u00f3 munkav\u00e9gz\u00e9st biztos\u00edt az akkumul\u00e1tor \u00e9lettartama alatt<\/li>\n<li class=\"ProductFeaturesTextstyles__Feature-fxqvf2-3 ggyeUS\">Egyedi akkumul\u00e1tor cellafigyel\u0151 optimaliz\u00e1lja a m\u0171k\u00f6d\u00e9si id\u0151t \u00e9s biztos\u00edtja az akkumul\u00e1tor tart\u00f3ss\u00e1g\u00e1t<\/li>\n<li class=\"ProductFeaturesTextstyles__Feature-fxqvf2-3 ggyeUS\">T\u00f6lt\u00e9sszintjelz\u0151 kimutatja az akkumul\u00e1tor t\u00f6lt\u00f6tts\u00e9gi szintj\u00e9t<\/li>\n<li class=\"ProductFeaturesTextstyles__Feature-fxqvf2-3 ggyeUS\">40 sz\u00e1zal\u00e9kkal vil\u00e1gosabb LED munkater\u00fcleti megvil\u00e1g\u00edt\u00e1s &#8211; a kor\u00e1bbi modellhez k\u00e9pest<\/li>\n<li class=\"ProductFeaturesTextstyles__Feature-fxqvf2-3 ggyeUS\">Teljesen f\u00e9m megford\u00edthat\u00f3 \u00f6vcsat &#8211; gyors \u00e9s k\u00f6nny\u0171 szersz\u00e1m t\u00e1rol\u00e1s<\/li>\n<li class=\"ProductFeaturesTextstyles__Feature-fxqvf2-3 ggyeUS\">Rugalmas akkumul\u00e1tor rendszerrel &#8211; MILWAUKEE\u00ae\u00a0<a href=\"https:\/\/hu.milwaukeetool.eu\/systems\/m18\/\">M18\u2122<\/a>\u00a0akkumul\u00e1torokkal m\u0171k\u00f6dik<\/li>\n<\/ul>\n<h5 class=\"ProductDetailsContentstyles__H3-x8zwy7-4 ewImKb\">M18 FHX &#8211; M18 FUEL\u2122 4 FOKOZAT\u00da 26 MM SDS-PLUS KALAP\u00c1CS FIXTEC\u2122 TOKM\u00c1NNYAL<\/h5>\n<ul class=\"ProductFeaturesTextstyles__FeatureList-fxqvf2-1 dUrrwH\">\n<li class=\"ProductFeaturesTextstyles__Feature-fxqvf2-3 ggyeUS\">Kateg\u00f3ri\u00e1j\u00e1ban a leggyorsabb f\u00far\u00f3kalap\u00e1cs, amely n\u00f6veli a termel\u00e9kenys\u00e9get<\/li>\n<li class=\"ProductFeaturesTextstyles__Feature-fxqvf2-3 ggyeUS\">Er\u0151teljes \u00fct\u0151mechanizmus 2,5 J \u00fct\u0151energi\u00e1t szolg\u00e1ltat alacsony 12,9 m\/s\u00b2 vibr\u00e1ci\u00f3 szint mellett<\/li>\n<li class=\"ProductFeaturesTextstyles__Feature-fxqvf2-3 ggyeUS\">Ak\u00e1r 125 furat \u230010 x 50 mm m\u00e9retben\u00a0<a href=\"https:\/\/hu.milwaukeetool.eu\/systems\/m18\/\">M18\u2122<\/a>\u00a0HIGH OUTPUT\u2122 5.5 Ah akkumul\u00e1torral<\/li>\n<li class=\"ProductFeaturesTextstyles__Feature-fxqvf2-3 ggyeUS\">Az AUTOSTOP\u2122 a felhaszn\u00e1l\u00f3 biztons\u00e1ga \u00e9rdek\u00e9ben kikapcsolja a szersz\u00e1mot, ha hirtelen elmozdul<\/li>\n<li class=\"ProductFeaturesTextstyles__Feature-fxqvf2-3 ggyeUS\">FIXTEC\u2122 rendszer &#8211; kulcsn\u00e9lk\u00fcli tokm\u00e1nycsere<\/li>\n<li class=\"ProductFeaturesTextstyles__Feature-fxqvf2-3 ggyeUS\">Teljesen f\u00e9m hajt\u00f3m\u0171h\u00e1z &#8211; a fogaskerekek optim\u00e1lis felfekv\u00e9se<\/li>\n<li class=\"ProductFeaturesTextstyles__Feature-fxqvf2-3 ggyeUS\">4 fokozat\u00fa \u00fczemm\u00f3d kapcsol\u00f3: f\u00far\u00e1s, \u00fctvef\u00far\u00e1s, csavaroz\u00e1s \u00e9s forg\u00e1smeg\u00e1ll\u00edt\u00e1s a maxim\u00e1lis sokoldal\u00fas\u00e1g\u00e9rt<\/li>\n<li class=\"ProductFeaturesTextstyles__Feature-fxqvf2-3 ggyeUS\">Kompatibilis az\u00a0<a href=\"https:\/\/hu.milwaukeetool.eu\/hu-hu\/m18-kompakt-porelszivo-26-mm-es-sds-plus-kalapacsokhoz\/m18-fcddexl\/\">M18 FCDDEXL<\/a>\u00a0vagy\u00a0<a href=\"https:\/\/hu.milwaukeetool.eu\/hu-hu\/m18-porelszivo-autopulse-funkcioval,-26-mm-es-sds-plus-kalapacsokhoz\/m18-fddexl\/\">M18 FDDEXL<\/a>\u00a0porelsz\u00edv\u00f3val<\/li>\n<li class=\"ProductFeaturesTextstyles__Feature-fxqvf2-3 ggyeUS\">FUEL\u2122 platformunk DNS-e \u00fajradefini\u00e1lja a vezet\u00e9k n\u00e9lk\u00fcli technol\u00f3gia egyens\u00faly\u00e1t. A MILWAUKEE\u00ae POWERSTATE\u2122 sz\u00e9nkefe n\u00e9lk\u00fcli motor, REDLITHIUM\u2122 akkumul\u00e1tor \u00e9s REDLINK PLUS\u2122 intelligens elektronika p\u00e1ratlan teljes\u00edtm\u00e9nyt, \u00fczemid\u0151t \u00e9s tart\u00f3ss\u00e1got biztos\u00edt.<\/li>\n<li class=\"ProductFeaturesTextstyles__Feature-fxqvf2-3 ggyeUS\">A HIGH OUTPUT\u2122 rendszer \u00faj szintre emeli az\u00a0<a href=\"https:\/\/hu.milwaukeetool.eu\/systems\/m18\/fuel\/\">M18 FUEL\u2122<\/a>\u00a0technol\u00f3gi\u00e1t, \u00e9s n\u00f6veli a termel\u00e9kenys\u00e9get \u00e9s meghosszabb\u00edtja az \u00fczemid\u0151t. Ezeket az eszk\u00f6z\u00f6ket \u00fagy tervezt\u00e9k, hogy maxim\u00e1lisan kompatibilisek legyenek<\/li>\n<\/ul>\n<h5 class=\"ProductDetailsContentstyles__H3-x8zwy7-4 ewImKb\">M18 FSAG125X &#8211; M18 FUEL\u2122 125 MM SAROKCSISZOL\u00d3 CS\u00daSZTATHAT\u00d3 KAPCSOL\u00d3VAL<\/h5>\n<ul class=\"ProductFeaturesTextstyles__FeatureList-fxqvf2-1 dUrrwH\">\n<li class=\"ProductFeaturesTextstyles__Feature-fxqvf2-3 ggyeUS\">Vezet\u00e9kes teljes\u00edtm\u00e9nyt ny\u00fajt, hasonl\u00f3an az 1200 wattos sarokcsiszol\u00f3hoz<\/li>\n<li class=\"ProductFeaturesTextstyles__Feature-fxqvf2-3 ggyeUS\">Kisebb m\u00e9ret\u0171 hajt\u00f3m\u0171h\u00e1z \u00e9s alacsonyabb sz\u00f6g\u0171 akkumul\u00e1tor ny\u00edl\u00e1s &#8211; jobb egyens\u00faly \u00e9s ergon\u00f3mia a kor\u00e1bbi modellhez k\u00e9pest<\/li>\n<li class=\"ProductFeaturesTextstyles__Feature-fxqvf2-3 ggyeUS\">Az anti-vibr\u00e1ci\u00f3s p\u00f3tfoganty\u00fa cs\u00f6kkenti a vibr\u00e1ci\u00f3t \u00e9s n\u00f6veli a munkav\u00e9gz\u00e9s k\u00e9nyelm\u00e9t<\/li>\n<li class=\"ProductFeaturesTextstyles__Feature-fxqvf2-3 ggyeUS\">Be\u00e9p\u00edtett FIXTEC\u2122 rendszer a szersz\u00e1mn\u00e9lk\u00fcli t\u00e1rcsacser\u00e9hez<\/li>\n<li class=\"ProductFeaturesTextstyles__Feature-fxqvf2-3 ggyeUS\">Karcs\u00fa foganty\u00fa<\/li>\n<li class=\"ProductFeaturesTextstyles__Feature-fxqvf2-3 ggyeUS\">Levehet\u0151 porv\u00e9d\u0151 a porbejut\u00e1s megakad\u00e1lyoz\u00e1s\u00e1ra<\/li>\n<li class=\"ProductFeaturesTextstyles__Feature-fxqvf2-3 ggyeUS\">125 mm kulcsn\u00e9lk\u00fcli v\u00e9d\u0151burkolat<\/li>\n<li class=\"ProductFeaturesTextstyles__Feature-fxqvf2-3 ggyeUS\">Fesz\u00fclts\u00e9g alatti biztons\u00e1gi rel\u00e9 megakad\u00e1lyozza a g\u00e9p automatikus \u00fajraindul\u00e1s\u00e1t<\/li>\n<li class=\"ProductFeaturesTextstyles__Feature-fxqvf2-3 ggyeUS\">FUEL\u2122 platformunk DNS-e \u00fajradefini\u00e1lja a vezet\u00e9k n\u00e9lk\u00fcli technol\u00f3gia egyens\u00faly\u00e1t. A MILWAUKEE\u00ae POWERSTATE\u2122 sz\u00e9nkefe n\u00e9lk\u00fcli motor, REDLITHIUM\u2122 akkumul\u00e1tor \u00e9s REDLINK PLUS\u2122 intelligens elektronika p\u00e1ratlan teljes\u00edtm\u00e9nyt, \u00fczemid\u0151t \u00e9s tart\u00f3ss\u00e1got biztos\u00edt.<\/li>\n<li class=\"ProductFeaturesTextstyles__Feature-fxqvf2-3 ggyeUS\">Rugalmas akkumul\u00e1tor rendszerrel &#8211; MILWAUKEE\u00ae\u00a0<a href=\"https:\/\/hu.milwaukeetool.eu\/systems\/m18\/\">M18\u2122<\/a>\u00a0akkumul\u00e1torokkal m\u0171k\u00f6dik<\/li>\n<\/ul>\n<h5>M18 FMTIW2F12 &#8211; M18 FUEL\u2122 1\/2\u2033 K\u00d6ZEPES NYOMAT\u00c9K\u00da \u00dcTVECSAVAROZ\u00d3 BIZTOS\u00cdT\u00d3GY\u0170R\u0170VEL<\/h5>\n<ul>\n<li>A MILWAUKEE legsokoldal\u00fabb, vezet\u00e9k n\u00e9lk\u00fcli \u00fctvecsavaroz\u00f3ja 881 Nm dug\u00f3kulcsra hat\u00f3 nyomat\u00e9kkal \u00e9s 745 Nm r\u00f6gz\u00edt\u0151 nyomat\u00e9kkal rendelkezik.<\/li>\n<li>Hihetetlen\u00fcl kompakt diz\u00e1jn ezen a teljes\u00edtm\u00e9nyszinten, a 152 mm teljes hossz\u00fas\u00e1g pedig ide\u00e1lis a sz\u0171k helyeken val\u00f3 alkalmaz\u00e1shoz<\/li>\n<li>A 4 fokozat\u00fa DRIVE CONTROL lehet\u0151v\u00e9 teszi a felhaszn\u00e1l\u00f3 sz\u00e1m\u00e1ra a k\u00fcl\u00f6nb\u00f6z\u0151 fordulatsz\u00e1mok k\u00f6z\u00f6tti v\u00e1lt\u00e1st \u00e9s a nyomat\u00e9k\u00e1ll\u00edt\u00e1st<\/li>\n<li>A csavarelt\u00e1vol\u00edt\u00f3 vez\u00e9rl\u00e9s teljes nyomat\u00e9kot biztos\u00edt, majd cs\u00f6kkenti a percenk\u00e9nti fordulatsz\u00e1mot, amint a csavart meglaz\u00edtotta, hogy megel\u0151zze a r\u00f6gz\u00edt\u0151 lees\u00e9s\u00e9t<\/li>\n<li>Az automatikus kikapcsol\u00e1s vez\u00e9rl\u00e9s legfeljebb 47 Nm nyomat\u00e9kot haszn\u00e1l a k\u00e9zzel t\u00f6rt\u00e9n\u0151 megszor\u00edt\u00e1shoz a t\u00falh\u00faz\u00e1s megel\u0151z\u00e9se c\u00e9lj\u00e1b\u00f3l<\/li>\n<li>A h\u00e1rom LED nagy felbont\u00e1s\u00fa megvil\u00e1g\u00edt\u00e1st biztos\u00edt a munkater\u00fclet l\u00e1that\u00f3s\u00e1g\u00e1nak fokoz\u00e1sa \u00e9rdek\u00e9ben<\/li>\n<li>1\/2 n\u00e9gysz\u00f6g biztos\u00edt\u00f3gy\u0171r\u0171<\/li>\n<li>\u00c1ll\u00edthat\u00f3 \u00f6vcsipesz<\/li>\n<li>H\u00e1rom kiz\u00e1r\u00f3lagos MILWAUKEE innov\u00e1ci\u00f3 jellemzi &#8211; a POWERSTATE sz\u00e9nkefe n\u00e9lk\u00fcli motor, a REDLITHIUM akkumul\u00e1tor \u00e9s a REDLINK PLUS intelligencia hardver \u00e9s szoftver &#8211; melyek p\u00e1ratlan teljes\u00edtm\u00e9nyt, m\u0171k\u00f6d\u00e9si id\u0151t \u00e9s tart\u00f3ss\u00e1got biztos\u00edtanak a munkater\u00fcleten<\/li>\n<li>Rugalmas akkumul\u00e1tor rendszerrel &#8211; MILWAUKEE M18 akkumul\u00e1torokkal m\u0171k\u00f6dik<\/li>\n<\/ul>\n<p>3 db M18 HB5.5 5,5Ah 18V akkumul\u00e1tor<br \/>\n1 db M12-18 FC gyorst\u00f6lt\u0151<br \/>\n1 db PACKOUT t\u00e1rol\u00f3l\u00e1da<\/p>\n","protected":false},"excerpt":{"rendered":"<p><strong>A k\u00e9szlet tartalma:<\/strong><\/p>\n<ul>\n<li>1 db M18 FPD2 &#8211; M18 FUEL\u2122 \u00dcTVEF\u00daR\u00d3-CSAVAROZ\u00d3<\/li>\n<li>1 db M18 FHX &#8211; M18 FUEL\u2122 4 FOKOZAT\u00da 26 MM SDS-PLUS KALAP\u00c1CS<\/li>\n<li>1 db M18 FSAG125X &#8211; M18 FUEL\u2122 125 MM SAROKCSISZOL\u00d3<\/li>\n<li>1 db M18 FMTIW2F12 &#8211; M18 FUEL\u2122 1\/2\u2033 K\u00d6ZEPES NYOMAT\u00c9K\u00da \u00dcTVECSAVAROZ\u00d3<\/li>\n<li>3 db M18 HB5.5 5,5 Ah 18V akkumul\u00e1tor<\/li>\n<li>1 db M12-18 FC gyorst\u00f6lt\u0151<\/li>\n<li>1 db PACKOUT t\u00e1rol\u00f3l\u00e1da<\/li>\n<\/ul>\n","protected":false},"featured_media":3060,"template":"","meta":[],"product_cat":[165,171,230,59,228,89],"product_tag":[],"class_list":["post-2049","product","type-product","status-publish","has-post-thumbnail","hentry","product_cat-akkumulatoros-gepek","product_cat-akkus-erocsomagok","product_cat-m18-rendszer","product_cat-milwaukee","product_cat-rendszer","product_cat-termekek"],"yoast_head":"<!-- This site is optimized with the Yoast SEO Premium plugin v21.3 (Yoast SEO v21.3) - https:\/\/yoast.com\/wordpress\/plugins\/seo\/ -->\n<title>MILWAUKEE M18 FPP4A2-553P AKKUS ER\u0150CSOMAG 18V 3X5,5 Ah (4933479535) - Eurosmart - Milwaukee web\u00e1ruh\u00e1z<\/title>\n<meta name=\"robots\" content=\"index, follow, max-snippet:-1, max-image-preview:large, max-video-preview:-1\" \/>\n<link rel=\"canonical\" href=\"https:\/\/www.eurosmart.hu\/shop\/index.php\/termek\/milwaukee-m18-fpp4a2-553p-akkus-erocsomag-3x55-ah-4933479535\/\" \/>\n<meta property=\"og:locale\" content=\"hu_HU\" \/>\n<meta property=\"og:type\" content=\"article\" \/>\n<meta property=\"og:title\" content=\"MILWAUKEE M18 FPP4A2-553P AKKUS ER\u0150CSOMAG 18V 3X5,5 Ah (4933479535)\" \/>\n<meta property=\"og:description\" content=\"A k\u00e9szlet tartalma:   1 db M18 FPD2 - M18 FUEL\u2122 \u00dcTVEF\u00daR\u00d3-CSAVAROZ\u00d3  1 db M18 FHX - M18 FUEL\u2122 4 FOKOZAT\u00da 26 MM SDS-PLUS KALAP\u00c1CS  1 db M18 FSAG125X - M18 FUEL\u2122 125 MM SAROKCSISZOL\u00d3  1 db M18 FMTIW2F12 - M18 FUEL\u2122 1\/2\u2033 K\u00d6ZEPES NYOMAT\u00c9K\u00da \u00dcTVECSAVAROZ\u00d3  3 db M18 HB5.5 5,5 Ah 18V akkumul\u00e1tor  1 db M12-18 FC gyorst\u00f6lt\u0151  1 db PACKOUT t\u00e1rol\u00f3l\u00e1da\" \/>\n<meta property=\"og:url\" content=\"https:\/\/www.eurosmart.hu\/shop\/index.php\/termek\/milwaukee-m18-fpp4a2-553p-akkus-erocsomag-3x55-ah-4933479535\/\" \/>\n<meta property=\"og:site_name\" content=\"Eurosmart - Milwaukee web\u00e1ruh\u00e1z\" \/>\n<meta property=\"article:publisher\" content=\"https:\/\/www.facebook.com\/EurosmartKft\" \/>\n<meta property=\"article:modified_time\" content=\"2023-10-24T06:24:41+00:00\" \/>\n<meta property=\"og:image\" content=\"https:\/\/www.eurosmart.hu\/shop\/wp-content\/uploads\/2023\/09\/4933479535.jpg\" \/>\n\t<meta property=\"og:image:width\" content=\"1000\" \/>\n\t<meta property=\"og:image:height\" content=\"1000\" \/>\n\t<meta property=\"og:image:type\" content=\"image\/jpeg\" \/>\n<meta name=\"twitter:card\" content=\"summary_large_image\" \/>\n<meta name=\"twitter:label1\" content=\"Price\" \/>\n\t<meta name=\"twitter:data1\" content=\"\" \/>\n\t<meta name=\"twitter:label2\" content=\"Availability\" \/>\n\t<meta name=\"twitter:data2\" content=\"In stock\" \/>\n<script type=\"application\/ld+json\" class=\"yoast-schema-graph\">{\"@context\":\"https:\/\/schema.org\",\"@graph\":[{\"@type\":\"WebPage\",\"@id\":\"https:\/\/www.eurosmart.hu\/shop\/index.php\/termek\/milwaukee-m18-fpp4a2-553p-akkus-erocsomag-3x55-ah-4933479535\/\",\"url\":\"https:\/\/www.eurosmart.hu\/shop\/index.php\/termek\/milwaukee-m18-fpp4a2-553p-akkus-erocsomag-3x55-ah-4933479535\/\",\"name\":\"MILWAUKEE M18 FPP4A2-553P AKKUS ER\u0150CSOMAG 18V 3X5,5 Ah (4933479535) - Eurosmart - Milwaukee web\u00e1ruh\u00e1z\",\"isPartOf\":{\"@id\":\"https:\/\/www.eurosmart.hu\/shop\/#website\"},\"datePublished\":\"2023-09-12T11:24:57+00:00\",\"dateModified\":\"2023-10-24T06:24:41+00:00\",\"breadcrumb\":{\"@id\":\"https:\/\/www.eurosmart.hu\/shop\/index.php\/termek\/milwaukee-m18-fpp4a2-553p-akkus-erocsomag-3x55-ah-4933479535\/#breadcrumb\"},\"inLanguage\":\"hu\",\"potentialAction\":[{\"@type\":\"ReadAction\",\"target\":[\"https:\/\/www.eurosmart.hu\/shop\/index.php\/termek\/milwaukee-m18-fpp4a2-553p-akkus-erocsomag-3x55-ah-4933479535\/\"]}]},{\"@type\":\"BreadcrumbList\",\"@id\":\"https:\/\/www.eurosmart.hu\/shop\/index.php\/termek\/milwaukee-m18-fpp4a2-553p-akkus-erocsomag-3x55-ah-4933479535\/#breadcrumb\",\"itemListElement\":[{\"@type\":\"ListItem\",\"position\":1,\"name\":\"Kezd\u0151lap\",\"item\":\"https:\/\/www.eurosmart.hu\/shop\/\"},{\"@type\":\"ListItem\",\"position\":2,\"name\":\"Term\u00e9keink\",\"item\":\"https:\/\/www.eurosmart.hu\/shop\/index.php\/uzlet\/\"},{\"@type\":\"ListItem\",\"position\":3,\"name\":\"MILWAUKEE M18 FPP4A2-553P AKKUS ER\u0150CSOMAG 18V 3X5,5 Ah (4933479535)\"}]},{\"@type\":\"WebSite\",\"@id\":\"https:\/\/www.eurosmart.hu\/shop\/#website\",\"url\":\"https:\/\/www.eurosmart.hu\/shop\/\",\"name\":\"Eurosmart - Milwaukee web\u00e1ruh\u00e1z\",\"description\":\"Milwaukee web\u00e1ruh\u00e1z\",\"publisher\":{\"@id\":\"https:\/\/www.eurosmart.hu\/shop\/#organization\"},\"potentialAction\":[{\"@type\":\"SearchAction\",\"target\":{\"@type\":\"EntryPoint\",\"urlTemplate\":\"https:\/\/www.eurosmart.hu\/shop\/?s={search_term_string}\"},\"query-input\":\"required name=search_term_string\"}],\"inLanguage\":\"hu\"},{\"@type\":\"Organization\",\"@id\":\"https:\/\/www.eurosmart.hu\/shop\/#organization\",\"name\":\"Eurosmart - Milwaukee web\u00e1ruh\u00e1z\",\"url\":\"https:\/\/www.eurosmart.hu\/shop\/\",\"logo\":{\"@type\":\"ImageObject\",\"inLanguage\":\"hu\",\"@id\":\"https:\/\/www.eurosmart.hu\/shop\/#\/schema\/logo\/image\/\",\"url\":\"https:\/\/www.eurosmart.hu\/shop\/wp-content\/uploads\/2023\/10\/milwaukee-logo-1.png\",\"contentUrl\":\"https:\/\/www.eurosmart.hu\/shop\/wp-content\/uploads\/2023\/10\/milwaukee-logo-1.png\",\"width\":500,\"height\":200,\"caption\":\"Eurosmart - Milwaukee web\u00e1ruh\u00e1z\"},\"image\":{\"@id\":\"https:\/\/www.eurosmart.hu\/shop\/#\/schema\/logo\/image\/\"},\"sameAs\":[\"https:\/\/www.facebook.com\/EurosmartKft\"]}]}<\/script>\n<meta property=\"product:price:amount\" content=\"0\" \/>\n<meta property=\"product:price:currency\" content=\"HUF\" \/>\n<meta property=\"og:availability\" content=\"instock\" \/>\n<meta property=\"product:availability\" content=\"instock\" \/>\n<meta property=\"product:retailer_item_id\" content=\"4933479535\" \/>\n<meta property=\"product:condition\" content=\"new\" \/>\n<!-- \/ Yoast SEO Premium plugin. -->","yoast_head_json":{"title":"MILWAUKEE M18 FPP4A2-553P AKKUS ER\u0150CSOMAG 18V 3X5,5 Ah (4933479535) - Eurosmart - Milwaukee web\u00e1ruh\u00e1z","robots":{"index":"index","follow":"follow","max-snippet":"max-snippet:-1","max-image-preview":"max-image-preview:large","max-video-preview":"max-video-preview:-1"},"canonical":"https:\/\/www.eurosmart.hu\/shop\/index.php\/termek\/milwaukee-m18-fpp4a2-553p-akkus-erocsomag-3x55-ah-4933479535\/","og_locale":"hu_HU","og_type":"article","og_title":"MILWAUKEE M18 FPP4A2-553P AKKUS ER\u0150CSOMAG 18V 3X5,5 Ah (4933479535)","og_description":"A k\u00e9szlet tartalma:   1 db M18 FPD2 - M18 FUEL\u2122 \u00dcTVEF\u00daR\u00d3-CSAVAROZ\u00d3  1 db M18 FHX - M18 FUEL\u2122 4 FOKOZAT\u00da 26 MM SDS-PLUS KALAP\u00c1CS  1 db M18 FSAG125X - M18 FUEL\u2122 125 MM SAROKCSISZOL\u00d3  1 db M18 FMTIW2F12 - M18 FUEL\u2122 1\/2\u2033 K\u00d6ZEPES NYOMAT\u00c9K\u00da \u00dcTVECSAVAROZ\u00d3  3 db M18 HB5.5 5,5 Ah 18V akkumul\u00e1tor  1 db M12-18 FC gyorst\u00f6lt\u0151  1 db PACKOUT t\u00e1rol\u00f3l\u00e1da","og_url":"https:\/\/www.eurosmart.hu\/shop\/index.php\/termek\/milwaukee-m18-fpp4a2-553p-akkus-erocsomag-3x55-ah-4933479535\/","og_site_name":"Eurosmart - Milwaukee web\u00e1ruh\u00e1z","article_publisher":"https:\/\/www.facebook.com\/EurosmartKft","article_modified_time":"2023-10-24T06:24:41+00:00","og_image":[{"width":1000,"height":1000,"url":"https:\/\/www.eurosmart.hu\/shop\/wp-content\/uploads\/2023\/09\/4933479535.jpg","type":"image\/jpeg"}],"twitter_card":"summary_large_image","twitter_misc":{"Price":"","Availability":"In stock"},"schema":{"@context":"https:\/\/schema.org","@graph":[{"@type":"WebPage","@id":"https:\/\/www.eurosmart.hu\/shop\/index.php\/termek\/milwaukee-m18-fpp4a2-553p-akkus-erocsomag-3x55-ah-4933479535\/","url":"https:\/\/www.eurosmart.hu\/shop\/index.php\/termek\/milwaukee-m18-fpp4a2-553p-akkus-erocsomag-3x55-ah-4933479535\/","name":"MILWAUKEE M18 FPP4A2-553P AKKUS ER\u0150CSOMAG 18V 3X5,5 Ah (4933479535) - Eurosmart - Milwaukee web\u00e1ruh\u00e1z","isPartOf":{"@id":"https:\/\/www.eurosmart.hu\/shop\/#website"},"datePublished":"2023-09-12T11:24:57+00:00","dateModified":"2023-10-24T06:24:41+00:00","breadcrumb":{"@id":"https:\/\/www.eurosmart.hu\/shop\/index.php\/termek\/milwaukee-m18-fpp4a2-553p-akkus-erocsomag-3x55-ah-4933479535\/#breadcrumb"},"inLanguage":"hu","potentialAction":[{"@type":"ReadAction","target":["https:\/\/www.eurosmart.hu\/shop\/index.php\/termek\/milwaukee-m18-fpp4a2-553p-akkus-erocsomag-3x55-ah-4933479535\/"]}]},{"@type":"BreadcrumbList","@id":"https:\/\/www.eurosmart.hu\/shop\/index.php\/termek\/milwaukee-m18-fpp4a2-553p-akkus-erocsomag-3x55-ah-4933479535\/#breadcrumb","itemListElement":[{"@type":"ListItem","position":1,"name":"Kezd\u0151lap","item":"https:\/\/www.eurosmart.hu\/shop\/"},{"@type":"ListItem","position":2,"name":"Term\u00e9keink","item":"https:\/\/www.eurosmart.hu\/shop\/index.php\/uzlet\/"},{"@type":"ListItem","position":3,"name":"MILWAUKEE M18 FPP4A2-553P AKKUS ER\u0150CSOMAG 18V 3X5,5 Ah (4933479535)"}]},{"@type":"WebSite","@id":"https:\/\/www.eurosmart.hu\/shop\/#website","url":"https:\/\/www.eurosmart.hu\/shop\/","name":"Eurosmart - Milwaukee web\u00e1ruh\u00e1z","description":"Milwaukee web\u00e1ruh\u00e1z","publisher":{"@id":"https:\/\/www.eurosmart.hu\/shop\/#organization"},"potentialAction":[{"@type":"SearchAction","target":{"@type":"EntryPoint","urlTemplate":"https:\/\/www.eurosmart.hu\/shop\/?s={search_term_string}"},"query-input":"required name=search_term_string"}],"inLanguage":"hu"},{"@type":"Organization","@id":"https:\/\/www.eurosmart.hu\/shop\/#organization","name":"Eurosmart - Milwaukee web\u00e1ruh\u00e1z","url":"https:\/\/www.eurosmart.hu\/shop\/","logo":{"@type":"ImageObject","inLanguage":"hu","@id":"https:\/\/www.eurosmart.hu\/shop\/#\/schema\/logo\/image\/","url":"https:\/\/www.eurosmart.hu\/shop\/wp-content\/uploads\/2023\/10\/milwaukee-logo-1.png","contentUrl":"https:\/\/www.eurosmart.hu\/shop\/wp-content\/uploads\/2023\/10\/milwaukee-logo-1.png","width":500,"height":200,"caption":"Eurosmart - Milwaukee web\u00e1ruh\u00e1z"},"image":{"@id":"https:\/\/www.eurosmart.hu\/shop\/#\/schema\/logo\/image\/"},"sameAs":["https:\/\/www.facebook.com\/EurosmartKft"]}]},"product_price_currency":"HUF","og_availability":"instock","product_availability":"instock","product_retailer_item_id":"4933479535","product_condition":"new"},"_links":{"self":[{"href":"https:\/\/www.eurosmart.hu\/shop\/index.php\/wp-json\/wp\/v2\/product\/2049","targetHints":{"allow":["GET"]}}],"collection":[{"href":"https:\/\/www.eurosmart.hu\/shop\/index.php\/wp-json\/wp\/v2\/product"}],"about":[{"href":"https:\/\/www.eurosmart.hu\/shop\/index.php\/wp-json\/wp\/v2\/types\/product"}],"wp:featuredmedia":[{"embeddable":true,"href":"https:\/\/www.eurosmart.hu\/shop\/index.php\/wp-json\/wp\/v2\/media\/3060"}],"wp:attachment":[{"href":"https:\/\/www.eurosmart.hu\/shop\/index.php\/wp-json\/wp\/v2\/media?parent=2049"}],"wp:term":[{"taxonomy":"product_cat","embeddable":true,"href":"https:\/\/www.eurosmart.hu\/shop\/index.php\/wp-json\/wp\/v2\/product_cat?post=2049"},{"taxonomy":"product_tag","embeddable":true,"href":"https:\/\/www.eurosmart.hu\/shop\/index.php\/wp-json\/wp\/v2\/product_tag?post=2049"}],"curies":[{"name":"wp","href":"https:\/\/api.w.org\/{rel}","templated":true}]}}