{"id":2047,"date":"2023-09-12T11:12:21","date_gmt":"2023-09-12T11:12:21","guid":{"rendered":"https:\/\/www.eurosmart.hu\/shop\/?post_type=product&#038;p=2047"},"modified":"2023-10-05T07:49:39","modified_gmt":"2023-10-05T07:49:39","slug":"milwaukee-m18-fpp3q2-533p-akkus-erocsomag-2x55-ah-1x30-ah-4933478833","status":"publish","type":"product","link":"https:\/\/www.eurosmart.hu\/shop\/index.php\/termek\/milwaukee-m18-fpp3q2-533p-akkus-erocsomag-2x55-ah-1x30-ah-4933478833\/","title":{"rendered":"MILWAUKEE M18 FPP3Q2-533P AKKUS ER\u0150CSOMAG 18V 2X5,5 Ah+1X3,0 Ah (4933478833)"},"content":{"rendered":"<h5><strong>Milwaukee M18 FPD2 FUEL\u2122 \u00fctvef\u00far\u00f3-csavaroz\u00f3:<\/strong><\/h5>\n<p>A Milwaukee FPD2 t\u00edpus\u00fa kompakt m\u00e9ret\u0171 \u00fctvef\u00far\u00f3-csavaroz\u00f3 sz\u0171k\u00f6s helyeken is ide\u00e1lisan alkalmazhat\u00f3, Heavy Duty tokm\u00e1nya jav\u00edtja a bit-befog\u00e1st. Ergonomikus foganty\u00faja k\u00e9nyelmes munkav\u00e9gz\u00e9st biztos\u00edt, speci\u00e1lis technol\u00f3gi\u00e1i maximaliz\u00e1lj\u00e1k a teljes\u00edtm\u00e9nyt \u00e9s a m\u0171k\u00f6d\u00e9si id\u0151t.<\/p>\n<ul>\n<li>Sz\u00e9nkefe n\u00e9lk\u00fcli Powerstate motorja \u00e1lland\u00f3, maxim\u00e1lis teljes\u00edtm\u00e9nyt biztos\u00edt<\/li>\n<li>Redlink t\u00falterhel\u00e9s elleni technol\u00f3gia biztos\u00edtja a g\u00e9p \u00e9s az akkumul\u00e1tor hossz\u00fa \u00e9lettartam\u00e1t<\/li>\n<li>Heavy Duty tokm\u00e1nya tart\u00f3s, gyors bitcser\u00e9t tesz lehet\u0151v\u00e9 \u00e9s jav\u00edtja a bit-befog\u00e1st<\/li>\n<li>Az akkumul\u00e1tor t\u00f6lt\u00f6tts\u00e9g\u00e9t be\u00e9p\u00edtett t\u00f6lt\u00e9sszintjelz\u0151j\u00e9n k\u00f6vethetj\u00fck nyomon<\/li>\n<li>Valamennyi MILWAUKEE\u00ae M18\u2122 akkumul\u00e1torral kompatibilis<\/li>\n<li>A munkater\u00fclet megvil\u00e1g\u00edt\u00e1s\u00e1r\u00f3l er\u0151s LED f\u00e9nye gondoskodik<\/li>\n<li>A m\u0171k\u00f6d\u00e9si id\u0151t speci\u00e1lis cellafigyel\u0151 rendszere t\u00f6k\u00e9letes\u00edti<\/li>\n<li>Praktikus f\u00e9m \u00f6vcsatja seg\u00edts\u00e9g\u00e9vel k\u00f6nnyed\u00e9n t\u00e1rolhat\u00f3<\/li>\n<li>1 + 2 \u00e9v garancia meghat\u00e1rozott felt\u00e9telek teljes\u00fcl\u00e9se eset\u00e9n<\/li>\n<\/ul>\n<h5><strong>Milwaukee M18 ONEFHIWF12 FUEL\u2122 ONE-KEY\u2122 \u00bd\u2033 nagy nyomat\u00e9k\u00fa \u00fctvecsavaroz\u00f3 biztos\u00edt\u00f3gy\u0171r\u0171vel:<\/strong><\/h5>\n<p>A Milwaukee ONEFHIWF12 t\u00edpus\u00fa \u00fctvecsavaroz\u00f3 1\/2&#8243; biztos\u00edt\u00f3gy\u0171r\u0171s szersz\u00e1mbefog\u00e1ssal, be\u00e9p\u00edtett \u00fct\u00e9ssz\u00e1ml\u00e1l\u00f3 szenzorral \u00e9s ONE-KEY\u2122 technol\u00f3gi\u00e1val ell\u00e1tott, professzion\u00e1lis min\u0151s\u00e9g\u0171 k\u00e9sz\u00fcl\u00e9k. Nyomat\u00e9klead\u00e1sa \u00e9s fordulatsz\u00e1ma 4 fokozatban \u00e1ll\u00edthat\u00f3, 4. fokozata p\u00e1ratlan vez\u00e9relhet\u0151s\u00e9get biztos\u00edt k\u00f6t\u0151elemek elt\u00e1vol\u00edt\u00e1s\u00e1hoz. Hat\u00e9kony \u00e9s gyors, sz\u0171k helyeken is k\u00f6nny\u0171 munkav\u00e9gz\u00e9st garant\u00e1l.<\/p>\n<ul>\n<li>M18 FUEL\u2122 rendszer\u0171 nagy nyomat\u00e9k\u00fa \u00fctvecsavaroz\u00f3<\/li>\n<li>Kompakt m\u00e9ret\u00e9nek k\u00f6sz\u00f6nhet\u0151en remek\u00fcl haszn\u00e1lhat\u00f3 a nehezen hozz\u00e1f\u00e9rhet\u0151 helyeken is<\/li>\n<li>Integr\u00e1lt \u00fct\u00e9ssz\u00e1ml\u00e1l\u00f3 szenzora fokozza a kiv\u00e1lasztott nyomat\u00e9k k\u00f6vetkezetes ism\u00e9telhet\u0151s\u00e9g\u00e9t<\/li>\n<li>ONE-KEY\u2122 okostelefon alkalmaz\u00e1son kereszt\u00fcl a k\u00e9sz\u00fcl\u00e9k teljes\u00edtm\u00e9nye prec\u00edzen testreszabhat\u00f3, a termel\u00e9kenys\u00e9g maximaliz\u00e1lhat\u00f3, emellett helymeghat\u00e1roz\u00e1s t\u00e1mogat\u00e1sa cs\u00f6kkenti a lop\u00e1s kock\u00e1zat\u00e1t<\/li>\n<li>DRIVE CONTROL funkci\u00f3ja r\u00e9v\u00e9n a nyomat\u00e9k \u00e9s a fordulatsz\u00e1m 4 fokozatban \u00e1ll\u00edthat\u00f3<\/li>\n<li>4. fokozata kiemelked\u0151 vez\u00e9relhet\u0151s\u00e9get biztos\u00edt r\u00f6gz\u00edt\u0151elemek elt\u00e1vol\u00edt\u00e1s\u00e1hoz<\/li>\n<li>\u00bd\u2033 biztos\u00edt\u00f3gy\u0171r\u0171s befog\u00e1sa k\u00f6nny\u0171 szersz\u00e1mcser\u00e9t tesz lehet\u0151v\u00e9<\/li>\n<li>Valamennyi MILWAUKEE\u00ae M18\u2122 akkumul\u00e1torral kompatibilis<\/li>\n<li>Professzion\u00e1lis, ipari min\u0151s\u00e9g\u0171 k\u00e9sz\u00fcl\u00e9k<\/li>\n<li>1 + 2 \u00e9v garancia a meghat\u00e1rozott felt\u00e9telek teljes\u00fcl\u00e9se eset\u00e9n<\/li>\n<\/ul>\n<h5><strong>Milwaukee M18 CHX FUEL\u2122 4 fokozat\u00fa SDS-plus kalap\u00e1cs FIXTEC\u2122 tokm\u00e1nnyal:<\/strong><\/h5>\n<p>A Milwaukee CHX f\u00far\u00f3kalap\u00e1cs SDS-Plus befogat\u00e1ssal rendelkezik, kiv\u00e1l\u00f3an alkalmas fa, f\u00e9m, beton fel\u00fcleteken \u00e9s sz\u0171k\u00f6sebb helyeken val\u00f3 munkav\u00e9gz\u00e9sre.\u00a0K\u00f6nny\u0171, k\u00e9zre\u00e1ll\u00f3 h\u00e1za \u00e9s ergonomikus foganty\u00faja biztons\u00e1gos \u00e9s k\u00e9nyelmes munkav\u00e9gz\u00e9st tesz lehet\u0151v\u00e9.<\/p>\n<ul>\n<li>Professzion\u00e1lis \u00e9p\u00edt\u0151ipari akkumul\u00e1toros f\u00far\u00f3kalap\u00e1cs<\/li>\n<li>Sz\u00e9nkefe n\u00e9lk\u00fcli Powerstate motorja \u00e1lland\u00f3, maxim\u00e1lis teljes\u00edtm\u00e9nyt biztos\u00edt<\/li>\n<li>Redlink t\u00falterhel\u00e9s elleni technol\u00f3gia biztos\u00edtja a g\u00e9p \u00e9s az akkumul\u00e1tor hossz\u00fa \u00e9lettartam\u00e1t<\/li>\n<li>4 \u00e1ll\u00e1s\u00fa kapcsol\u00f3ja seg\u00edts\u00e9g\u00e9vel v\u00e1laszthatunk a f\u00far\u00e1s, \u00fctvef\u00far\u00e1s, csavaroz\u00e1s \u00e9s forg\u00e1smeg\u00e1ll\u00edt\u00e1s funkci\u00f3k k\u00f6z\u00f6tt<\/li>\n<li>Praktikus kialak\u00edt\u00e1s\u00e1b\u00f3l ad\u00f3d\u00f3an t\u00f6k\u00e9letesen haszn\u00e1lhat\u00f3 nehezen hozz\u00e1f\u00e9rhet\u0151 helyeken is<\/li>\n<li>Az akkumul\u00e1tor t\u00f6lt\u00f6tts\u00e9g\u00e9t be\u00e9p\u00edtett t\u00f6lt\u00e9sszintjelz\u0151j\u00e9n k\u00f6vethetj\u00fck nyomon<\/li>\n<li>A fogaskerekek optim\u00e1lis elhelyezked\u00e9s\u00e9t f\u00e9m hajt\u00f3m\u0171h\u00e1za teszi lehet\u0151v\u00e9<\/li>\n<li>Alacsony vibr\u00e1ci\u00f3s m\u0171k\u00f6d\u00e9se gondoskodik a felhaszn\u00e1l\u00f3bar\u00e1t kezel\u00e9sr\u0151l<\/li>\n<li>Fixtec rendszere lehet\u0151v\u00e9 teszi a kulcs n\u00e9lk\u00fcli szersz\u00e1mcser\u00e9t<\/li>\n<li>Valamennyi MILWAUKEE\u00ae M18\u2122 akkumul\u00e1torral kompatibilis<\/li>\n<li>A m\u0171k\u00f6d\u00e9si id\u0151t speci\u00e1lis cellafigyel\u0151 rendszere t\u00f6k\u00e9letes\u00edti<\/li>\n<li>1 + 2 \u00e9v garancia a meghat\u00e1rozott felt\u00e9telek teljes\u00fcl\u00e9se eset\u00e9n<\/li>\n<\/ul>\n<h5><strong>Milwaukee M18\u2122 High Output\u2122 HB5.5 Ah akkumul\u00e1tor:<\/strong><\/h5>\n<ul>\n<li>Nagy terhelhet\u0151s\u00e9g\u0171 \u00e9s hosszan haszn\u00e1lhat\u00f3 akkumul\u00e1tor<\/li>\n<li>REDLINK\u2122\u00a0szabadalmaztatott m\u0171szaki megold\u00e1sai biztos\u00edtj\u00e1k a term\u00e9k hossz\u00fa \u00e9lettartam\u00e1t<\/li>\n<li>Speci\u00e1lis cellafigyel\u0151 rendszere optimaliz\u00e1lja a m\u0171k\u00f6d\u00e9st \u00e9s v\u00e9delmet ny\u00fajt a t\u00falterhel\u00e9s ellen<\/li>\n<li>HIGH OUTPUT\u2122 technol\u00f3gi\u00e1ja r\u00e9v\u00e9n 50%-al nagyobb teljes\u00edtm\u00e9nyt ny\u00fajt mint a hagyom\u00e1nyos REDLITHIUM akkumul\u00e1torok<\/li>\n<li>Tart\u00f3s f\u00e9m kerete \u00e9s bels\u0151 elv\u00e1laszt\u00f3i \u00f3vj\u00e1k az \u00fct\u00e9s \u00e9s r\u00e1zk\u00f3d\u00e1s okozta k\u00e1rokt\u00f3l<\/li>\n<li>Be\u00e9p\u00edtett t\u00f6lt\u00e9sszintjelz\u0151j\u00e9n nyomon k\u00f6vethetj\u00fck a t\u00f6lt\u00f6tts\u00e9gi szintet<\/li>\n<li>Valamennyi Milwaukee\u00a0M18\u2122 rendszer\u0171 g\u00e9ppel kompatibilis<\/li>\n<li>Teljes\u00edtm\u00e9nye vetekszik a vezet\u00e9kes g\u00e9pek\u00e9vel<\/li>\n<li>Professzion\u00e1lis min\u0151s\u00e9g\u0171<\/li>\n<\/ul>\n<h5><strong>Milwaukee M18\u2122 High Output\u2122 HB3.0 Ah akkumul\u00e1tor:<\/strong><\/h5>\n<ul>\n<li>Nagy terhelhet\u0151s\u00e9g\u0171 \u00e9s hosszan haszn\u00e1lhat\u00f3 akkumul\u00e1tor<\/li>\n<li>REDLINK\u2122\u00a0szabadalmaztatott m\u0171szaki megold\u00e1sai biztos\u00edtj\u00e1k a term\u00e9k hossz\u00fa \u00e9lettartam\u00e1t<\/li>\n<li>HIGH OUTPUT\u2122 technol\u00f3gi\u00e1ja r\u00e9v\u00e9n 50%-al nagyobb teljes\u00edtm\u00e9nyt ny\u00fajt mint a hagyom\u00e1nyos REDLITHIUM akkumul\u00e1torok<\/li>\n<li>Speci\u00e1lis technol\u00f3gi\u00e1i r\u00e9v\u00e9n ak\u00e1r 50%-al alacsonyabb h\u0151m\u00e9rs\u00e9kleten m\u0171k\u00f6dik, ez\u00e1ltal fokozottan tart\u00f3s<\/li>\n<li>Egyedi cellafigyel\u0151 rendszere optimaliz\u00e1lja a m\u0171k\u00f6d\u00e9st \u00e9s v\u00e9delmet ny\u00fajt a t\u00falterhel\u00e9s ellen<\/li>\n<li>Massz\u00edv f\u00e9m kerete \u00e9s bels\u0151 elv\u00e1laszt\u00f3i \u00f3vj\u00e1k az \u00fct\u00e9s \u00e9s r\u00e1zk\u00f3d\u00e1s okozta k\u00e1rokt\u00f3l<\/li>\n<li>Be\u00e9p\u00edtett t\u00f6lt\u00e9sszintjelz\u0151j\u00e9n nyomon k\u00f6vethetj\u00fck a t\u00f6lt\u00f6tts\u00e9gi szintet<\/li>\n<li>Valamennyi Milwaukee\u00a0M18\u2122 rendszer\u0171 g\u00e9ppel kompatibilis<\/li>\n<\/ul>\n<h5><strong>Milwaukee M12\u2122 &#8211; M18\u2122 FC gyorst\u00f6lt\u0151:<\/strong><\/h5>\n<ul>\n<li>Minden Milwaukee M18\u2122, M14\u2122 \u00e9s M12\u2122 REDLITHIUM\u2122 t\u00edpus\u00fa akkumul\u00e1torhoz alkalmas t\u00f6lt\u0151egys\u00e9g<\/li>\n<li>Sort\u00f6lt\u0151 &#8211; az els\u0151k\u00e9nt behelyezett akkumul\u00e1tort t\u00f6lti el\u0151sz\u00f6r<\/li>\n<li>Massz\u00edv \u00e9s strapab\u00edr\u00f3 h\u00e1za hossz\u00fa \u00e9lettartamot garant\u00e1l<\/li>\n<li>Egy M12\u2122 \u00e9s egy M18\u2122 t\u00f6lt\u0151csatlakoz\u00f3val rendelkezik<\/li>\n<li>Nem alkalmas NiCd \u00e9s NiMH akkumul\u00e1torokhoz<\/li>\n<li>Falra szerelhet\u0151 kivitelez\u00e9s\u0171<\/li>\n<li>Professzion\u00e1lis min\u0151s\u00e9g\u0171<\/li>\n<\/ul>\n","protected":false},"excerpt":{"rendered":"<p>A k\u00e9szlet tartalma:<\/p>\n<ul>\n<li>1 db M18 FPD2 M18 FUEL\u2122 \u00dcTVEF\u00daR\u00d3-CSAVAROZ\u00d3<\/li>\n<li>1 db M18 ONEFHIWF12 M18 FUEL\u2122 ONE-KEY\u2122 1\/2&#8243; NAGY NYOMAT\u00c9K\u00da \u00dcTVECSAVAROZ\u00d3 BIZTOS\u00cdT\u00d3GY\u0170R\u0170VEL<\/li>\n<li>1 db M18 CHX M18 FUEL\u2122 SDS-PLUS KALAP\u00c1CS FIXTEC\u2122 TOKM\u00c1NNYAL<\/li>\n<li>1 db M18 HB3 akkumul\u00e1tor 3.0 Ah 18V<\/li>\n<li>2 db M18 HB5.5 akkumul\u00e1tor 5.5 Ah 18V<\/li>\n<li>1 db M12-18 FC gyorst\u00f6lt\u0151<\/li>\n<li>2 db PACKOUT t\u00e1rol\u00f3 l\u00e1da<\/li>\n<\/ul>\n","protected":false},"featured_media":3059,"template":"","meta":[],"product_cat":[165,171,230,59,228,89],"product_tag":[],"class_list":["post-2047","product","type-product","status-publish","has-post-thumbnail","hentry","product_cat-akkumulatoros-gepek","product_cat-akkus-erocsomagok","product_cat-m18-rendszer","product_cat-milwaukee","product_cat-rendszer","product_cat-termekek"],"yoast_head":"<!-- This site is optimized with the Yoast SEO Premium plugin v21.3 (Yoast SEO v21.3) - https:\/\/yoast.com\/wordpress\/plugins\/seo\/ -->\n<title>MILWAUKEE M18 FPP3Q2-533P AKKUS ER\u0150CSOMAG 18V 2X5,5 Ah+1X3,0 Ah (4933478833) - Eurosmart - Milwaukee web\u00e1ruh\u00e1z<\/title>\n<meta name=\"robots\" content=\"index, follow, max-snippet:-1, max-image-preview:large, max-video-preview:-1\" \/>\n<link rel=\"canonical\" href=\"https:\/\/www.eurosmart.hu\/shop\/index.php\/termek\/milwaukee-m18-fpp3q2-533p-akkus-erocsomag-2x55-ah-1x30-ah-4933478833\/\" \/>\n<meta property=\"og:locale\" content=\"hu_HU\" \/>\n<meta property=\"og:type\" content=\"article\" \/>\n<meta property=\"og:title\" content=\"MILWAUKEE M18 FPP3Q2-533P AKKUS ER\u0150CSOMAG 18V 2X5,5 Ah+1X3,0 Ah (4933478833)\" \/>\n<meta property=\"og:description\" content=\"A k\u00e9szlet tartalma:   1 db M18 FPD2 M18 FUEL\u2122 \u00dcTVEF\u00daR\u00d3-CSAVAROZ\u00d3  1 db M18 ONEFHIWF12 M18 FUEL\u2122 ONE-KEY\u2122 1\/2&quot; NAGY NYOMAT\u00c9K\u00da \u00dcTVECSAVAROZ\u00d3 BIZTOS\u00cdT\u00d3GY\u0170R\u0170VEL  1 db M18 CHX M18 FUEL\u2122 SDS-PLUS KALAP\u00c1CS FIXTEC\u2122 TOKM\u00c1NNYAL  1 db M18 HB3 akkumul\u00e1tor 3.0 Ah 18V  2 db M18 HB5.5 akkumul\u00e1tor 5.5 Ah 18V  1 db M12-18 FC gyorst\u00f6lt\u0151  2 db PACKOUT t\u00e1rol\u00f3 l\u00e1da\" \/>\n<meta property=\"og:url\" content=\"https:\/\/www.eurosmart.hu\/shop\/index.php\/termek\/milwaukee-m18-fpp3q2-533p-akkus-erocsomag-2x55-ah-1x30-ah-4933478833\/\" \/>\n<meta property=\"og:site_name\" content=\"Eurosmart - Milwaukee web\u00e1ruh\u00e1z\" \/>\n<meta property=\"article:publisher\" content=\"https:\/\/www.facebook.com\/EurosmartKft\" \/>\n<meta property=\"article:modified_time\" content=\"2023-10-05T07:49:39+00:00\" \/>\n<meta property=\"og:image\" content=\"https:\/\/www.eurosmart.hu\/shop\/wp-content\/uploads\/2023\/09\/4933478833.jpg\" \/>\n\t<meta property=\"og:image:width\" content=\"1000\" \/>\n\t<meta property=\"og:image:height\" content=\"1000\" \/>\n\t<meta property=\"og:image:type\" content=\"image\/jpeg\" \/>\n<meta name=\"twitter:card\" content=\"summary_large_image\" \/>\n<meta name=\"twitter:label1\" content=\"Price\" \/>\n\t<meta name=\"twitter:data1\" content=\"\" \/>\n\t<meta name=\"twitter:label2\" content=\"Availability\" \/>\n\t<meta name=\"twitter:data2\" content=\"In stock\" \/>\n<script type=\"application\/ld+json\" class=\"yoast-schema-graph\">{\"@context\":\"https:\/\/schema.org\",\"@graph\":[{\"@type\":\"WebPage\",\"@id\":\"https:\/\/www.eurosmart.hu\/shop\/index.php\/termek\/milwaukee-m18-fpp3q2-533p-akkus-erocsomag-2x55-ah-1x30-ah-4933478833\/\",\"url\":\"https:\/\/www.eurosmart.hu\/shop\/index.php\/termek\/milwaukee-m18-fpp3q2-533p-akkus-erocsomag-2x55-ah-1x30-ah-4933478833\/\",\"name\":\"MILWAUKEE M18 FPP3Q2-533P AKKUS ER\u0150CSOMAG 18V 2X5,5 Ah+1X3,0 Ah (4933478833) - Eurosmart - Milwaukee web\u00e1ruh\u00e1z\",\"isPartOf\":{\"@id\":\"https:\/\/www.eurosmart.hu\/shop\/#website\"},\"datePublished\":\"2023-09-12T11:12:21+00:00\",\"dateModified\":\"2023-10-05T07:49:39+00:00\",\"breadcrumb\":{\"@id\":\"https:\/\/www.eurosmart.hu\/shop\/index.php\/termek\/milwaukee-m18-fpp3q2-533p-akkus-erocsomag-2x55-ah-1x30-ah-4933478833\/#breadcrumb\"},\"inLanguage\":\"hu\",\"potentialAction\":[{\"@type\":\"ReadAction\",\"target\":[\"https:\/\/www.eurosmart.hu\/shop\/index.php\/termek\/milwaukee-m18-fpp3q2-533p-akkus-erocsomag-2x55-ah-1x30-ah-4933478833\/\"]}]},{\"@type\":\"BreadcrumbList\",\"@id\":\"https:\/\/www.eurosmart.hu\/shop\/index.php\/termek\/milwaukee-m18-fpp3q2-533p-akkus-erocsomag-2x55-ah-1x30-ah-4933478833\/#breadcrumb\",\"itemListElement\":[{\"@type\":\"ListItem\",\"position\":1,\"name\":\"Kezd\u0151lap\",\"item\":\"https:\/\/www.eurosmart.hu\/shop\/\"},{\"@type\":\"ListItem\",\"position\":2,\"name\":\"Term\u00e9keink\",\"item\":\"https:\/\/www.eurosmart.hu\/shop\/index.php\/uzlet\/\"},{\"@type\":\"ListItem\",\"position\":3,\"name\":\"MILWAUKEE M18 FPP3Q2-533P AKKUS ER\u0150CSOMAG 18V 2X5,5 Ah+1X3,0 Ah (4933478833)\"}]},{\"@type\":\"WebSite\",\"@id\":\"https:\/\/www.eurosmart.hu\/shop\/#website\",\"url\":\"https:\/\/www.eurosmart.hu\/shop\/\",\"name\":\"Eurosmart - Milwaukee web\u00e1ruh\u00e1z\",\"description\":\"Milwaukee web\u00e1ruh\u00e1z\",\"publisher\":{\"@id\":\"https:\/\/www.eurosmart.hu\/shop\/#organization\"},\"potentialAction\":[{\"@type\":\"SearchAction\",\"target\":{\"@type\":\"EntryPoint\",\"urlTemplate\":\"https:\/\/www.eurosmart.hu\/shop\/?s={search_term_string}\"},\"query-input\":\"required name=search_term_string\"}],\"inLanguage\":\"hu\"},{\"@type\":\"Organization\",\"@id\":\"https:\/\/www.eurosmart.hu\/shop\/#organization\",\"name\":\"Eurosmart - Milwaukee web\u00e1ruh\u00e1z\",\"url\":\"https:\/\/www.eurosmart.hu\/shop\/\",\"logo\":{\"@type\":\"ImageObject\",\"inLanguage\":\"hu\",\"@id\":\"https:\/\/www.eurosmart.hu\/shop\/#\/schema\/logo\/image\/\",\"url\":\"https:\/\/www.eurosmart.hu\/shop\/wp-content\/uploads\/2023\/10\/milwaukee-logo-1.png\",\"contentUrl\":\"https:\/\/www.eurosmart.hu\/shop\/wp-content\/uploads\/2023\/10\/milwaukee-logo-1.png\",\"width\":500,\"height\":200,\"caption\":\"Eurosmart - Milwaukee web\u00e1ruh\u00e1z\"},\"image\":{\"@id\":\"https:\/\/www.eurosmart.hu\/shop\/#\/schema\/logo\/image\/\"},\"sameAs\":[\"https:\/\/www.facebook.com\/EurosmartKft\"]}]}<\/script>\n<meta property=\"product:price:amount\" content=\"0\" \/>\n<meta property=\"product:price:currency\" content=\"HUF\" \/>\n<meta property=\"og:availability\" content=\"instock\" \/>\n<meta property=\"product:availability\" content=\"instock\" \/>\n<meta property=\"product:retailer_item_id\" content=\"4933478833\" \/>\n<meta property=\"product:condition\" content=\"new\" \/>\n<!-- \/ Yoast SEO Premium plugin. -->","yoast_head_json":{"title":"MILWAUKEE M18 FPP3Q2-533P AKKUS ER\u0150CSOMAG 18V 2X5,5 Ah+1X3,0 Ah (4933478833) - Eurosmart - Milwaukee web\u00e1ruh\u00e1z","robots":{"index":"index","follow":"follow","max-snippet":"max-snippet:-1","max-image-preview":"max-image-preview:large","max-video-preview":"max-video-preview:-1"},"canonical":"https:\/\/www.eurosmart.hu\/shop\/index.php\/termek\/milwaukee-m18-fpp3q2-533p-akkus-erocsomag-2x55-ah-1x30-ah-4933478833\/","og_locale":"hu_HU","og_type":"article","og_title":"MILWAUKEE M18 FPP3Q2-533P AKKUS ER\u0150CSOMAG 18V 2X5,5 Ah+1X3,0 Ah (4933478833)","og_description":"A k\u00e9szlet tartalma:   1 db M18 FPD2 M18 FUEL\u2122 \u00dcTVEF\u00daR\u00d3-CSAVAROZ\u00d3  1 db M18 ONEFHIWF12 M18 FUEL\u2122 ONE-KEY\u2122 1\/2\" NAGY NYOMAT\u00c9K\u00da \u00dcTVECSAVAROZ\u00d3 BIZTOS\u00cdT\u00d3GY\u0170R\u0170VEL  1 db M18 CHX M18 FUEL\u2122 SDS-PLUS KALAP\u00c1CS FIXTEC\u2122 TOKM\u00c1NNYAL  1 db M18 HB3 akkumul\u00e1tor 3.0 Ah 18V  2 db M18 HB5.5 akkumul\u00e1tor 5.5 Ah 18V  1 db M12-18 FC gyorst\u00f6lt\u0151  2 db PACKOUT t\u00e1rol\u00f3 l\u00e1da","og_url":"https:\/\/www.eurosmart.hu\/shop\/index.php\/termek\/milwaukee-m18-fpp3q2-533p-akkus-erocsomag-2x55-ah-1x30-ah-4933478833\/","og_site_name":"Eurosmart - Milwaukee web\u00e1ruh\u00e1z","article_publisher":"https:\/\/www.facebook.com\/EurosmartKft","article_modified_time":"2023-10-05T07:49:39+00:00","og_image":[{"width":1000,"height":1000,"url":"https:\/\/www.eurosmart.hu\/shop\/wp-content\/uploads\/2023\/09\/4933478833.jpg","type":"image\/jpeg"}],"twitter_card":"summary_large_image","twitter_misc":{"Price":"","Availability":"In stock"},"schema":{"@context":"https:\/\/schema.org","@graph":[{"@type":"WebPage","@id":"https:\/\/www.eurosmart.hu\/shop\/index.php\/termek\/milwaukee-m18-fpp3q2-533p-akkus-erocsomag-2x55-ah-1x30-ah-4933478833\/","url":"https:\/\/www.eurosmart.hu\/shop\/index.php\/termek\/milwaukee-m18-fpp3q2-533p-akkus-erocsomag-2x55-ah-1x30-ah-4933478833\/","name":"MILWAUKEE M18 FPP3Q2-533P AKKUS ER\u0150CSOMAG 18V 2X5,5 Ah+1X3,0 Ah (4933478833) - Eurosmart - Milwaukee web\u00e1ruh\u00e1z","isPartOf":{"@id":"https:\/\/www.eurosmart.hu\/shop\/#website"},"datePublished":"2023-09-12T11:12:21+00:00","dateModified":"2023-10-05T07:49:39+00:00","breadcrumb":{"@id":"https:\/\/www.eurosmart.hu\/shop\/index.php\/termek\/milwaukee-m18-fpp3q2-533p-akkus-erocsomag-2x55-ah-1x30-ah-4933478833\/#breadcrumb"},"inLanguage":"hu","potentialAction":[{"@type":"ReadAction","target":["https:\/\/www.eurosmart.hu\/shop\/index.php\/termek\/milwaukee-m18-fpp3q2-533p-akkus-erocsomag-2x55-ah-1x30-ah-4933478833\/"]}]},{"@type":"BreadcrumbList","@id":"https:\/\/www.eurosmart.hu\/shop\/index.php\/termek\/milwaukee-m18-fpp3q2-533p-akkus-erocsomag-2x55-ah-1x30-ah-4933478833\/#breadcrumb","itemListElement":[{"@type":"ListItem","position":1,"name":"Kezd\u0151lap","item":"https:\/\/www.eurosmart.hu\/shop\/"},{"@type":"ListItem","position":2,"name":"Term\u00e9keink","item":"https:\/\/www.eurosmart.hu\/shop\/index.php\/uzlet\/"},{"@type":"ListItem","position":3,"name":"MILWAUKEE M18 FPP3Q2-533P AKKUS ER\u0150CSOMAG 18V 2X5,5 Ah+1X3,0 Ah (4933478833)"}]},{"@type":"WebSite","@id":"https:\/\/www.eurosmart.hu\/shop\/#website","url":"https:\/\/www.eurosmart.hu\/shop\/","name":"Eurosmart - Milwaukee web\u00e1ruh\u00e1z","description":"Milwaukee web\u00e1ruh\u00e1z","publisher":{"@id":"https:\/\/www.eurosmart.hu\/shop\/#organization"},"potentialAction":[{"@type":"SearchAction","target":{"@type":"EntryPoint","urlTemplate":"https:\/\/www.eurosmart.hu\/shop\/?s={search_term_string}"},"query-input":"required name=search_term_string"}],"inLanguage":"hu"},{"@type":"Organization","@id":"https:\/\/www.eurosmart.hu\/shop\/#organization","name":"Eurosmart - Milwaukee web\u00e1ruh\u00e1z","url":"https:\/\/www.eurosmart.hu\/shop\/","logo":{"@type":"ImageObject","inLanguage":"hu","@id":"https:\/\/www.eurosmart.hu\/shop\/#\/schema\/logo\/image\/","url":"https:\/\/www.eurosmart.hu\/shop\/wp-content\/uploads\/2023\/10\/milwaukee-logo-1.png","contentUrl":"https:\/\/www.eurosmart.hu\/shop\/wp-content\/uploads\/2023\/10\/milwaukee-logo-1.png","width":500,"height":200,"caption":"Eurosmart - Milwaukee web\u00e1ruh\u00e1z"},"image":{"@id":"https:\/\/www.eurosmart.hu\/shop\/#\/schema\/logo\/image\/"},"sameAs":["https:\/\/www.facebook.com\/EurosmartKft"]}]},"product_price_currency":"HUF","og_availability":"instock","product_availability":"instock","product_retailer_item_id":"4933478833","product_condition":"new"},"_links":{"self":[{"href":"https:\/\/www.eurosmart.hu\/shop\/index.php\/wp-json\/wp\/v2\/product\/2047","targetHints":{"allow":["GET"]}}],"collection":[{"href":"https:\/\/www.eurosmart.hu\/shop\/index.php\/wp-json\/wp\/v2\/product"}],"about":[{"href":"https:\/\/www.eurosmart.hu\/shop\/index.php\/wp-json\/wp\/v2\/types\/product"}],"wp:featuredmedia":[{"embeddable":true,"href":"https:\/\/www.eurosmart.hu\/shop\/index.php\/wp-json\/wp\/v2\/media\/3059"}],"wp:attachment":[{"href":"https:\/\/www.eurosmart.hu\/shop\/index.php\/wp-json\/wp\/v2\/media?parent=2047"}],"wp:term":[{"taxonomy":"product_cat","embeddable":true,"href":"https:\/\/www.eurosmart.hu\/shop\/index.php\/wp-json\/wp\/v2\/product_cat?post=2047"},{"taxonomy":"product_tag","embeddable":true,"href":"https:\/\/www.eurosmart.hu\/shop\/index.php\/wp-json\/wp\/v2\/product_tag?post=2047"}],"curies":[{"name":"wp","href":"https:\/\/api.w.org\/{rel}","templated":true}]}}