{"id":2039,"date":"2023-09-12T09:00:46","date_gmt":"2023-09-12T09:00:46","guid":{"rendered":"https:\/\/www.eurosmart.hu\/shop\/?post_type=product&#038;p=2039"},"modified":"2024-01-22T11:46:06","modified_gmt":"2024-01-22T11:46:06","slug":"milwaukee-m18-fpp2e3-502x-akkus-erocsomag-2x50-ah-4933492516","status":"publish","type":"product","link":"https:\/\/www.eurosmart.hu\/shop\/index.php\/termek\/milwaukee-m18-fpp2e3-502x-akkus-erocsomag-2x50-ah-4933492516\/","title":{"rendered":"MILWAUKEE M18 FPP2E3-502X FUEL\u2122 PROMO ER\u0150CSOMAG 2X5,0 Ah HD KOFFERBEN (4933492516)"},"content":{"rendered":"<h5>M18 FPD3 FUEL\u2122 \u00dcTVEF\u00daR\u00d3-CSAVAROZ\u00d3<\/h5>\n<ul>\n<li>Nagyobb teljes\u00edtm\u00e9ny terhel\u00e9s alatt \u2013 kiemelked\u0151, 158 Nm nyomat\u00e9k<\/li>\n<li>Csup\u00e1n 175 mm hossz\u00fa, kiv\u00e1l\u00f3 a sz\u0171k helyeken v\u00e9gzett feladatokhoz<\/li>\n<li>Az AUTOSTOP a felhaszn\u00e1l\u00f3 biztons\u00e1ga \u00e9rdek\u00e9ben kikapcsolja a szersz\u00e1mot, ha hirtelen elmozdul<\/li>\n<li>Sz\u00e9nkefe n\u00e9lk\u00fcli POWERSTATE\u00ae motor nagy ig\u00e9nybev\u00e9tel\u0171 alkalmaz\u00e1sokhoz terhel\u00e9s alatt<\/li>\n<li>REDLITHIUM akkumul\u00e1tor kit\u0171n\u0151 min\u0151s\u00e9g\u0171 konstrukci\u00f3t \u00e9s elektronik\u00e1t k\u00edn\u00e1l, valamint lemer\u00fcl\u00e9s-biztos, \u00edgy hosszabb m\u0171k\u00f6d\u00e9si id\u0151t \u00e9s hosszabb ideig tart\u00f3 munkav\u00e9gz\u00e9st biztos\u00edt az akkumul\u00e1tor \u00e9lettartama alatt<\/li>\n<li>A leggyorsabb f\u00far\u00e1s \u00e9s csavaroz\u00e1s terhel\u00e9s alatt<\/li>\n<li>Egyedi cellafigyel\u0151 rendszer optimaliz\u00e1lja a m\u0171k\u00f6d\u00e9si id\u0151t \u00e9s biztos\u00edtja az akkumul\u00e1tor hossz\u00fa \u00e9lettartam\u00e1t<\/li>\n<li>T\u00f6lt\u00e9sszintjelz \u0151 kimutatja az akkumul\u00e1tor t\u00f6lt\u00f6tts\u00e9gi szintj\u00e9t<\/li>\n<li>13 mm-es f\u00e9m tokm\u00e1ny a gyors bitcser\u00e9hez \u00e9s a f\u00far\u00f3sz\u00e1r megtart\u00e1s\u00e1hoz<\/li>\n<li>Teljesen f\u00e9m megford\u00edthat\u00f3 \u00f6vcsat &#8211; gyors \u00e9s k\u00f6nny\u0171 szersz\u00e1m t\u00e1rol\u00e1s<\/li>\n<li>LED f\u00e9ny a munkater\u00fclet megvil\u00e1g\u00edt\u00e1s\u00e1hoz<\/li>\n<\/ul>\n<h5>M18 FSAG125XB FUEL\u2122 125 MM SAROKCSISZOL\u00d3 F\u00c9KEZ\u0150 FUNKCI\u00d3VAL \u00c9S CS\u00daSZTATHAT\u00d3 KAPCSOL\u00d3VAL<\/h5>\n<ul>\n<li>Vezet\u00e9kes teljes\u00edtm\u00e9nyt ny\u00fajt, hasonl\u00f3an az 1200 wattos sarokcsiszol\u00f3hoz<\/li>\n<li>RAPIDSTOPM18 FUEL &#8211; a leggyorsabb csiszol\u00f3korong f\u00e9kez\u00e9s\u00e9rt (le\u00e1ll\u00e1s kevesebb, mint 2 m\u00e1sodperc alatt) \u00e9s a legjobb felhaszn\u00e1l\u00f3 v\u00e9delem\u00e9rt<\/li>\n<li>Kisebb m\u00e9ret\u0171 hajt\u00f3m\u0171h\u00e1z \u00e9s alacsonyabb sz\u00f6g\u0171 akkumul\u00e1tor ny\u00edl\u00e1s &#8211; jobb egyens\u00faly \u00e9s ergon\u00f3mia a kor\u00e1bbi modellhez k\u00e9pest<\/li>\n<li>Az anti-vibr\u00e1ci\u00f3s p\u00f3tfoganty\u00fa cs\u00f6kkenti a vibr\u00e1ci\u00f3t \u00e9s n\u00f6veli a munkav\u00e9gz\u00e9s k\u00e9nyelm\u00e9t<\/li>\n<li>Be\u00e9p\u00edtett FIXTEC rendszer a szersz\u00e1mn\u00e9lk\u00fcli t\u00e1rcsacser\u00e9hez<\/li>\n<li>Karcs\u00fa foganty\u00fa<\/li>\n<li>Visszar\u00fag\u00e1s elleni v\u00e9delem<\/li>\n<li>Levehet\u0151 porv\u00e9d\u0151 a porbejut\u00e1s megakad\u00e1lyoz\u00e1s\u00e1ra<\/li>\n<li>125 mm kulcsn\u00e9lk\u00fcli v\u00e9d\u0151burkolat<\/li>\n<li>Fels\u0151 cs\u00fasz\u00f3 kapcsol\u00f3 reteszel\u0151 funkci\u00f3val, amely biztos\u00edtja a m\u0171k\u00f6d\u00e9st \u00e1lland\u00f3 tart\u00e1sa n\u00e9lk\u00fcl is<\/li>\n<li>Fesz\u00fclts\u00e9g alatti biztons\u00e1gi rel\u00e9 megakad\u00e1lyozza a g\u00e9p automatikus \u00fajraindul\u00e1s\u00e1t<\/li>\n<li>H\u00e1rom kiz\u00e1r\u00f3lagos MILWAUKEE\u00ae innov\u00e1ci\u00f3 jellemzi \u2013 a\u00a0POWERSTATE\u00a0sz\u00e9nkefe n\u00e9lk\u00fcli motor, a\u00a0REDLITHIUM-ION\u00a0akkumul\u00e1tor \u00e9s a\u00a0REDLINK PLUS\u00a0intelligencia hardver \u00e9s szoftver \u2013 melyek p\u00e1ratlan teljes\u00edtm\u00e9nyt, m\u0171k\u00f6d\u00e9si id\u0151t \u00e9s tart\u00f3ss\u00e1got biztos\u00edtanak a munkater\u00fcleten<\/li>\n<\/ul>\n","protected":false},"excerpt":{"rendered":"<ul>\n<li><strong>A k\u00e9szlet tartalma:<\/strong><\/li>\n<li>1 db M18 FPD3 FUEL\u2122 \u00dcTVEF\u00daR\u00d3-CSAVAROZ\u00d3<\/li>\n<li>1 db M18 FSAG125XB FUEL\u2122 125 MM SAROKCSISZOL\u00d3 F\u00c9KEZ\u0150 FUNKCI\u00d3VAL \u00c9S CS\u00daSZTATHAT\u00d3 KAPCSOL\u00d3VAL<\/li>\n<li>2 db M18 B5 5.0 Ah akkumul\u00e1tor<\/li>\n<li>1 db M12-18 FC gyorst\u00f6lt\u0151<\/li>\n<li>1 db Heavy Duty koffer<\/li>\n<\/ul>\n","protected":false},"featured_media":3055,"template":"","meta":[],"product_cat":[165,171,230,59,228,89],"product_tag":[],"class_list":["post-2039","product","type-product","status-publish","has-post-thumbnail","hentry","product_cat-akkumulatoros-gepek","product_cat-akkus-erocsomagok","product_cat-m18-rendszer","product_cat-milwaukee","product_cat-rendszer","product_cat-termekek"],"yoast_head":"<!-- This site is optimized with the Yoast SEO Premium plugin v21.3 (Yoast SEO v21.3) - https:\/\/yoast.com\/wordpress\/plugins\/seo\/ -->\n<title>MILWAUKEE M18 FPP2E3-502X FUEL\u2122 PROMO ER\u0150CSOMAG 2X5,0 Ah HD KOFFERBEN (4933492516) - Eurosmart - Milwaukee web\u00e1ruh\u00e1z<\/title>\n<meta name=\"robots\" content=\"index, follow, max-snippet:-1, max-image-preview:large, max-video-preview:-1\" \/>\n<link rel=\"canonical\" href=\"https:\/\/www.eurosmart.hu\/shop\/index.php\/termek\/milwaukee-m18-fpp2e3-502x-akkus-erocsomag-2x50-ah-4933492516\/\" \/>\n<meta property=\"og:locale\" content=\"hu_HU\" \/>\n<meta property=\"og:type\" content=\"article\" \/>\n<meta property=\"og:title\" content=\"MILWAUKEE M18 FPP2E3-502X FUEL\u2122 PROMO ER\u0150CSOMAG 2X5,0 Ah HD KOFFERBEN (4933492516)\" \/>\n<meta property=\"og:description\" content=\"A k\u00e9szlet tartalma:  1 db M18 FPD3 FUEL\u2122 \u00dcTVEF\u00daR\u00d3-CSAVAROZ\u00d3  1 db M18 FSAG125XB FUEL\u2122 125 MM SAROKCSISZOL\u00d3 F\u00c9KEZ\u0150 FUNKCI\u00d3VAL \u00c9S CS\u00daSZTATHAT\u00d3 KAPCSOL\u00d3VAL  2 db M18 B5 5.0 Ah akkumul\u00e1tor  1 db M12-18 FC gyorst\u00f6lt\u0151  1 db Heavy Duty koffer\" \/>\n<meta property=\"og:url\" content=\"https:\/\/www.eurosmart.hu\/shop\/index.php\/termek\/milwaukee-m18-fpp2e3-502x-akkus-erocsomag-2x50-ah-4933492516\/\" \/>\n<meta property=\"og:site_name\" content=\"Eurosmart - Milwaukee web\u00e1ruh\u00e1z\" \/>\n<meta property=\"article:publisher\" content=\"https:\/\/www.facebook.com\/EurosmartKft\" \/>\n<meta property=\"article:modified_time\" content=\"2024-01-22T11:46:06+00:00\" \/>\n<meta property=\"og:image\" content=\"https:\/\/www.eurosmart.hu\/shop\/wp-content\/uploads\/2023\/09\/4933492516.jpg\" \/>\n\t<meta property=\"og:image:width\" content=\"1000\" \/>\n\t<meta property=\"og:image:height\" content=\"1000\" \/>\n\t<meta property=\"og:image:type\" content=\"image\/jpeg\" \/>\n<meta name=\"twitter:card\" content=\"summary_large_image\" \/>\n<meta name=\"twitter:label1\" content=\"Price\" \/>\n\t<meta name=\"twitter:data1\" content=\"\" \/>\n\t<meta name=\"twitter:label2\" content=\"Availability\" \/>\n\t<meta name=\"twitter:data2\" content=\"In stock\" \/>\n<script type=\"application\/ld+json\" class=\"yoast-schema-graph\">{\"@context\":\"https:\/\/schema.org\",\"@graph\":[{\"@type\":\"WebPage\",\"@id\":\"https:\/\/www.eurosmart.hu\/shop\/index.php\/termek\/milwaukee-m18-fpp2e3-502x-akkus-erocsomag-2x50-ah-4933492516\/\",\"url\":\"https:\/\/www.eurosmart.hu\/shop\/index.php\/termek\/milwaukee-m18-fpp2e3-502x-akkus-erocsomag-2x50-ah-4933492516\/\",\"name\":\"MILWAUKEE M18 FPP2E3-502X FUEL\u2122 PROMO ER\u0150CSOMAG 2X5,0 Ah HD KOFFERBEN (4933492516) - Eurosmart - Milwaukee web\u00e1ruh\u00e1z\",\"isPartOf\":{\"@id\":\"https:\/\/www.eurosmart.hu\/shop\/#website\"},\"datePublished\":\"2023-09-12T09:00:46+00:00\",\"dateModified\":\"2024-01-22T11:46:06+00:00\",\"breadcrumb\":{\"@id\":\"https:\/\/www.eurosmart.hu\/shop\/index.php\/termek\/milwaukee-m18-fpp2e3-502x-akkus-erocsomag-2x50-ah-4933492516\/#breadcrumb\"},\"inLanguage\":\"hu\",\"potentialAction\":[{\"@type\":\"ReadAction\",\"target\":[\"https:\/\/www.eurosmart.hu\/shop\/index.php\/termek\/milwaukee-m18-fpp2e3-502x-akkus-erocsomag-2x50-ah-4933492516\/\"]}]},{\"@type\":\"BreadcrumbList\",\"@id\":\"https:\/\/www.eurosmart.hu\/shop\/index.php\/termek\/milwaukee-m18-fpp2e3-502x-akkus-erocsomag-2x50-ah-4933492516\/#breadcrumb\",\"itemListElement\":[{\"@type\":\"ListItem\",\"position\":1,\"name\":\"Kezd\u0151lap\",\"item\":\"https:\/\/www.eurosmart.hu\/shop\/\"},{\"@type\":\"ListItem\",\"position\":2,\"name\":\"Term\u00e9keink\",\"item\":\"https:\/\/www.eurosmart.hu\/shop\/index.php\/uzlet\/\"},{\"@type\":\"ListItem\",\"position\":3,\"name\":\"MILWAUKEE M18 FPP2E3-502X FUEL\u2122 PROMO ER\u0150CSOMAG 2X5,0 Ah HD KOFFERBEN (4933492516)\"}]},{\"@type\":\"WebSite\",\"@id\":\"https:\/\/www.eurosmart.hu\/shop\/#website\",\"url\":\"https:\/\/www.eurosmart.hu\/shop\/\",\"name\":\"Eurosmart - Milwaukee web\u00e1ruh\u00e1z\",\"description\":\"Milwaukee web\u00e1ruh\u00e1z\",\"publisher\":{\"@id\":\"https:\/\/www.eurosmart.hu\/shop\/#organization\"},\"potentialAction\":[{\"@type\":\"SearchAction\",\"target\":{\"@type\":\"EntryPoint\",\"urlTemplate\":\"https:\/\/www.eurosmart.hu\/shop\/?s={search_term_string}\"},\"query-input\":\"required name=search_term_string\"}],\"inLanguage\":\"hu\"},{\"@type\":\"Organization\",\"@id\":\"https:\/\/www.eurosmart.hu\/shop\/#organization\",\"name\":\"Eurosmart - Milwaukee web\u00e1ruh\u00e1z\",\"url\":\"https:\/\/www.eurosmart.hu\/shop\/\",\"logo\":{\"@type\":\"ImageObject\",\"inLanguage\":\"hu\",\"@id\":\"https:\/\/www.eurosmart.hu\/shop\/#\/schema\/logo\/image\/\",\"url\":\"https:\/\/www.eurosmart.hu\/shop\/wp-content\/uploads\/2023\/10\/milwaukee-logo-1.png\",\"contentUrl\":\"https:\/\/www.eurosmart.hu\/shop\/wp-content\/uploads\/2023\/10\/milwaukee-logo-1.png\",\"width\":500,\"height\":200,\"caption\":\"Eurosmart - Milwaukee web\u00e1ruh\u00e1z\"},\"image\":{\"@id\":\"https:\/\/www.eurosmart.hu\/shop\/#\/schema\/logo\/image\/\"},\"sameAs\":[\"https:\/\/www.facebook.com\/EurosmartKft\"]}]}<\/script>\n<meta property=\"product:price:amount\" content=\"0\" \/>\n<meta property=\"product:price:currency\" content=\"HUF\" \/>\n<meta property=\"og:availability\" content=\"instock\" \/>\n<meta property=\"product:availability\" content=\"instock\" \/>\n<meta property=\"product:retailer_item_id\" content=\"4933492516\" \/>\n<meta property=\"product:condition\" content=\"new\" \/>\n<!-- \/ Yoast SEO Premium plugin. -->","yoast_head_json":{"title":"MILWAUKEE M18 FPP2E3-502X FUEL\u2122 PROMO ER\u0150CSOMAG 2X5,0 Ah HD KOFFERBEN (4933492516) - Eurosmart - Milwaukee web\u00e1ruh\u00e1z","robots":{"index":"index","follow":"follow","max-snippet":"max-snippet:-1","max-image-preview":"max-image-preview:large","max-video-preview":"max-video-preview:-1"},"canonical":"https:\/\/www.eurosmart.hu\/shop\/index.php\/termek\/milwaukee-m18-fpp2e3-502x-akkus-erocsomag-2x50-ah-4933492516\/","og_locale":"hu_HU","og_type":"article","og_title":"MILWAUKEE M18 FPP2E3-502X FUEL\u2122 PROMO ER\u0150CSOMAG 2X5,0 Ah HD KOFFERBEN (4933492516)","og_description":"A k\u00e9szlet tartalma:  1 db M18 FPD3 FUEL\u2122 \u00dcTVEF\u00daR\u00d3-CSAVAROZ\u00d3  1 db M18 FSAG125XB FUEL\u2122 125 MM SAROKCSISZOL\u00d3 F\u00c9KEZ\u0150 FUNKCI\u00d3VAL \u00c9S CS\u00daSZTATHAT\u00d3 KAPCSOL\u00d3VAL  2 db M18 B5 5.0 Ah akkumul\u00e1tor  1 db M12-18 FC gyorst\u00f6lt\u0151  1 db Heavy Duty koffer","og_url":"https:\/\/www.eurosmart.hu\/shop\/index.php\/termek\/milwaukee-m18-fpp2e3-502x-akkus-erocsomag-2x50-ah-4933492516\/","og_site_name":"Eurosmart - Milwaukee web\u00e1ruh\u00e1z","article_publisher":"https:\/\/www.facebook.com\/EurosmartKft","article_modified_time":"2024-01-22T11:46:06+00:00","og_image":[{"width":1000,"height":1000,"url":"https:\/\/www.eurosmart.hu\/shop\/wp-content\/uploads\/2023\/09\/4933492516.jpg","type":"image\/jpeg"}],"twitter_card":"summary_large_image","twitter_misc":{"Price":"","Availability":"In stock"},"schema":{"@context":"https:\/\/schema.org","@graph":[{"@type":"WebPage","@id":"https:\/\/www.eurosmart.hu\/shop\/index.php\/termek\/milwaukee-m18-fpp2e3-502x-akkus-erocsomag-2x50-ah-4933492516\/","url":"https:\/\/www.eurosmart.hu\/shop\/index.php\/termek\/milwaukee-m18-fpp2e3-502x-akkus-erocsomag-2x50-ah-4933492516\/","name":"MILWAUKEE M18 FPP2E3-502X FUEL\u2122 PROMO ER\u0150CSOMAG 2X5,0 Ah HD KOFFERBEN (4933492516) - Eurosmart - Milwaukee web\u00e1ruh\u00e1z","isPartOf":{"@id":"https:\/\/www.eurosmart.hu\/shop\/#website"},"datePublished":"2023-09-12T09:00:46+00:00","dateModified":"2024-01-22T11:46:06+00:00","breadcrumb":{"@id":"https:\/\/www.eurosmart.hu\/shop\/index.php\/termek\/milwaukee-m18-fpp2e3-502x-akkus-erocsomag-2x50-ah-4933492516\/#breadcrumb"},"inLanguage":"hu","potentialAction":[{"@type":"ReadAction","target":["https:\/\/www.eurosmart.hu\/shop\/index.php\/termek\/milwaukee-m18-fpp2e3-502x-akkus-erocsomag-2x50-ah-4933492516\/"]}]},{"@type":"BreadcrumbList","@id":"https:\/\/www.eurosmart.hu\/shop\/index.php\/termek\/milwaukee-m18-fpp2e3-502x-akkus-erocsomag-2x50-ah-4933492516\/#breadcrumb","itemListElement":[{"@type":"ListItem","position":1,"name":"Kezd\u0151lap","item":"https:\/\/www.eurosmart.hu\/shop\/"},{"@type":"ListItem","position":2,"name":"Term\u00e9keink","item":"https:\/\/www.eurosmart.hu\/shop\/index.php\/uzlet\/"},{"@type":"ListItem","position":3,"name":"MILWAUKEE M18 FPP2E3-502X FUEL\u2122 PROMO ER\u0150CSOMAG 2X5,0 Ah HD KOFFERBEN (4933492516)"}]},{"@type":"WebSite","@id":"https:\/\/www.eurosmart.hu\/shop\/#website","url":"https:\/\/www.eurosmart.hu\/shop\/","name":"Eurosmart - Milwaukee web\u00e1ruh\u00e1z","description":"Milwaukee web\u00e1ruh\u00e1z","publisher":{"@id":"https:\/\/www.eurosmart.hu\/shop\/#organization"},"potentialAction":[{"@type":"SearchAction","target":{"@type":"EntryPoint","urlTemplate":"https:\/\/www.eurosmart.hu\/shop\/?s={search_term_string}"},"query-input":"required name=search_term_string"}],"inLanguage":"hu"},{"@type":"Organization","@id":"https:\/\/www.eurosmart.hu\/shop\/#organization","name":"Eurosmart - Milwaukee web\u00e1ruh\u00e1z","url":"https:\/\/www.eurosmart.hu\/shop\/","logo":{"@type":"ImageObject","inLanguage":"hu","@id":"https:\/\/www.eurosmart.hu\/shop\/#\/schema\/logo\/image\/","url":"https:\/\/www.eurosmart.hu\/shop\/wp-content\/uploads\/2023\/10\/milwaukee-logo-1.png","contentUrl":"https:\/\/www.eurosmart.hu\/shop\/wp-content\/uploads\/2023\/10\/milwaukee-logo-1.png","width":500,"height":200,"caption":"Eurosmart - Milwaukee web\u00e1ruh\u00e1z"},"image":{"@id":"https:\/\/www.eurosmart.hu\/shop\/#\/schema\/logo\/image\/"},"sameAs":["https:\/\/www.facebook.com\/EurosmartKft"]}]},"product_price_currency":"HUF","og_availability":"instock","product_availability":"instock","product_retailer_item_id":"4933492516","product_condition":"new"},"_links":{"self":[{"href":"https:\/\/www.eurosmart.hu\/shop\/index.php\/wp-json\/wp\/v2\/product\/2039","targetHints":{"allow":["GET"]}}],"collection":[{"href":"https:\/\/www.eurosmart.hu\/shop\/index.php\/wp-json\/wp\/v2\/product"}],"about":[{"href":"https:\/\/www.eurosmart.hu\/shop\/index.php\/wp-json\/wp\/v2\/types\/product"}],"wp:featuredmedia":[{"embeddable":true,"href":"https:\/\/www.eurosmart.hu\/shop\/index.php\/wp-json\/wp\/v2\/media\/3055"}],"wp:attachment":[{"href":"https:\/\/www.eurosmart.hu\/shop\/index.php\/wp-json\/wp\/v2\/media?parent=2039"}],"wp:term":[{"taxonomy":"product_cat","embeddable":true,"href":"https:\/\/www.eurosmart.hu\/shop\/index.php\/wp-json\/wp\/v2\/product_cat?post=2039"},{"taxonomy":"product_tag","embeddable":true,"href":"https:\/\/www.eurosmart.hu\/shop\/index.php\/wp-json\/wp\/v2\/product_tag?post=2039"}],"curies":[{"name":"wp","href":"https:\/\/api.w.org\/{rel}","templated":true}]}}