{"id":2037,"date":"2023-09-12T08:52:00","date_gmt":"2023-09-12T08:52:00","guid":{"rendered":"https:\/\/www.eurosmart.hu\/shop\/?post_type=product&#038;p=2037"},"modified":"2024-01-22T10:41:07","modified_gmt":"2024-01-22T10:41:07","slug":"milwaukee-m18-fpp2bc-523x-akkus-erocsomag-18v-2x20ah1x50ah-4933481024","status":"publish","type":"product","link":"https:\/\/www.eurosmart.hu\/shop\/index.php\/termek\/milwaukee-m18-fpp2bc-523x-akkus-erocsomag-18v-2x20ah1x50ah-4933481024\/","title":{"rendered":"MILWAUKEE M18 FPP2BC-523X FUEL ER\u0150CSOMAG 2X2,0Ah+1X5,0Ah (4933481024)"},"content":{"rendered":"<h5>M18 CBLPD SZ\u00c9NKEFE N\u00c9LK\u00dcLI \u00dcTVEF\u00daR\u00d3-CSAVAROZ\u00d3<\/h5>\n<ul>\n<li>Kompakt sz\u00e9nkefe n\u00e9lk\u00fcli \u00fctvef\u00far\u00f3-csavaroz\u00f3, amely csak 165 mm hossz\u00fa a sz\u0171k helyeken val\u00f3 hozz\u00e1f\u00e9r\u00e9shez<\/li>\n<li>13 mm f\u00e9m tokm\u00e1ny a gyors bit cser\u00e9\u00e9rt \u00e9s befog\u00e1s\u00e9rt<\/li>\n<li>REDLINK t\u00falterhel\u00e9s v\u00e9delmi elektronika a g\u00e9pben \u00e9s az akkumul\u00e1torban, kateg\u00f3ri\u00e1j\u00e1ban a legjobb tart\u00f3ss\u00e1got biztos\u00edtja<\/li>\n<li>A REDLITHIUM akkumul\u00e1tor kit\u0171n\u0151 min\u0151s\u00e9g\u0171 konstrukci\u00f3t \u00e9s elektronik\u00e1t k\u00edn\u00e1l, valamint lemer\u00fcl\u00e9s-biztos, \u00edgy hosszabb m\u0171k\u00f6d\u00e9si id\u0151t \u00e9s hosszabb ideig tart\u00f3 munkav\u00e9gz\u00e9st biztos\u00edt az akkumul\u00e1tor \u00e9lettartama alatt<\/li>\n<li>60 Nm nyomat\u00e9k, a legjobb er\u0151 s\u00faly ar\u00e1ny<\/li>\n<li>Teljesen f\u00e9m megford\u00edthat\u00f3 \u00f6vcsat &#8211; gyors \u00e9s k\u00f6nny\u0171 szersz\u00e1m t\u00e1rol\u00e1s<\/li>\n<li>T\u00f6lt\u00e9sszintjelz\u0151 \u00e9s LED f\u00e9ny<\/li>\n<li>Rugalmas akkumul\u00e1tor rendszerrel &#8211; MILWAUKEE\u00ae M18 akkumul\u00e1torokkal m\u0171k\u00f6dik<\/li>\n<\/ul>\n<h5>M18 ONEFPRT POPSZEGECSH\u00daZ\u00d3<\/h5>\n<ul>\n<li>Az M18 FUEL popszegecsh\u00faz\u00f3 a ONE-KEY technol\u00f3gi\u00e1val egy optimaliz\u00e1lt, vezet\u00e9k n\u00e9lk\u00fcli megold\u00e1s, amely gyors \u00e9s k\u00f6nny\u0171 szegecsel\u00e9st tesz lehet\u0151v\u00e9 a teljes\u00edtm\u00e9ny, tart\u00f3ss\u00e1g \u00e9s m\u00e9ret megtart\u00e1sa mellett<\/li>\n<li>Ak\u00e1r 900 darab, 4,8 mm-es vagy 500 darab 6,4 mm-es popszegecs kih\u00faz\u00e1s\u00e1ra k\u00e9pes alum\u00edniumban, egy akkumul\u00e1tor t\u00f6lt\u00e9ssel M18 2,0 Ah akkumul\u00e1torral<\/li>\n<li>R\u00f6gz\u00edti az \u00f6sszes vakszegecset, bele\u00e9rtve az 4.8 mm, 6.0 mm, 6.4 mm \u00e9s 7.0 mm m\u00e9ret\u0171 alum\u00ednium, az ac\u00e9l, a rozsdamentes ac\u00e9l \u00e9s a r\u00e9z anyag\u00faakat, amivel t\u00f6bbf\u00e9le alkalmaz\u00e1si ter\u00fcleten alkalmazhat\u00f3<\/li>\n<li>20.000 N h\u00faz\u00f3er\u0151vel \u00e9s 30 mm l\u00f6kethosszal k\u00f6nnyed\u00e9n haszn\u00e1lhatja nagyobb \u00e1tm\u00e9r\u0151k eset\u00e9n is<\/li>\n<li>A pr\u00e9mium ac\u00e9l \u00f6tv\u00f6zetb\u0151l \u00e1ll\u00f3 3 pof\u00e1s kialak\u00edt\u00e1s t\u00f6bb munkav\u00e9gz\u00e9sre ad lehet\u0151s\u00e9get a poh\u00e1k cser\u00e9je k\u00f6z\u00f6tt<\/li>\n<li>Szersz\u00e1mmentes hozz\u00e1f\u00e9r\u00e9s a pof\u00e1k egyszer\u0171 tiszt\u00edt\u00e1s\u00e1hoz. Szersz\u00e1mon t\u00e1rolhat\u00f3 befog\u00f3 fejek \u00e9s elt\u00e1vol\u00edt\u00f3 eszk\u00f6z a felhaszn\u00e1l\u00f3 k\u00e9nyelm\u00e9\u00e9rt.<\/li>\n<li>Az \u00e1tl\u00e1tsz\u00f3 t\u00fcskegy\u0171jt\u0151 tart\u00e1ly lehet\u0151v\u00e9 teszi, hogy l\u00e1ssa, mikor van tele a t\u00fcskegy\u0171jt\u0151<\/li>\n<li>A ONE-KEY eszk\u00f6zk\u00f6vet\u00e9s \u00e9s biztons\u00e1g ingyenes, felh\u0151alap\u00fa nyomon k\u00f6vet\u00e9si h\u00e1l\u00f3zatot \u00e9s fel\u00fcgyeleti platformot k\u00edn\u00e1l eszk\u00f6zeihez. A ONE-KEY szint\u00e9n rendelkezik t\u00e1voli szersz\u00e1mz\u00e1r funkci\u00f3val.<\/li>\n<li>FUEL platformunk DNS-e \u00fajradefini\u00e1lja a vezet\u00e9k n\u00e9lk\u00fcli technol\u00f3gia egyens\u00faly\u00e1t. A MILWAUKEE\u00ae POWERSTATE sz\u00e9nkefe n\u00e9lk\u00fcli motor, REDLITHIUM akkumul\u00e1tor \u00e9s REDLINK PLUS intelligens elektronika p\u00e1ratlan teljes\u00edtm\u00e9nyt, \u00fczemid\u0151t \u00e9s tart\u00f3ss\u00e1got biztos\u00edt<\/li>\n<li>Rugalmas akkumul\u00e1tor rendszerrel &#8211; MILWAUKEE\u00ae M18 akkumul\u00e1torokkal m\u0171k\u00f6dik<\/li>\n<\/ul>\n","protected":false},"excerpt":{"rendered":"<p><strong>A k\u00e9szlet tartalma:<\/strong><\/p>\n<ul>\n<li>1 db M18 CBLPD SZ\u00c9NKEFE N\u00c9LK\u00dcLI \u00dcTVEF\u00daR\u00d3-CSAVAROZ\u00d3<\/li>\n<li>1 db M18 ONEFPRT POPSZEGECSH\u00daZ\u00d3<\/li>\n<li>1 db M18 B5 5.0 Ah akkumul\u00e1tor<\/li>\n<li>2 db M18 B2 2.0 akkumul\u00e1tor<\/li>\n<li>1 db M12-18 FC gyorst\u00f6lt\u0151<\/li>\n<li>1 db Heavy Duty koffer<\/li>\n<\/ul>\n","protected":false},"featured_media":3054,"template":"","meta":[],"product_cat":[165,171,230,59,228,89],"product_tag":[],"class_list":["post-2037","product","type-product","status-publish","has-post-thumbnail","hentry","product_cat-akkumulatoros-gepek","product_cat-akkus-erocsomagok","product_cat-m18-rendszer","product_cat-milwaukee","product_cat-rendszer","product_cat-termekek"],"yoast_head":"<!-- This site is optimized with the Yoast SEO Premium plugin v21.3 (Yoast SEO v21.3) - https:\/\/yoast.com\/wordpress\/plugins\/seo\/ -->\n<title>MILWAUKEE M18 FPP2BC-523X FUEL ER\u0150CSOMAG 2X2,0Ah+1X5,0Ah (4933481024) - Eurosmart - Milwaukee web\u00e1ruh\u00e1z<\/title>\n<meta name=\"robots\" content=\"index, follow, max-snippet:-1, max-image-preview:large, max-video-preview:-1\" \/>\n<link rel=\"canonical\" href=\"https:\/\/www.eurosmart.hu\/shop\/index.php\/termek\/milwaukee-m18-fpp2bc-523x-akkus-erocsomag-18v-2x20ah1x50ah-4933481024\/\" \/>\n<meta property=\"og:locale\" content=\"hu_HU\" \/>\n<meta property=\"og:type\" content=\"article\" \/>\n<meta property=\"og:title\" content=\"MILWAUKEE M18 FPP2BC-523X FUEL ER\u0150CSOMAG 2X2,0Ah+1X5,0Ah (4933481024)\" \/>\n<meta property=\"og:description\" content=\"A k\u00e9szlet tartalma:   1 db M18 CBLPD SZ\u00c9NKEFE N\u00c9LK\u00dcLI \u00dcTVEF\u00daR\u00d3-CSAVAROZ\u00d3  1 db M18 ONEFPRT POPSZEGECSH\u00daZ\u00d3  1 db M18 B5 5.0 Ah akkumul\u00e1tor  2 db M18 B2 2.0 akkumul\u00e1tor  1 db M12-18 FC gyorst\u00f6lt\u0151  1 db Heavy Duty koffer\" \/>\n<meta property=\"og:url\" content=\"https:\/\/www.eurosmart.hu\/shop\/index.php\/termek\/milwaukee-m18-fpp2bc-523x-akkus-erocsomag-18v-2x20ah1x50ah-4933481024\/\" \/>\n<meta property=\"og:site_name\" content=\"Eurosmart - Milwaukee web\u00e1ruh\u00e1z\" \/>\n<meta property=\"article:publisher\" content=\"https:\/\/www.facebook.com\/EurosmartKft\" \/>\n<meta property=\"article:modified_time\" content=\"2024-01-22T10:41:07+00:00\" \/>\n<meta property=\"og:image\" content=\"https:\/\/www.eurosmart.hu\/shop\/wp-content\/uploads\/2023\/09\/4933481024.jpg\" \/>\n\t<meta property=\"og:image:width\" content=\"1000\" \/>\n\t<meta property=\"og:image:height\" content=\"1000\" \/>\n\t<meta property=\"og:image:type\" content=\"image\/jpeg\" \/>\n<meta name=\"twitter:card\" content=\"summary_large_image\" \/>\n<meta name=\"twitter:label1\" content=\"Price\" \/>\n\t<meta name=\"twitter:data1\" content=\"\" \/>\n\t<meta name=\"twitter:label2\" content=\"Availability\" \/>\n\t<meta name=\"twitter:data2\" content=\"In stock\" \/>\n<script type=\"application\/ld+json\" class=\"yoast-schema-graph\">{\"@context\":\"https:\/\/schema.org\",\"@graph\":[{\"@type\":\"WebPage\",\"@id\":\"https:\/\/www.eurosmart.hu\/shop\/index.php\/termek\/milwaukee-m18-fpp2bc-523x-akkus-erocsomag-18v-2x20ah1x50ah-4933481024\/\",\"url\":\"https:\/\/www.eurosmart.hu\/shop\/index.php\/termek\/milwaukee-m18-fpp2bc-523x-akkus-erocsomag-18v-2x20ah1x50ah-4933481024\/\",\"name\":\"MILWAUKEE M18 FPP2BC-523X FUEL ER\u0150CSOMAG 2X2,0Ah+1X5,0Ah (4933481024) - Eurosmart - Milwaukee web\u00e1ruh\u00e1z\",\"isPartOf\":{\"@id\":\"https:\/\/www.eurosmart.hu\/shop\/#website\"},\"datePublished\":\"2023-09-12T08:52:00+00:00\",\"dateModified\":\"2024-01-22T10:41:07+00:00\",\"breadcrumb\":{\"@id\":\"https:\/\/www.eurosmart.hu\/shop\/index.php\/termek\/milwaukee-m18-fpp2bc-523x-akkus-erocsomag-18v-2x20ah1x50ah-4933481024\/#breadcrumb\"},\"inLanguage\":\"hu\",\"potentialAction\":[{\"@type\":\"ReadAction\",\"target\":[\"https:\/\/www.eurosmart.hu\/shop\/index.php\/termek\/milwaukee-m18-fpp2bc-523x-akkus-erocsomag-18v-2x20ah1x50ah-4933481024\/\"]}]},{\"@type\":\"BreadcrumbList\",\"@id\":\"https:\/\/www.eurosmart.hu\/shop\/index.php\/termek\/milwaukee-m18-fpp2bc-523x-akkus-erocsomag-18v-2x20ah1x50ah-4933481024\/#breadcrumb\",\"itemListElement\":[{\"@type\":\"ListItem\",\"position\":1,\"name\":\"Kezd\u0151lap\",\"item\":\"https:\/\/www.eurosmart.hu\/shop\/\"},{\"@type\":\"ListItem\",\"position\":2,\"name\":\"Term\u00e9keink\",\"item\":\"https:\/\/www.eurosmart.hu\/shop\/index.php\/uzlet\/\"},{\"@type\":\"ListItem\",\"position\":3,\"name\":\"MILWAUKEE M18 FPP2BC-523X FUEL ER\u0150CSOMAG 2X2,0Ah+1X5,0Ah (4933481024)\"}]},{\"@type\":\"WebSite\",\"@id\":\"https:\/\/www.eurosmart.hu\/shop\/#website\",\"url\":\"https:\/\/www.eurosmart.hu\/shop\/\",\"name\":\"Eurosmart - Milwaukee web\u00e1ruh\u00e1z\",\"description\":\"Milwaukee web\u00e1ruh\u00e1z\",\"publisher\":{\"@id\":\"https:\/\/www.eurosmart.hu\/shop\/#organization\"},\"potentialAction\":[{\"@type\":\"SearchAction\",\"target\":{\"@type\":\"EntryPoint\",\"urlTemplate\":\"https:\/\/www.eurosmart.hu\/shop\/?s={search_term_string}\"},\"query-input\":\"required name=search_term_string\"}],\"inLanguage\":\"hu\"},{\"@type\":\"Organization\",\"@id\":\"https:\/\/www.eurosmart.hu\/shop\/#organization\",\"name\":\"Eurosmart - Milwaukee web\u00e1ruh\u00e1z\",\"url\":\"https:\/\/www.eurosmart.hu\/shop\/\",\"logo\":{\"@type\":\"ImageObject\",\"inLanguage\":\"hu\",\"@id\":\"https:\/\/www.eurosmart.hu\/shop\/#\/schema\/logo\/image\/\",\"url\":\"https:\/\/www.eurosmart.hu\/shop\/wp-content\/uploads\/2023\/10\/milwaukee-logo-1.png\",\"contentUrl\":\"https:\/\/www.eurosmart.hu\/shop\/wp-content\/uploads\/2023\/10\/milwaukee-logo-1.png\",\"width\":500,\"height\":200,\"caption\":\"Eurosmart - Milwaukee web\u00e1ruh\u00e1z\"},\"image\":{\"@id\":\"https:\/\/www.eurosmart.hu\/shop\/#\/schema\/logo\/image\/\"},\"sameAs\":[\"https:\/\/www.facebook.com\/EurosmartKft\"]}]}<\/script>\n<meta property=\"product:price:amount\" content=\"0\" \/>\n<meta property=\"product:price:currency\" content=\"HUF\" \/>\n<meta property=\"og:availability\" content=\"instock\" \/>\n<meta property=\"product:availability\" content=\"instock\" \/>\n<meta property=\"product:retailer_item_id\" content=\"4933481024\" \/>\n<meta property=\"product:condition\" content=\"new\" \/>\n<!-- \/ Yoast SEO Premium plugin. -->","yoast_head_json":{"title":"MILWAUKEE M18 FPP2BC-523X FUEL ER\u0150CSOMAG 2X2,0Ah+1X5,0Ah (4933481024) - Eurosmart - Milwaukee web\u00e1ruh\u00e1z","robots":{"index":"index","follow":"follow","max-snippet":"max-snippet:-1","max-image-preview":"max-image-preview:large","max-video-preview":"max-video-preview:-1"},"canonical":"https:\/\/www.eurosmart.hu\/shop\/index.php\/termek\/milwaukee-m18-fpp2bc-523x-akkus-erocsomag-18v-2x20ah1x50ah-4933481024\/","og_locale":"hu_HU","og_type":"article","og_title":"MILWAUKEE M18 FPP2BC-523X FUEL ER\u0150CSOMAG 2X2,0Ah+1X5,0Ah (4933481024)","og_description":"A k\u00e9szlet tartalma:   1 db M18 CBLPD SZ\u00c9NKEFE N\u00c9LK\u00dcLI \u00dcTVEF\u00daR\u00d3-CSAVAROZ\u00d3  1 db M18 ONEFPRT POPSZEGECSH\u00daZ\u00d3  1 db M18 B5 5.0 Ah akkumul\u00e1tor  2 db M18 B2 2.0 akkumul\u00e1tor  1 db M12-18 FC gyorst\u00f6lt\u0151  1 db Heavy Duty koffer","og_url":"https:\/\/www.eurosmart.hu\/shop\/index.php\/termek\/milwaukee-m18-fpp2bc-523x-akkus-erocsomag-18v-2x20ah1x50ah-4933481024\/","og_site_name":"Eurosmart - Milwaukee web\u00e1ruh\u00e1z","article_publisher":"https:\/\/www.facebook.com\/EurosmartKft","article_modified_time":"2024-01-22T10:41:07+00:00","og_image":[{"width":1000,"height":1000,"url":"https:\/\/www.eurosmart.hu\/shop\/wp-content\/uploads\/2023\/09\/4933481024.jpg","type":"image\/jpeg"}],"twitter_card":"summary_large_image","twitter_misc":{"Price":"","Availability":"In stock"},"schema":{"@context":"https:\/\/schema.org","@graph":[{"@type":"WebPage","@id":"https:\/\/www.eurosmart.hu\/shop\/index.php\/termek\/milwaukee-m18-fpp2bc-523x-akkus-erocsomag-18v-2x20ah1x50ah-4933481024\/","url":"https:\/\/www.eurosmart.hu\/shop\/index.php\/termek\/milwaukee-m18-fpp2bc-523x-akkus-erocsomag-18v-2x20ah1x50ah-4933481024\/","name":"MILWAUKEE M18 FPP2BC-523X FUEL ER\u0150CSOMAG 2X2,0Ah+1X5,0Ah (4933481024) - Eurosmart - Milwaukee web\u00e1ruh\u00e1z","isPartOf":{"@id":"https:\/\/www.eurosmart.hu\/shop\/#website"},"datePublished":"2023-09-12T08:52:00+00:00","dateModified":"2024-01-22T10:41:07+00:00","breadcrumb":{"@id":"https:\/\/www.eurosmart.hu\/shop\/index.php\/termek\/milwaukee-m18-fpp2bc-523x-akkus-erocsomag-18v-2x20ah1x50ah-4933481024\/#breadcrumb"},"inLanguage":"hu","potentialAction":[{"@type":"ReadAction","target":["https:\/\/www.eurosmart.hu\/shop\/index.php\/termek\/milwaukee-m18-fpp2bc-523x-akkus-erocsomag-18v-2x20ah1x50ah-4933481024\/"]}]},{"@type":"BreadcrumbList","@id":"https:\/\/www.eurosmart.hu\/shop\/index.php\/termek\/milwaukee-m18-fpp2bc-523x-akkus-erocsomag-18v-2x20ah1x50ah-4933481024\/#breadcrumb","itemListElement":[{"@type":"ListItem","position":1,"name":"Kezd\u0151lap","item":"https:\/\/www.eurosmart.hu\/shop\/"},{"@type":"ListItem","position":2,"name":"Term\u00e9keink","item":"https:\/\/www.eurosmart.hu\/shop\/index.php\/uzlet\/"},{"@type":"ListItem","position":3,"name":"MILWAUKEE M18 FPP2BC-523X FUEL ER\u0150CSOMAG 2X2,0Ah+1X5,0Ah (4933481024)"}]},{"@type":"WebSite","@id":"https:\/\/www.eurosmart.hu\/shop\/#website","url":"https:\/\/www.eurosmart.hu\/shop\/","name":"Eurosmart - Milwaukee web\u00e1ruh\u00e1z","description":"Milwaukee web\u00e1ruh\u00e1z","publisher":{"@id":"https:\/\/www.eurosmart.hu\/shop\/#organization"},"potentialAction":[{"@type":"SearchAction","target":{"@type":"EntryPoint","urlTemplate":"https:\/\/www.eurosmart.hu\/shop\/?s={search_term_string}"},"query-input":"required name=search_term_string"}],"inLanguage":"hu"},{"@type":"Organization","@id":"https:\/\/www.eurosmart.hu\/shop\/#organization","name":"Eurosmart - Milwaukee web\u00e1ruh\u00e1z","url":"https:\/\/www.eurosmart.hu\/shop\/","logo":{"@type":"ImageObject","inLanguage":"hu","@id":"https:\/\/www.eurosmart.hu\/shop\/#\/schema\/logo\/image\/","url":"https:\/\/www.eurosmart.hu\/shop\/wp-content\/uploads\/2023\/10\/milwaukee-logo-1.png","contentUrl":"https:\/\/www.eurosmart.hu\/shop\/wp-content\/uploads\/2023\/10\/milwaukee-logo-1.png","width":500,"height":200,"caption":"Eurosmart - Milwaukee web\u00e1ruh\u00e1z"},"image":{"@id":"https:\/\/www.eurosmart.hu\/shop\/#\/schema\/logo\/image\/"},"sameAs":["https:\/\/www.facebook.com\/EurosmartKft"]}]},"product_price_currency":"HUF","og_availability":"instock","product_availability":"instock","product_retailer_item_id":"4933481024","product_condition":"new"},"_links":{"self":[{"href":"https:\/\/www.eurosmart.hu\/shop\/index.php\/wp-json\/wp\/v2\/product\/2037","targetHints":{"allow":["GET"]}}],"collection":[{"href":"https:\/\/www.eurosmart.hu\/shop\/index.php\/wp-json\/wp\/v2\/product"}],"about":[{"href":"https:\/\/www.eurosmart.hu\/shop\/index.php\/wp-json\/wp\/v2\/types\/product"}],"wp:featuredmedia":[{"embeddable":true,"href":"https:\/\/www.eurosmart.hu\/shop\/index.php\/wp-json\/wp\/v2\/media\/3054"}],"wp:attachment":[{"href":"https:\/\/www.eurosmart.hu\/shop\/index.php\/wp-json\/wp\/v2\/media?parent=2037"}],"wp:term":[{"taxonomy":"product_cat","embeddable":true,"href":"https:\/\/www.eurosmart.hu\/shop\/index.php\/wp-json\/wp\/v2\/product_cat?post=2037"},{"taxonomy":"product_tag","embeddable":true,"href":"https:\/\/www.eurosmart.hu\/shop\/index.php\/wp-json\/wp\/v2\/product_tag?post=2037"}],"curies":[{"name":"wp","href":"https:\/\/api.w.org\/{rel}","templated":true}]}}