{"id":2033,"date":"2023-09-12T08:30:03","date_gmt":"2023-09-12T08:30:03","guid":{"rendered":"https:\/\/www.eurosmart.hu\/shop\/?post_type=product&#038;p=2033"},"modified":"2024-01-22T10:12:16","modified_gmt":"2024-01-22T10:12:16","slug":"milwaukee-m18-ffp2ay-553p-akkus-erocsomag-18v-2x50ah1x55ah-4933481019","status":"publish","type":"product","link":"https:\/\/www.eurosmart.hu\/shop\/index.php\/termek\/milwaukee-m18-ffp2ay-553p-akkus-erocsomag-18v-2x50ah1x55ah-4933481019\/","title":{"rendered":"MILWAUKEE M18 FFP2AY-553P FUEL ER\u0150CSOMAG 2X5,0Ah+1X5,5Ah PACKOUT T\u00c1ROL\u00d3BAN (4933481019)"},"content":{"rendered":"<p><strong>M18 FHX SDS-Plus f\u00far\u00f3-v\u00e9s\u0151kalap\u00e1cs:<\/strong><\/p>\n<ul>\n<li>Kateg\u00f3ri\u00e1j\u00e1ban a leggyorsabb f\u00far\u00f3kalap\u00e1cs, amely n\u00f6veli a termel\u00e9kenys\u00e9get<\/li>\n<li>Er\u0151teljes \u00fct\u0151mechanizmus 2,5 J \u00fct\u0151energi\u00e1t szolg\u00e1ltat alacsony 12,9 m\/s2 vibr\u00e1ci\u00f3 szint mellett<\/li>\n<li>Ak\u00e1r 125 furat \u00d810 x 50 mm m\u00e9retben M18 HIGH OUTPUT 5.5 Ah akkumul\u00e1torral<\/li>\n<li>Az AUTOSTOP a felhaszn\u00e1l\u00f3 biztons\u00e1ga \u00e9rdek\u00e9ben kikapcsolja a szersz\u00e1mot, ha hirtelen elmozdul<\/li>\n<li>FIXTEC rendszer &#8211; kulcsn\u00e9lk\u00fcli tokm\u00e1nycsere<\/li>\n<li>Teljesen f\u00e9m hajt\u00f3m\u0171h\u00e1z &#8211; a fogaskerekek optim\u00e1lis felfekv\u00e9se<\/li>\n<li>4 fokozat\u00fa \u00fczemm\u00f3d kapcsol\u00f3: f\u00far\u00e1s, \u00fctvef\u00far\u00e1s, csavaroz\u00e1s \u00e9s forg\u00e1smeg\u00e1ll\u00edt\u00e1s a maxim\u00e1lis sokoldal\u00fas\u00e1g\u00e9rt<\/li>\n<li>Kompatibilis az M18 FCDDEXL vagy M18 FDDEXL porelsz\u00edv\u00f3val<\/li>\n<li>FUEL platformunk DNS-e \u00fajradefini\u00e1lja a vezet\u00e9k n\u00e9lk\u00fcli technol\u00f3gia egyens\u00faly\u00e1t. A MILWAUKEE\u00ae POWERSTATE sz\u00e9nkefe n\u00e9lk\u00fcli motor, REDLITHIUM akkumul\u00e1tor \u00e9s REDLINK PLUS intelligens elektronika p\u00e1ratlan teljes\u00edtm\u00e9nyt, \u00fczemid\u0151t \u00e9s tart\u00f3ss\u00e1got biztos\u00edt.<\/li>\n<li>A HIGH OUTPUT rendszer \u00faj szintre emeli az M18 FUEL technol\u00f3gi\u00e1t, \u00e9s n\u00f6veli a termel\u00e9kenys\u00e9get \u00e9s meghosszabb\u00edtja az \u00fczemid\u0151t. Ezeket az eszk\u00f6z\u00f6ket \u00fagy tervezt\u00e9k, hogy maxim\u00e1lisan kompatibilisek legyenek<\/li>\n<\/ul>\n<p><strong>M18 FSAG125X sarokcsiszol\u00f3:<\/strong><\/p>\n<ul>\n<li>Veze t\u00e9kes teljes\u00edtm\u00e9nyt ny\u00fajt, hasonl\u00f3an az 1200 wattos sarokcsiszol\u00f3hoz<\/li>\n<li>Kisebb m\u00e9ret\u0171 hajt\u00f3m\u0171h\u00e1z \u00e9s alacsonyabb sz\u00f6g\u0171 akkumul\u00e1tor ny\u00edl\u00e1s &#8211; jobb egyens\u00faly \u00e9s ergon\u00f3mia a kor\u00e1bbi modellhez k\u00e9pest<\/li>\n<li>Karcs\u00fa foganty\u00fa<\/li>\n<li>Visszar\u00fag\u00e1s elleni v\u00e9delem<\/li>\n<li>Az anti-vibr\u00e1ci\u00f3s p\u00f3tfoganty\u00fa cs\u00f6kkenti a vibr\u00e1ci\u00f3t \u00e9s n\u00f6veli a munkav\u00e9gz\u00e9s k\u00e9nyelm\u00e9t<\/li>\n<li>Be\u00e9p\u00edtett FIXTEC rendszer a szersz\u00e1mn\u00e9lk\u00fcli t\u00e1rcsacser\u00e9hez<\/li>\n<li>Fesz\u00fc lts\u00e9g alatti biztons\u00e1gi rel\u00e9 megakad\u00e1lyozza a g\u00e9p automatikus \u00fajraindul\u00e1s\u00e1t<\/li>\n<li>Levehet \u0151 porv\u00e9d\u0151 a porbejut\u00e1s megakad\u00e1lyoz\u00e1s\u00e1ra<\/li>\n<li>12 5 mm kulcsn\u00e9lk\u00fcli v\u00e9d\u0151burkolat<\/li>\n<li>Fels\u0151 cs\u00fasz\u00f3 kapcsol\u00f3 reteszel\u0151 funkci\u00f3val, amely biztos\u00edtja a m\u0171k\u00f6d\u00e9st \u00e1lland\u00f3 tart\u00e1sa n\u00e9lk\u00fcl is<\/li>\n<li>H\u00e1rom kiz\u00e1r\u00f3lagos MILWAUKEE\u00ae innov\u00e1ci\u00f3 jellemzi \u2013 a\u00a0\u00a0POWERSTATE sz\u00e9nkefe n\u00e9lk\u00fcli motor, a\u00a0\u00a0REDLITHIUM-ION akkumul\u00e1tor \u00e9s a REDLINK PLUS\u00a0intelligencia hardver \u00e9s szoftver \u2013 melyek p\u00e1ratlan teljes\u00edtm\u00e9nyt, m\u0171k\u00f6d\u00e9si id\u0151t \u00e9s tart\u00f3ss\u00e1got biztos\u00edtanak a munkater\u00fcleten<\/li>\n<\/ul>\n","protected":false},"excerpt":{"rendered":"<p>A k\u00e9szlet tartalma:<\/p>\n<ul>\n<li>1 db M18 FHX SDS-Plus f\u00far\u00f3-v\u00e9s\u0151kalap\u00e1cs<\/li>\n<li>1 db M18 FSAG125X sarokcsiszol\u00f3<\/li>\n<li>2 db M18 B5 5.0 Ah akkumul\u00e1tor<\/li>\n<li>1 db M18 HB5.5 5.5 Ah akkumul\u00e1tor<\/li>\n<li>1 db M12-18 FC gyorst\u00f6lt\u0151<\/li>\n<li>2 db PACKOUT koffer<\/li>\n<\/ul>\n","protected":false},"featured_media":3051,"template":"","meta":[],"product_cat":[165,171,230,59,232,228,89],"product_tag":[],"class_list":["post-2033","product","type-product","status-publish","has-post-thumbnail","hentry","product_cat-akkumulatoros-gepek","product_cat-akkus-erocsomagok","product_cat-m18-rendszer","product_cat-milwaukee","product_cat-packout-modularis-tarolorendszer","product_cat-rendszer","product_cat-termekek"],"yoast_head":"<!-- This site is optimized with the Yoast SEO Premium plugin v21.3 (Yoast SEO v21.3) - https:\/\/yoast.com\/wordpress\/plugins\/seo\/ -->\n<title>MILWAUKEE M18 FFP2AY-553P FUEL ER\u0150CSOMAG 2X5,0Ah+1X5,5Ah PACKOUT T\u00c1ROL\u00d3BAN (4933481019) - Eurosmart - Milwaukee web\u00e1ruh\u00e1z<\/title>\n<meta name=\"robots\" content=\"index, follow, max-snippet:-1, max-image-preview:large, max-video-preview:-1\" \/>\n<link rel=\"canonical\" href=\"https:\/\/www.eurosmart.hu\/shop\/index.php\/termek\/milwaukee-m18-ffp2ay-553p-akkus-erocsomag-18v-2x50ah1x55ah-4933481019\/\" \/>\n<meta property=\"og:locale\" content=\"hu_HU\" \/>\n<meta property=\"og:type\" content=\"article\" \/>\n<meta property=\"og:title\" content=\"MILWAUKEE M18 FFP2AY-553P FUEL ER\u0150CSOMAG 2X5,0Ah+1X5,5Ah PACKOUT T\u00c1ROL\u00d3BAN (4933481019)\" \/>\n<meta property=\"og:description\" content=\"A k\u00e9szlet tartalma:   1 db M18 FHX SDS-Plus f\u00far\u00f3-v\u00e9s\u0151kalap\u00e1cs  1 db M18 FSAG125X sarokcsiszol\u00f3  2 db M18 B5 5.0 Ah akkumul\u00e1tor  1 db M18 HB5.5 5.5 Ah akkumul\u00e1tor  1 db M12-18 FC gyorst\u00f6lt\u0151  2 db PACKOUT koffer\" \/>\n<meta property=\"og:url\" content=\"https:\/\/www.eurosmart.hu\/shop\/index.php\/termek\/milwaukee-m18-ffp2ay-553p-akkus-erocsomag-18v-2x50ah1x55ah-4933481019\/\" \/>\n<meta property=\"og:site_name\" content=\"Eurosmart - Milwaukee web\u00e1ruh\u00e1z\" \/>\n<meta property=\"article:publisher\" content=\"https:\/\/www.facebook.com\/EurosmartKft\" \/>\n<meta property=\"article:modified_time\" content=\"2024-01-22T10:12:16+00:00\" \/>\n<meta property=\"og:image\" content=\"https:\/\/www.eurosmart.hu\/shop\/wp-content\/uploads\/2023\/09\/4933481019.jpg\" \/>\n\t<meta property=\"og:image:width\" content=\"1000\" \/>\n\t<meta property=\"og:image:height\" content=\"1000\" \/>\n\t<meta property=\"og:image:type\" content=\"image\/jpeg\" \/>\n<meta name=\"twitter:card\" content=\"summary_large_image\" \/>\n<meta name=\"twitter:label1\" content=\"Price\" \/>\n\t<meta name=\"twitter:data1\" content=\"\" \/>\n\t<meta name=\"twitter:label2\" content=\"Availability\" \/>\n\t<meta name=\"twitter:data2\" content=\"In stock\" \/>\n<script type=\"application\/ld+json\" class=\"yoast-schema-graph\">{\"@context\":\"https:\/\/schema.org\",\"@graph\":[{\"@type\":\"WebPage\",\"@id\":\"https:\/\/www.eurosmart.hu\/shop\/index.php\/termek\/milwaukee-m18-ffp2ay-553p-akkus-erocsomag-18v-2x50ah1x55ah-4933481019\/\",\"url\":\"https:\/\/www.eurosmart.hu\/shop\/index.php\/termek\/milwaukee-m18-ffp2ay-553p-akkus-erocsomag-18v-2x50ah1x55ah-4933481019\/\",\"name\":\"MILWAUKEE M18 FFP2AY-553P FUEL ER\u0150CSOMAG 2X5,0Ah+1X5,5Ah PACKOUT T\u00c1ROL\u00d3BAN (4933481019) - Eurosmart - Milwaukee web\u00e1ruh\u00e1z\",\"isPartOf\":{\"@id\":\"https:\/\/www.eurosmart.hu\/shop\/#website\"},\"datePublished\":\"2023-09-12T08:30:03+00:00\",\"dateModified\":\"2024-01-22T10:12:16+00:00\",\"breadcrumb\":{\"@id\":\"https:\/\/www.eurosmart.hu\/shop\/index.php\/termek\/milwaukee-m18-ffp2ay-553p-akkus-erocsomag-18v-2x50ah1x55ah-4933481019\/#breadcrumb\"},\"inLanguage\":\"hu\",\"potentialAction\":[{\"@type\":\"ReadAction\",\"target\":[\"https:\/\/www.eurosmart.hu\/shop\/index.php\/termek\/milwaukee-m18-ffp2ay-553p-akkus-erocsomag-18v-2x50ah1x55ah-4933481019\/\"]}]},{\"@type\":\"BreadcrumbList\",\"@id\":\"https:\/\/www.eurosmart.hu\/shop\/index.php\/termek\/milwaukee-m18-ffp2ay-553p-akkus-erocsomag-18v-2x50ah1x55ah-4933481019\/#breadcrumb\",\"itemListElement\":[{\"@type\":\"ListItem\",\"position\":1,\"name\":\"Kezd\u0151lap\",\"item\":\"https:\/\/www.eurosmart.hu\/shop\/\"},{\"@type\":\"ListItem\",\"position\":2,\"name\":\"Term\u00e9keink\",\"item\":\"https:\/\/www.eurosmart.hu\/shop\/index.php\/uzlet\/\"},{\"@type\":\"ListItem\",\"position\":3,\"name\":\"MILWAUKEE M18 FFP2AY-553P FUEL ER\u0150CSOMAG 2X5,0Ah+1X5,5Ah PACKOUT T\u00c1ROL\u00d3BAN (4933481019)\"}]},{\"@type\":\"WebSite\",\"@id\":\"https:\/\/www.eurosmart.hu\/shop\/#website\",\"url\":\"https:\/\/www.eurosmart.hu\/shop\/\",\"name\":\"Eurosmart - Milwaukee web\u00e1ruh\u00e1z\",\"description\":\"Milwaukee web\u00e1ruh\u00e1z\",\"publisher\":{\"@id\":\"https:\/\/www.eurosmart.hu\/shop\/#organization\"},\"potentialAction\":[{\"@type\":\"SearchAction\",\"target\":{\"@type\":\"EntryPoint\",\"urlTemplate\":\"https:\/\/www.eurosmart.hu\/shop\/?s={search_term_string}\"},\"query-input\":\"required name=search_term_string\"}],\"inLanguage\":\"hu\"},{\"@type\":\"Organization\",\"@id\":\"https:\/\/www.eurosmart.hu\/shop\/#organization\",\"name\":\"Eurosmart - Milwaukee web\u00e1ruh\u00e1z\",\"url\":\"https:\/\/www.eurosmart.hu\/shop\/\",\"logo\":{\"@type\":\"ImageObject\",\"inLanguage\":\"hu\",\"@id\":\"https:\/\/www.eurosmart.hu\/shop\/#\/schema\/logo\/image\/\",\"url\":\"https:\/\/www.eurosmart.hu\/shop\/wp-content\/uploads\/2023\/10\/milwaukee-logo-1.png\",\"contentUrl\":\"https:\/\/www.eurosmart.hu\/shop\/wp-content\/uploads\/2023\/10\/milwaukee-logo-1.png\",\"width\":500,\"height\":200,\"caption\":\"Eurosmart - Milwaukee web\u00e1ruh\u00e1z\"},\"image\":{\"@id\":\"https:\/\/www.eurosmart.hu\/shop\/#\/schema\/logo\/image\/\"},\"sameAs\":[\"https:\/\/www.facebook.com\/EurosmartKft\"]}]}<\/script>\n<meta property=\"product:price:amount\" content=\"0\" \/>\n<meta property=\"product:price:currency\" content=\"HUF\" \/>\n<meta property=\"og:availability\" content=\"instock\" \/>\n<meta property=\"product:availability\" content=\"instock\" \/>\n<meta property=\"product:retailer_item_id\" content=\"4933481019\" \/>\n<meta property=\"product:condition\" content=\"new\" \/>\n<!-- \/ Yoast SEO Premium plugin. -->","yoast_head_json":{"title":"MILWAUKEE M18 FFP2AY-553P FUEL ER\u0150CSOMAG 2X5,0Ah+1X5,5Ah PACKOUT T\u00c1ROL\u00d3BAN (4933481019) - Eurosmart - Milwaukee web\u00e1ruh\u00e1z","robots":{"index":"index","follow":"follow","max-snippet":"max-snippet:-1","max-image-preview":"max-image-preview:large","max-video-preview":"max-video-preview:-1"},"canonical":"https:\/\/www.eurosmart.hu\/shop\/index.php\/termek\/milwaukee-m18-ffp2ay-553p-akkus-erocsomag-18v-2x50ah1x55ah-4933481019\/","og_locale":"hu_HU","og_type":"article","og_title":"MILWAUKEE M18 FFP2AY-553P FUEL ER\u0150CSOMAG 2X5,0Ah+1X5,5Ah PACKOUT T\u00c1ROL\u00d3BAN (4933481019)","og_description":"A k\u00e9szlet tartalma:   1 db M18 FHX SDS-Plus f\u00far\u00f3-v\u00e9s\u0151kalap\u00e1cs  1 db M18 FSAG125X sarokcsiszol\u00f3  2 db M18 B5 5.0 Ah akkumul\u00e1tor  1 db M18 HB5.5 5.5 Ah akkumul\u00e1tor  1 db M12-18 FC gyorst\u00f6lt\u0151  2 db PACKOUT koffer","og_url":"https:\/\/www.eurosmart.hu\/shop\/index.php\/termek\/milwaukee-m18-ffp2ay-553p-akkus-erocsomag-18v-2x50ah1x55ah-4933481019\/","og_site_name":"Eurosmart - Milwaukee web\u00e1ruh\u00e1z","article_publisher":"https:\/\/www.facebook.com\/EurosmartKft","article_modified_time":"2024-01-22T10:12:16+00:00","og_image":[{"width":1000,"height":1000,"url":"https:\/\/www.eurosmart.hu\/shop\/wp-content\/uploads\/2023\/09\/4933481019.jpg","type":"image\/jpeg"}],"twitter_card":"summary_large_image","twitter_misc":{"Price":"","Availability":"In stock"},"schema":{"@context":"https:\/\/schema.org","@graph":[{"@type":"WebPage","@id":"https:\/\/www.eurosmart.hu\/shop\/index.php\/termek\/milwaukee-m18-ffp2ay-553p-akkus-erocsomag-18v-2x50ah1x55ah-4933481019\/","url":"https:\/\/www.eurosmart.hu\/shop\/index.php\/termek\/milwaukee-m18-ffp2ay-553p-akkus-erocsomag-18v-2x50ah1x55ah-4933481019\/","name":"MILWAUKEE M18 FFP2AY-553P FUEL ER\u0150CSOMAG 2X5,0Ah+1X5,5Ah PACKOUT T\u00c1ROL\u00d3BAN (4933481019) - Eurosmart - Milwaukee web\u00e1ruh\u00e1z","isPartOf":{"@id":"https:\/\/www.eurosmart.hu\/shop\/#website"},"datePublished":"2023-09-12T08:30:03+00:00","dateModified":"2024-01-22T10:12:16+00:00","breadcrumb":{"@id":"https:\/\/www.eurosmart.hu\/shop\/index.php\/termek\/milwaukee-m18-ffp2ay-553p-akkus-erocsomag-18v-2x50ah1x55ah-4933481019\/#breadcrumb"},"inLanguage":"hu","potentialAction":[{"@type":"ReadAction","target":["https:\/\/www.eurosmart.hu\/shop\/index.php\/termek\/milwaukee-m18-ffp2ay-553p-akkus-erocsomag-18v-2x50ah1x55ah-4933481019\/"]}]},{"@type":"BreadcrumbList","@id":"https:\/\/www.eurosmart.hu\/shop\/index.php\/termek\/milwaukee-m18-ffp2ay-553p-akkus-erocsomag-18v-2x50ah1x55ah-4933481019\/#breadcrumb","itemListElement":[{"@type":"ListItem","position":1,"name":"Kezd\u0151lap","item":"https:\/\/www.eurosmart.hu\/shop\/"},{"@type":"ListItem","position":2,"name":"Term\u00e9keink","item":"https:\/\/www.eurosmart.hu\/shop\/index.php\/uzlet\/"},{"@type":"ListItem","position":3,"name":"MILWAUKEE M18 FFP2AY-553P FUEL ER\u0150CSOMAG 2X5,0Ah+1X5,5Ah PACKOUT T\u00c1ROL\u00d3BAN (4933481019)"}]},{"@type":"WebSite","@id":"https:\/\/www.eurosmart.hu\/shop\/#website","url":"https:\/\/www.eurosmart.hu\/shop\/","name":"Eurosmart - Milwaukee web\u00e1ruh\u00e1z","description":"Milwaukee web\u00e1ruh\u00e1z","publisher":{"@id":"https:\/\/www.eurosmart.hu\/shop\/#organization"},"potentialAction":[{"@type":"SearchAction","target":{"@type":"EntryPoint","urlTemplate":"https:\/\/www.eurosmart.hu\/shop\/?s={search_term_string}"},"query-input":"required name=search_term_string"}],"inLanguage":"hu"},{"@type":"Organization","@id":"https:\/\/www.eurosmart.hu\/shop\/#organization","name":"Eurosmart - Milwaukee web\u00e1ruh\u00e1z","url":"https:\/\/www.eurosmart.hu\/shop\/","logo":{"@type":"ImageObject","inLanguage":"hu","@id":"https:\/\/www.eurosmart.hu\/shop\/#\/schema\/logo\/image\/","url":"https:\/\/www.eurosmart.hu\/shop\/wp-content\/uploads\/2023\/10\/milwaukee-logo-1.png","contentUrl":"https:\/\/www.eurosmart.hu\/shop\/wp-content\/uploads\/2023\/10\/milwaukee-logo-1.png","width":500,"height":200,"caption":"Eurosmart - Milwaukee web\u00e1ruh\u00e1z"},"image":{"@id":"https:\/\/www.eurosmart.hu\/shop\/#\/schema\/logo\/image\/"},"sameAs":["https:\/\/www.facebook.com\/EurosmartKft"]}]},"product_price_currency":"HUF","og_availability":"instock","product_availability":"instock","product_retailer_item_id":"4933481019","product_condition":"new"},"_links":{"self":[{"href":"https:\/\/www.eurosmart.hu\/shop\/index.php\/wp-json\/wp\/v2\/product\/2033","targetHints":{"allow":["GET"]}}],"collection":[{"href":"https:\/\/www.eurosmart.hu\/shop\/index.php\/wp-json\/wp\/v2\/product"}],"about":[{"href":"https:\/\/www.eurosmart.hu\/shop\/index.php\/wp-json\/wp\/v2\/types\/product"}],"wp:featuredmedia":[{"embeddable":true,"href":"https:\/\/www.eurosmart.hu\/shop\/index.php\/wp-json\/wp\/v2\/media\/3051"}],"wp:attachment":[{"href":"https:\/\/www.eurosmart.hu\/shop\/index.php\/wp-json\/wp\/v2\/media?parent=2033"}],"wp:term":[{"taxonomy":"product_cat","embeddable":true,"href":"https:\/\/www.eurosmart.hu\/shop\/index.php\/wp-json\/wp\/v2\/product_cat?post=2033"},{"taxonomy":"product_tag","embeddable":true,"href":"https:\/\/www.eurosmart.hu\/shop\/index.php\/wp-json\/wp\/v2\/product_tag?post=2033"}],"curies":[{"name":"wp","href":"https:\/\/api.w.org\/{rel}","templated":true}]}}