{"id":2027,"date":"2023-09-12T07:59:02","date_gmt":"2023-09-12T07:59:02","guid":{"rendered":"https:\/\/www.eurosmart.hu\/shop\/?post_type=product&#038;p=2027"},"modified":"2024-01-22T08:49:13","modified_gmt":"2024-01-22T08:49:13","slug":"milwaukee-m12-fpp4c-624p-akkus-erocsomag-12v-2x20ah2x60ah","status":"publish","type":"product","link":"https:\/\/www.eurosmart.hu\/shop\/index.php\/termek\/milwaukee-m12-fpp4c-624p-akkus-erocsomag-12v-2x20ah2x60ah\/","title":{"rendered":"MILWAUKEE M12 FPP4C-624P PROMO ER\u0150CSOMAG 12V 2X2,0Ah+2X6,0Ah HD KOFFERBEN (4933492515)"},"content":{"rendered":"<h5><strong>Milwaukee M12 FPDX <\/strong>FUEL\u2122 SZUPERKOMPAKT LEVEHET\u0150 TOKM\u00c1NY\u00da \u00dcTVEF\u00daR\u00d3-CSAVAROZ\u00d3<\/h5>\n<ul>\n<li>Nagy teljes\u00edtm\u00e9ny\u0171, 6 az 1-ben akkus \u00fctvef\u00far\u00f3-csavaroz\u00f3 a rendk\u00edv\u00fcli sokoldal\u00fas\u00e1g\u00e9rt<\/li>\n<li>Levehet\u0151 tokm\u00e1ny 3 k\u00fcl\u00f6nb\u00f6z\u0151 fejjel a sokoldal\u00fa alkalmaz\u00e1s\u00e9rt<\/li>\n<li>Sz\u00e9nkefe n\u00e9lk\u00fcli Powerstate\u2122 motor<\/li>\n<li>Redlink Plus\u2122 intelligens elektronika: a fejlett digit\u00e1lis t\u00falterhel\u00e9sv\u00e9delem az akkumul\u00e1tor \u00e9s a g\u00e9p v\u00e9delm\u00e9\u00e9rt, jav\u00edtja a g\u00e9p teljes\u00edtm\u00e9ny\u00e9t terhel\u00e9s alatt<\/li>\n<li>A Redlithium\u2122 akkumul\u00e1tor kit\u0171n\u0151 min\u0151s\u00e9g\u0171 konstrukci\u00f3t \u00a0\u00e9s elektronik\u00e1t k\u00edn\u00e1l, valamint lemer\u00fcl\u00e9s-biztos, \u00edgy hosszabb m\u0171k\u00f6d\u00e9si id\u0151t \u00e9s hosszabb ideig tart\u00f3 munkav\u00e9gz\u00e9st biztos\u00edt az akkumul\u00e1tor \u00e9lettartama alatt<\/li>\n<li>13 mm kulcs n\u00e9lk\u00fcli tokm\u00e1ny, teljesen f\u00e9m \u00bc\u2033 hatsz\u00f6g befog\u00e1s\u00fa sarokf\u00far\u00f3 fej \u00e9s teljesen f\u00e9m \u00a0\u00bc\u2033 hatsz\u00f6g befog\u00e1s\u00fa pozicion\u00e1lt csavaroz\u00f3 fej<\/li>\n<li>\u00bc\u2033 hatsz\u00f6g befog\u00e1s\u00fa tokm\u00e1ny, elt\u00e1vol\u00edt\u00e1sa eset\u00e9n cs\u00f6kken a f\u00far\u00f3g\u00e9p hossza 138 mm-re<\/li>\n<li>Teljesen f\u00e9m bolyg\u00f3kerekes hajt\u00f3m\u0171 a tart\u00f3ss\u00e1g\u00e9rt<\/li>\n<li>LED f\u00e9ny a munkater\u00fclet megvil\u00e1g\u00edt\u00e1s\u00e1hoz<\/li>\n<li>Rugalmas akkumul\u00e1tor rendszerrel &#8211; Milwaukee\u00ae M12\u2122 akkumul\u00e1torokkal m\u0171k\u00f6dik<\/li>\n<\/ul>\n<h5><strong>Milwaukee M12 CHZ <\/strong>FUEL\u2122 SZUPERKOMPAKT K\u00c9ZIF\u0170R\u00c9SZ<\/h5>\n<ul>\n<li>Milwaukee\u00ae tervez\u00e9s\u0171 \u00e9s kivitelez\u00e9s\u0171 POWERSTATE\u2122 sz\u00e9nkefe n\u00e9lk\u00fcli motor: ak\u00e1r 6x hosszabb \u00e9lettartam \u00e9s ak\u00e1r 70%-kal gyorsabb v\u00e1g\u00e1s adott alkalmaz\u00e1sokn\u00e1l. REDLINK PLUS\u2122 intelligens elektronika: a legfejlettebb digit\u00e1lis t\u00falterhel\u00e9sv\u00e9delem az akkumul\u00e1tor \u00e9s a g\u00e9p v\u00e9delm\u00e9\u00e9rt, oszt\u00e1ly\u00e1ban a legjobb tart\u00f3ss\u00e1got ny\u00fajtja.<\/li>\n<li>A REDLITHIUM-ION\u2122 akkumul\u00e1tor ak\u00e1r 2x hosszabb m\u0171k\u00f6d\u00e9si id\u0151t, ak\u00e1r 20%-kal t\u00f6bb er\u0151t \u00e9s ak\u00e1r 2x hosszabb akkumul\u00e1tor-\u00e9lettartamot biztos\u00edt, tov\u00e1bb\u00e1 -20 \u00b0C-ig jobban m\u0171k\u00f6dik, mint m\u00e1s l\u00edtium-ion rendszerek. Egyedi cellafigyel\u0151 rendszer optimaliz\u00e1lja a m\u0171k\u00f6d\u00e9si id\u0151t \u00e9s biztos\u00edtja az akkumul\u00e1tor hossz\u00fa t\u00e1v\u00fa tart\u00f3ss\u00e1g\u00e1t. Milwaukee\u00ae szabadalmaztatott FIXTEC f\u0171r\u00e9szlap leszor\u00edt\u00f3 a gyors \u00e9s k\u00f6nny\u0171 kulcsn\u00e9lk\u00fcli f\u0171r\u00e9szlap cser\u00e9\u00e9rt.<\/li>\n<li>Kiegyens\u00falyoz\u00f3 mechanizmusnak k\u00f6sz\u00f6nhet\u0151en a vibr\u00e1ci\u00f3 szintje alacsonyabb (6,5 m\/s2), ez lehet\u0151v\u00e9 teszi a hossz\u00fa t\u00e1v\u00fa biztons\u00e1gos f\u00e1rads\u00e1gmentes munkav\u00e9gz\u00e9st. Z\u00e1rt hajt\u00f3m\u0171h\u00e1z megel\u0151zi a v\u00edz \u00e9s forg\u00e1cs beker\u00fcl\u00e9s\u00e9t a h\u00e1zba.<\/li>\n<li>LED f\u00e9ny megvil\u00e1g\u00edtja a v\u00e1g\u00e1s vonal\u00e1t.<\/li>\n<li>Kompakt \u00e9s k\u00f6nny\u0171, lehet\u0151v\u00e9 teszi a kezel\u0151 sz\u00e1m\u00e1ra a nehezen el\u00e9rhet\u0151 helyeken v\u00e9gzett alkalmaz\u00e1st.<\/li>\n<\/ul>\n<h5>Milwaukee M12 CH FUEL\u2122 SZUPERKOMPAKT SDS-PLUS KALAP\u00c1CS<\/h5>\n<ul>\n<li>Kateg\u00f3ri\u00e1j\u00e1ban az els\u0151 kompakt 12 V f\u00far\u00f3kalap\u00e1cs 1,1 J (EPTA) \u00fct\u0151energi\u00e1val, 0-6575 percenk\u00e9nti \u00fct\u00e9ssz\u00e1mmal \u00e9s 0-900 percenk\u00e9nti fordulatsz\u00e1mmal<\/li>\n<li>Alacsony vibr\u00e1ci\u00f3 szint (4,4 m\/s\u00b2) lehet\u0151v\u00e9 teszi az ak\u00e1r 8 \u00f3r\u00e1n \u00e1t tart\u00f3 napi haszn\u00e1latot<\/li>\n<li>Egy t\u00f6lt\u00e9ssel t\u00f6bb, mint 60 db 50 mm x 6 mm-es furat k\u00e9sz\u00edthet\u0151<\/li>\n<li>Sz\u00e9nkefe n\u00e9lk\u00fcli POWERSTATE\u2122 motor: ak\u00e1r 3x hosszabb \u00e9lettartam \u00e9s ak\u00e1r 2x hosszabb m\u0171k\u00f6d\u00e9si id\u0151<\/li>\n<li>REDLINK PLUS\u2122 intelligens elektronika: a fejlett digit\u00e1lis t\u00falterhel\u00e9sv\u00e9delem az akkumul\u00e1tor \u00e9s a g\u00e9p v\u00e9delm\u00e9\u00e9rt, jav\u00edtja a g\u00e9p teljes\u00edtm\u00e9ny\u00e9t terhel\u00e9s alatt<\/li>\n<li>A REDLITHIUM\u2122 akkumul\u00e1tor kit\u0171n\u0151 min\u0151s\u00e9g\u0171 konstrukci\u00f3t \u00e9s elektronik\u00e1t k\u00edn\u00e1l, valamint lemer\u00fcl\u00e9s-biztos, \u00edgy hosszabb m\u0171k\u00f6d\u00e9si id\u0151t \u00e9s hosszabb ideig tart\u00f3 munkav\u00e9gz\u00e9st biztos\u00edt az akkumul\u00e1tor \u00e9lettartama alatt<\/li>\n<li>K\u00e9t fokozat\u00fa \u00fczemm\u00f3d kapcsol\u00f3: a sokoldal\u00fas\u00e1g\u00e9rt v\u00e1lassza a f\u00far\u00f3kalap\u00e1cs vagy f\u00far\u00e1s \u00fczemm\u00f3dot<\/li>\n<li>Optim\u00e1lis \u00fctvef\u00far\u00e1s: ak\u00e1r 6-10 mm furat (max. 13 mm) k\u00e9sz\u00edthet\u0151<\/li>\n<li>43 mm nyak\u00e1tm\u00e9r\u0151 &#8211; kompatibilis az M12 DE porelsz\u00edv\u00f3val<\/li>\n<li>Rugalmas akkumul\u00e1tor rendszerrel &#8211; MILWAUKEE\u00ae M12\u2122 akkumul\u00e1torokkal m\u0171k\u00f6dik2 db M12 B2 akkumul\u00e1tor<\/li>\n<\/ul>\n<h5>M12 PAL FORGATHAT\u00d3 L\u00c1MPA<\/h5>\n<ul class=\"ProductFeaturesTextstyles__FeatureList-fxqvf2-1 eacpVB\">\n<li class=\"ProductFeaturesTextstyles__Feature-fxqvf2-3 ggyeUS\">TRUEVIEW\u2122 nagy teljes\u00edtm\u00e9ny\u0171 vil\u00e1g\u00edt\u00e1s ak\u00e1r 700 lumen f\u00e9ny\u00e1rammal<\/li>\n<li class=\"ProductFeaturesTextstyles__Feature-fxqvf2-3 ggyeUS\">Ak\u00e1r 24 \u00f3ra m\u0171k\u00f6d\u00e9si id\u0151\u00a0<a href=\"https:\/\/hu.milwaukeetool.eu\/systems\/m12\/\">M12\u2122<\/a>\u00a04,0 Ah-s akkumul\u00e1torral<\/li>\n<li class=\"ProductFeaturesTextstyles__Feature-fxqvf2-3 ggyeUS\">Er\u0151teljes m\u00e1gnesekkel \u00e9s minden ir\u00e1nyban 110\u00b0-ban forg\u00f3 vil\u00e1g\u00edt\u00f3 f\u00e9nyforr\u00e1s diz\u00e1jnnal a t\u00f6bb sug\u00e1rz\u00e1si opci\u00f3 biztos\u00edt\u00e1sa c\u00e9lj\u00e1b\u00f3l<\/li>\n<li class=\"ProductFeaturesTextstyles__Feature-fxqvf2-3 ggyeUS\">Rendk\u00edv\u00fcl tart\u00f3s \u00e9s \u00fct\u00e9s\u00e1ll\u00f3 kivitel, amely ellen\u00e1ll a legfeljebb 3 m\u00e9ter magasr\u00f3l t\u00f6rt\u00e9n\u0151 es\u00e9snek<\/li>\n<li class=\"ProductFeaturesTextstyles__Feature-fxqvf2-3 ggyeUS\">A legkompaktabb\u00a0<a href=\"https:\/\/hu.milwaukeetool.eu\/systems\/m12\/\">M12\u2122<\/a>\u00a0f\u00e9nysz\u00f3r\u00f3 a szervizel\u00e9st \u00e9s karbantart\u00e1st v\u00e9gz\u0151 szakemberek \u00fat k\u00f6zbeni ig\u00e9nyeihez alak\u00edtva<\/li>\n<li class=\"ProductFeaturesTextstyles__Feature-fxqvf2-3 ggyeUS\">2,1 A-es USB kimenet az USB eszk\u00f6z t\u00f6lt\u00e9s\u00e9hez<\/li>\n<li class=\"ProductFeaturesTextstyles__Feature-fxqvf2-3 ggyeUS\">IP54-min\u0151s\u00edt\u00e9s: por \u00e9s fr\u00f6ccsen\u0151 v\u00edz ellen v\u00e9dett<\/li>\n<li class=\"ProductFeaturesTextstyles__Feature-fxqvf2-3 ggyeUS\">Alacsony t\u00f6lt\u00f6tts\u00e9g kijelz\u0151: villog\u00f3 f\u00e9ny jelzi az akkumul\u00e1tor alacsony t\u00f6lt\u00f6tts\u00e9g\u00e9t<\/li>\n<li class=\"ProductFeaturesTextstyles__Feature-fxqvf2-3 ggyeUS\">Rugalmas akkumul\u00e1tor rendszerrel &#8211; MILWAUKEE\u00ae\u00a0<a href=\"https:\/\/hu.milwaukeetool.eu\/systems\/m12\/\">M12\u2122<\/a>\u00a0akkumul\u00e1torokkal m\u0171k\u00f6dik<\/li>\n<\/ul>\n","protected":false},"excerpt":{"rendered":"<p><strong>A k\u00e9szlet tartalma:<\/strong><\/p>\n<ul>\n<li>1 db M12 FPDX \u00fctvef\u00far\u00f3-csavaroz\u00f3, cser\u00e9lhet\u0151 tokm\u00e1nnyal<\/li>\n<li>1 db M12 CH szuperkompakt SDS-Plus kalap\u00e1cs<\/li>\n<li>1 db M12 CHZ univerz\u00e1lis k\u00e9zif\u0171r\u00e9sz<\/li>\n<li>1 db M12 PAL forgathat\u00f3 LED l\u00e1mpa<\/li>\n<li>2 db M12 B6 6.0 Ah akkumul\u00e1tor<\/li>\n<li>2 db M12 B2 2.0 Ah akkumul\u00e1tor<\/li>\n<li>1 db M12 C12 C t\u00f6lt\u0151<\/li>\n<li>1 db Heavy Duty koffer<\/li>\n<\/ul>\n","protected":false},"featured_media":3048,"template":"","meta":[],"product_cat":[165,171,231,59,228,89],"product_tag":[],"class_list":["post-2027","product","type-product","status-publish","has-post-thumbnail","hentry","product_cat-akkumulatoros-gepek","product_cat-akkus-erocsomagok","product_cat-m12-rendszer","product_cat-milwaukee","product_cat-rendszer","product_cat-termekek"],"yoast_head":"<!-- This site is optimized with the Yoast SEO Premium plugin v21.3 (Yoast SEO v21.3) - https:\/\/yoast.com\/wordpress\/plugins\/seo\/ -->\n<title>MILWAUKEE M12 FPP4C-624P PROMO ER\u0150CSOMAG 12V 2X2,0Ah+2X6,0Ah HD KOFFERBEN (4933492515) - Eurosmart - Milwaukee web\u00e1ruh\u00e1z<\/title>\n<meta name=\"robots\" content=\"index, follow, max-snippet:-1, max-image-preview:large, max-video-preview:-1\" \/>\n<link rel=\"canonical\" href=\"https:\/\/www.eurosmart.hu\/shop\/index.php\/termek\/milwaukee-m12-fpp4c-624p-akkus-erocsomag-12v-2x20ah2x60ah\/\" \/>\n<meta property=\"og:locale\" content=\"hu_HU\" \/>\n<meta property=\"og:type\" content=\"article\" \/>\n<meta property=\"og:title\" content=\"MILWAUKEE M12 FPP4C-624P PROMO ER\u0150CSOMAG 12V 2X2,0Ah+2X6,0Ah HD KOFFERBEN (4933492515)\" \/>\n<meta property=\"og:description\" content=\"A k\u00e9szlet tartalma:   1 db M12 FPDX \u00fctvef\u00far\u00f3-csavaroz\u00f3, cser\u00e9lhet\u0151 tokm\u00e1nnyal  1 db M12 CH szuperkompakt SDS-Plus kalap\u00e1cs  1 db M12 CHZ univerz\u00e1lis k\u00e9zif\u0171r\u00e9sz  1 db M12 PAL forgathat\u00f3 LED l\u00e1mpa  2 db M12 B6 6.0 Ah akkumul\u00e1tor  2 db M12 B2 2.0 Ah akkumul\u00e1tor  1 db M12 C12 C t\u00f6lt\u0151  1 db Heavy Duty koffer\" \/>\n<meta property=\"og:url\" content=\"https:\/\/www.eurosmart.hu\/shop\/index.php\/termek\/milwaukee-m12-fpp4c-624p-akkus-erocsomag-12v-2x20ah2x60ah\/\" \/>\n<meta property=\"og:site_name\" content=\"Eurosmart - Milwaukee web\u00e1ruh\u00e1z\" \/>\n<meta property=\"article:publisher\" content=\"https:\/\/www.facebook.com\/EurosmartKft\" \/>\n<meta property=\"article:modified_time\" content=\"2024-01-22T08:49:13+00:00\" \/>\n<meta property=\"og:image\" content=\"https:\/\/www.eurosmart.hu\/shop\/wp-content\/uploads\/2023\/09\/4933492515.jpg\" \/>\n\t<meta property=\"og:image:width\" content=\"1000\" \/>\n\t<meta property=\"og:image:height\" content=\"1000\" \/>\n\t<meta property=\"og:image:type\" content=\"image\/jpeg\" \/>\n<meta name=\"twitter:card\" content=\"summary_large_image\" \/>\n<meta name=\"twitter:label1\" content=\"Price\" \/>\n\t<meta name=\"twitter:data1\" content=\"\" \/>\n\t<meta name=\"twitter:label2\" content=\"Availability\" \/>\n\t<meta name=\"twitter:data2\" content=\"In stock\" \/>\n<script type=\"application\/ld+json\" class=\"yoast-schema-graph\">{\"@context\":\"https:\/\/schema.org\",\"@graph\":[{\"@type\":\"WebPage\",\"@id\":\"https:\/\/www.eurosmart.hu\/shop\/index.php\/termek\/milwaukee-m12-fpp4c-624p-akkus-erocsomag-12v-2x20ah2x60ah\/\",\"url\":\"https:\/\/www.eurosmart.hu\/shop\/index.php\/termek\/milwaukee-m12-fpp4c-624p-akkus-erocsomag-12v-2x20ah2x60ah\/\",\"name\":\"MILWAUKEE M12 FPP4C-624P PROMO ER\u0150CSOMAG 12V 2X2,0Ah+2X6,0Ah HD KOFFERBEN (4933492515) - Eurosmart - Milwaukee web\u00e1ruh\u00e1z\",\"isPartOf\":{\"@id\":\"https:\/\/www.eurosmart.hu\/shop\/#website\"},\"datePublished\":\"2023-09-12T07:59:02+00:00\",\"dateModified\":\"2024-01-22T08:49:13+00:00\",\"breadcrumb\":{\"@id\":\"https:\/\/www.eurosmart.hu\/shop\/index.php\/termek\/milwaukee-m12-fpp4c-624p-akkus-erocsomag-12v-2x20ah2x60ah\/#breadcrumb\"},\"inLanguage\":\"hu\",\"potentialAction\":[{\"@type\":\"ReadAction\",\"target\":[\"https:\/\/www.eurosmart.hu\/shop\/index.php\/termek\/milwaukee-m12-fpp4c-624p-akkus-erocsomag-12v-2x20ah2x60ah\/\"]}]},{\"@type\":\"BreadcrumbList\",\"@id\":\"https:\/\/www.eurosmart.hu\/shop\/index.php\/termek\/milwaukee-m12-fpp4c-624p-akkus-erocsomag-12v-2x20ah2x60ah\/#breadcrumb\",\"itemListElement\":[{\"@type\":\"ListItem\",\"position\":1,\"name\":\"Kezd\u0151lap\",\"item\":\"https:\/\/www.eurosmart.hu\/shop\/\"},{\"@type\":\"ListItem\",\"position\":2,\"name\":\"Term\u00e9keink\",\"item\":\"https:\/\/www.eurosmart.hu\/shop\/index.php\/uzlet\/\"},{\"@type\":\"ListItem\",\"position\":3,\"name\":\"MILWAUKEE M12 FPP4C-624P PROMO ER\u0150CSOMAG 12V 2X2,0Ah+2X6,0Ah HD KOFFERBEN (4933492515)\"}]},{\"@type\":\"WebSite\",\"@id\":\"https:\/\/www.eurosmart.hu\/shop\/#website\",\"url\":\"https:\/\/www.eurosmart.hu\/shop\/\",\"name\":\"Eurosmart - Milwaukee web\u00e1ruh\u00e1z\",\"description\":\"Milwaukee web\u00e1ruh\u00e1z\",\"publisher\":{\"@id\":\"https:\/\/www.eurosmart.hu\/shop\/#organization\"},\"potentialAction\":[{\"@type\":\"SearchAction\",\"target\":{\"@type\":\"EntryPoint\",\"urlTemplate\":\"https:\/\/www.eurosmart.hu\/shop\/?s={search_term_string}\"},\"query-input\":\"required name=search_term_string\"}],\"inLanguage\":\"hu\"},{\"@type\":\"Organization\",\"@id\":\"https:\/\/www.eurosmart.hu\/shop\/#organization\",\"name\":\"Eurosmart - Milwaukee web\u00e1ruh\u00e1z\",\"url\":\"https:\/\/www.eurosmart.hu\/shop\/\",\"logo\":{\"@type\":\"ImageObject\",\"inLanguage\":\"hu\",\"@id\":\"https:\/\/www.eurosmart.hu\/shop\/#\/schema\/logo\/image\/\",\"url\":\"https:\/\/www.eurosmart.hu\/shop\/wp-content\/uploads\/2023\/10\/milwaukee-logo-1.png\",\"contentUrl\":\"https:\/\/www.eurosmart.hu\/shop\/wp-content\/uploads\/2023\/10\/milwaukee-logo-1.png\",\"width\":500,\"height\":200,\"caption\":\"Eurosmart - Milwaukee web\u00e1ruh\u00e1z\"},\"image\":{\"@id\":\"https:\/\/www.eurosmart.hu\/shop\/#\/schema\/logo\/image\/\"},\"sameAs\":[\"https:\/\/www.facebook.com\/EurosmartKft\"]}]}<\/script>\n<meta property=\"product:price:amount\" content=\"0\" \/>\n<meta property=\"product:price:currency\" content=\"HUF\" \/>\n<meta property=\"og:availability\" content=\"instock\" \/>\n<meta property=\"product:availability\" content=\"instock\" \/>\n<meta property=\"product:retailer_item_id\" content=\"4933492515\" \/>\n<meta property=\"product:condition\" content=\"new\" \/>\n<!-- \/ Yoast SEO Premium plugin. -->","yoast_head_json":{"title":"MILWAUKEE M12 FPP4C-624P PROMO ER\u0150CSOMAG 12V 2X2,0Ah+2X6,0Ah HD KOFFERBEN (4933492515) - Eurosmart - Milwaukee web\u00e1ruh\u00e1z","robots":{"index":"index","follow":"follow","max-snippet":"max-snippet:-1","max-image-preview":"max-image-preview:large","max-video-preview":"max-video-preview:-1"},"canonical":"https:\/\/www.eurosmart.hu\/shop\/index.php\/termek\/milwaukee-m12-fpp4c-624p-akkus-erocsomag-12v-2x20ah2x60ah\/","og_locale":"hu_HU","og_type":"article","og_title":"MILWAUKEE M12 FPP4C-624P PROMO ER\u0150CSOMAG 12V 2X2,0Ah+2X6,0Ah HD KOFFERBEN (4933492515)","og_description":"A k\u00e9szlet tartalma:   1 db M12 FPDX \u00fctvef\u00far\u00f3-csavaroz\u00f3, cser\u00e9lhet\u0151 tokm\u00e1nnyal  1 db M12 CH szuperkompakt SDS-Plus kalap\u00e1cs  1 db M12 CHZ univerz\u00e1lis k\u00e9zif\u0171r\u00e9sz  1 db M12 PAL forgathat\u00f3 LED l\u00e1mpa  2 db M12 B6 6.0 Ah akkumul\u00e1tor  2 db M12 B2 2.0 Ah akkumul\u00e1tor  1 db M12 C12 C t\u00f6lt\u0151  1 db Heavy Duty koffer","og_url":"https:\/\/www.eurosmart.hu\/shop\/index.php\/termek\/milwaukee-m12-fpp4c-624p-akkus-erocsomag-12v-2x20ah2x60ah\/","og_site_name":"Eurosmart - Milwaukee web\u00e1ruh\u00e1z","article_publisher":"https:\/\/www.facebook.com\/EurosmartKft","article_modified_time":"2024-01-22T08:49:13+00:00","og_image":[{"width":1000,"height":1000,"url":"https:\/\/www.eurosmart.hu\/shop\/wp-content\/uploads\/2023\/09\/4933492515.jpg","type":"image\/jpeg"}],"twitter_card":"summary_large_image","twitter_misc":{"Price":"","Availability":"In stock"},"schema":{"@context":"https:\/\/schema.org","@graph":[{"@type":"WebPage","@id":"https:\/\/www.eurosmart.hu\/shop\/index.php\/termek\/milwaukee-m12-fpp4c-624p-akkus-erocsomag-12v-2x20ah2x60ah\/","url":"https:\/\/www.eurosmart.hu\/shop\/index.php\/termek\/milwaukee-m12-fpp4c-624p-akkus-erocsomag-12v-2x20ah2x60ah\/","name":"MILWAUKEE M12 FPP4C-624P PROMO ER\u0150CSOMAG 12V 2X2,0Ah+2X6,0Ah HD KOFFERBEN (4933492515) - Eurosmart - Milwaukee web\u00e1ruh\u00e1z","isPartOf":{"@id":"https:\/\/www.eurosmart.hu\/shop\/#website"},"datePublished":"2023-09-12T07:59:02+00:00","dateModified":"2024-01-22T08:49:13+00:00","breadcrumb":{"@id":"https:\/\/www.eurosmart.hu\/shop\/index.php\/termek\/milwaukee-m12-fpp4c-624p-akkus-erocsomag-12v-2x20ah2x60ah\/#breadcrumb"},"inLanguage":"hu","potentialAction":[{"@type":"ReadAction","target":["https:\/\/www.eurosmart.hu\/shop\/index.php\/termek\/milwaukee-m12-fpp4c-624p-akkus-erocsomag-12v-2x20ah2x60ah\/"]}]},{"@type":"BreadcrumbList","@id":"https:\/\/www.eurosmart.hu\/shop\/index.php\/termek\/milwaukee-m12-fpp4c-624p-akkus-erocsomag-12v-2x20ah2x60ah\/#breadcrumb","itemListElement":[{"@type":"ListItem","position":1,"name":"Kezd\u0151lap","item":"https:\/\/www.eurosmart.hu\/shop\/"},{"@type":"ListItem","position":2,"name":"Term\u00e9keink","item":"https:\/\/www.eurosmart.hu\/shop\/index.php\/uzlet\/"},{"@type":"ListItem","position":3,"name":"MILWAUKEE M12 FPP4C-624P PROMO ER\u0150CSOMAG 12V 2X2,0Ah+2X6,0Ah HD KOFFERBEN (4933492515)"}]},{"@type":"WebSite","@id":"https:\/\/www.eurosmart.hu\/shop\/#website","url":"https:\/\/www.eurosmart.hu\/shop\/","name":"Eurosmart - Milwaukee web\u00e1ruh\u00e1z","description":"Milwaukee web\u00e1ruh\u00e1z","publisher":{"@id":"https:\/\/www.eurosmart.hu\/shop\/#organization"},"potentialAction":[{"@type":"SearchAction","target":{"@type":"EntryPoint","urlTemplate":"https:\/\/www.eurosmart.hu\/shop\/?s={search_term_string}"},"query-input":"required name=search_term_string"}],"inLanguage":"hu"},{"@type":"Organization","@id":"https:\/\/www.eurosmart.hu\/shop\/#organization","name":"Eurosmart - Milwaukee web\u00e1ruh\u00e1z","url":"https:\/\/www.eurosmart.hu\/shop\/","logo":{"@type":"ImageObject","inLanguage":"hu","@id":"https:\/\/www.eurosmart.hu\/shop\/#\/schema\/logo\/image\/","url":"https:\/\/www.eurosmart.hu\/shop\/wp-content\/uploads\/2023\/10\/milwaukee-logo-1.png","contentUrl":"https:\/\/www.eurosmart.hu\/shop\/wp-content\/uploads\/2023\/10\/milwaukee-logo-1.png","width":500,"height":200,"caption":"Eurosmart - Milwaukee web\u00e1ruh\u00e1z"},"image":{"@id":"https:\/\/www.eurosmart.hu\/shop\/#\/schema\/logo\/image\/"},"sameAs":["https:\/\/www.facebook.com\/EurosmartKft"]}]},"product_price_currency":"HUF","og_availability":"instock","product_availability":"instock","product_retailer_item_id":"4933492515","product_condition":"new"},"_links":{"self":[{"href":"https:\/\/www.eurosmart.hu\/shop\/index.php\/wp-json\/wp\/v2\/product\/2027","targetHints":{"allow":["GET"]}}],"collection":[{"href":"https:\/\/www.eurosmart.hu\/shop\/index.php\/wp-json\/wp\/v2\/product"}],"about":[{"href":"https:\/\/www.eurosmart.hu\/shop\/index.php\/wp-json\/wp\/v2\/types\/product"}],"wp:featuredmedia":[{"embeddable":true,"href":"https:\/\/www.eurosmart.hu\/shop\/index.php\/wp-json\/wp\/v2\/media\/3048"}],"wp:attachment":[{"href":"https:\/\/www.eurosmart.hu\/shop\/index.php\/wp-json\/wp\/v2\/media?parent=2027"}],"wp:term":[{"taxonomy":"product_cat","embeddable":true,"href":"https:\/\/www.eurosmart.hu\/shop\/index.php\/wp-json\/wp\/v2\/product_cat?post=2027"},{"taxonomy":"product_tag","embeddable":true,"href":"https:\/\/www.eurosmart.hu\/shop\/index.php\/wp-json\/wp\/v2\/product_tag?post=2027"}],"curies":[{"name":"wp","href":"https:\/\/api.w.org\/{rel}","templated":true}]}}