{"id":2025,"date":"2023-09-12T07:43:40","date_gmt":"2023-09-12T07:43:40","guid":{"rendered":"https:\/\/www.eurosmart.hu\/shop\/?post_type=product&#038;p=2025"},"modified":"2024-01-17T12:09:23","modified_gmt":"2024-01-17T12:09:23","slug":"milwaukee-m12-fpp2h2-423x-akkus-erocsomag-18v-1x20ah2x40ah-4933481027","status":"publish","type":"product","link":"https:\/\/www.eurosmart.hu\/shop\/index.php\/termek\/milwaukee-m12-fpp2h2-423x-akkus-erocsomag-18v-1x20ah2x40ah-4933481027\/","title":{"rendered":"MILWAUKEE M12 FPP2H2-423X AKKUS ER\u0150CSOMAG 12V 1X2,0Ah+2X4,0Ah HD KOFFERBEN (4933481027)"},"content":{"rendered":"<h5>Milwaukee M12 FPD2 FUEL\u2122 SZUPERKOMPAKT \u00dcTVEF\u00daR\u00d3-CSAVAROZ\u00d3<\/h5>\n<ul>\n<li>Rendk\u00edv\u00fcl kompakt kialak\u00edt\u00e1s, 152 mm hossz\u00fa a sz\u0171k helyekre val\u00f3 hozz\u00e1f\u00e9r\u00e9s \u00e9rdek\u00e9ben<\/li>\n<li>45 Nm forgat\u00f3nyomat\u00e9k \u2013 kiv\u00e1l\u00f3 teljes\u00edtm\u00e9ny-m\u00e9ret ar\u00e1ny<\/li>\n<li>13 mm-es heavy duty f\u00e9m tokm\u00e1ny a gyors bitcser\u00e9hez \u00e9s a f\u00far\u00f3sz\u00e1r megtart\u00e1s\u00e1hoz<\/li>\n<li>Mechanikus tengelykapcsol\u00f3 13 nyomat\u00e9kbe\u00e1ll\u00edt\u00e1ssal, \u00e9s plusz 1 be\u00e1ll\u00edt\u00e1ssal reteszelt tengelykapcsol\u00f3 f\u00far\u00e1shoz, valamint 1 reteszelt tengelykapcsol\u00f3 \u00fct\u00e9shez<\/li>\n<li>T\u00f6lt\u00e9sszintjelz\u0151, f\u00e9m \u00f6vcsipesz \u00e9s LED f\u00e9ny<\/li>\n<li>FUEL platformunk DNS-e \u00fajradefini\u00e1lja a vezet\u00e9k n\u00e9lk\u00fcli technol\u00f3gia egyens\u00faly\u00e1t. A MILWAUKEE\u00ae POWERSTATE sz\u00e9nkefe n\u00e9lk\u00fcli motor, REDLITHIUM akkumul\u00e1tor \u00e9s REDLINK PLUS intelligens elektronika p\u00e1ratlan teljes\u00edtm\u00e9nyt, \u00fczemid\u0151t \u00e9s tart\u00f3ss\u00e1got biztos\u00edt.<\/li>\n<\/ul>\n<h5>Milwaukee M12 FIWF12 FUEL\u2122 SZUPERKOMPAKT 1\/2\u2033 \u00dcTVECSAVAROZ\u00d3<\/h5>\n<ul>\n<li>Nag yobb teljes\u00edtm\u00e9ny, kompaktabb m\u00e9ret, jobb ir\u00e1ny\u00edthat\u00f3s\u00e1g<\/li>\n<li>Ak\u00e1r 339 Nm max. nyomat\u00e9k<\/li>\n<li>1\/2&#8243;-os, biztos\u00edt\u00f3 gy\u0171r\u0171vel ell\u00e1tott szersz\u00e1mbefog\u00f3 a gyors \u00e9s k\u00f6nny\u0171 szersz\u00e1mcsere \u00e9rdek\u00e9ben<\/li>\n<li>Milwaukee\u00ae tervez\u00e9s\u0171 \u00e9s kivitelez\u00e9s\u0171 sz\u00e9nkefe n\u00e9lk\u00fcli POWERSTATE motor: nagyobb teljes\u00edtm\u00e9nyt ny\u00fajt kisebb m\u00e9retben<\/li>\n<li>REDLINK PLUS intelligens elektronika: a fejlett digit\u00e1lis t\u00falterhel\u00e9sv\u00e9delem az akkumul\u00e1tor \u00e9s a g\u00e9p v\u00e9delm\u00e9\u00e9rt, jav\u00edtja a g\u00e9p teljes\u00edtm\u00e9ny\u00e9t terhel\u00e9s alatt<\/li>\n<li>A REDLITHIUM-ION akkumul\u00e1tor kit\u0171n\u0151 min\u0151s\u00e9g\u0171 konstrukci\u00f3t \u00e9s elektronik\u00e1t k\u00edn\u00e1l, valamint lemer\u00fcl\u00e9s-biztos, \u00edgy hosszabb m\u0171k\u00f6d\u00e9si id\u0151t \u00e9s hosszabb ideig tart\u00f3 munkav\u00e9gz\u00e9st biztos\u00edt az akkumul\u00e1tor \u00e9lettartama alatt<\/li>\n<li>Egyedi cellafigyel\u0151 rendszer optimaliz\u00e1lja a m\u0171k\u00f6d\u00e9si id\u0151t \u00e9s biztos\u00edtja az akkumul\u00e1tor hossz\u00fa \u00e9lettartam\u00e1t<\/li>\n<li>Jobb hozz\u00e1f\u00e9r\u00e9s sz\u0171k helyeken, teljes hossza csak 124,5 mm<\/li>\n<li>4-\u00fczemm\u00f3d\u00fa vez\u00e9rl\u00e9s &#8211; automatikus kikapcsol\u00e1si m\u00f3ddal pontos vez\u00e9rl\u00e9st biztos\u00edt<\/li>\n<li>LED f\u00e9ny a munkater\u00fclet megvil\u00e1g\u00edt\u00e1s\u00e1hoz<\/li>\n<\/ul>\n","protected":false},"excerpt":{"rendered":"<p><strong>A k\u00e9szlet tartalma:<\/strong><\/p>\n<ul>\n<li>1 db M12 FPD2 szuperkompakt \u00fctvef\u00far\u00f3-csavaroz\u00f3<\/li>\n<li>1 db M12 FIWF12 szuperkompakt 1\/2&#8243; \u00fctvecsavaroz\u00f3<\/li>\n<li>1 db M12 B2 2.0 Ah akkumul\u00e1tor<\/li>\n<li>2 db M12 B4 4.0 Ah akkumul\u00e1tor<\/li>\n<li>1 db M12 C12 C t\u00f6lt\u0151<\/li>\n<li>1 db Heavy Duty koffer<\/li>\n<\/ul>\n","protected":false},"featured_media":3047,"template":"","meta":[],"product_cat":[165,171,231,59,228,89],"product_tag":[],"class_list":["post-2025","product","type-product","status-publish","has-post-thumbnail","hentry","product_cat-akkumulatoros-gepek","product_cat-akkus-erocsomagok","product_cat-m12-rendszer","product_cat-milwaukee","product_cat-rendszer","product_cat-termekek"],"yoast_head":"<!-- This site is optimized with the Yoast SEO Premium plugin v21.3 (Yoast SEO v21.3) - https:\/\/yoast.com\/wordpress\/plugins\/seo\/ -->\n<title>MILWAUKEE M12 FPP2H2-423X AKKUS ER\u0150CSOMAG 12V 1X2,0Ah+2X4,0Ah HD KOFFERBEN (4933481027) - Eurosmart - Milwaukee web\u00e1ruh\u00e1z<\/title>\n<meta name=\"robots\" content=\"index, follow, max-snippet:-1, max-image-preview:large, max-video-preview:-1\" \/>\n<link rel=\"canonical\" href=\"https:\/\/www.eurosmart.hu\/shop\/index.php\/termek\/milwaukee-m12-fpp2h2-423x-akkus-erocsomag-18v-1x20ah2x40ah-4933481027\/\" \/>\n<meta property=\"og:locale\" content=\"hu_HU\" \/>\n<meta property=\"og:type\" content=\"article\" \/>\n<meta property=\"og:title\" content=\"MILWAUKEE M12 FPP2H2-423X AKKUS ER\u0150CSOMAG 12V 1X2,0Ah+2X4,0Ah HD KOFFERBEN (4933481027)\" \/>\n<meta property=\"og:description\" content=\"A k\u00e9szlet tartalma:   1 db M12 FPD2 szuperkompakt \u00fctvef\u00far\u00f3-csavaroz\u00f3  1 db M12 FIWF12 szuperkompakt 1\/2&quot; \u00fctvecsavaroz\u00f3  1 db M12 B2 2.0 Ah akkumul\u00e1tor  2 db M12 B4 4.0 Ah akkumul\u00e1tor  1 db M12 C12 C t\u00f6lt\u0151  1 db Heavy Duty koffer\" \/>\n<meta property=\"og:url\" content=\"https:\/\/www.eurosmart.hu\/shop\/index.php\/termek\/milwaukee-m12-fpp2h2-423x-akkus-erocsomag-18v-1x20ah2x40ah-4933481027\/\" \/>\n<meta property=\"og:site_name\" content=\"Eurosmart - Milwaukee web\u00e1ruh\u00e1z\" \/>\n<meta property=\"article:publisher\" content=\"https:\/\/www.facebook.com\/EurosmartKft\" \/>\n<meta property=\"article:modified_time\" content=\"2024-01-17T12:09:23+00:00\" \/>\n<meta property=\"og:image\" content=\"https:\/\/www.eurosmart.hu\/shop\/wp-content\/uploads\/2023\/09\/4933481027.jpg\" \/>\n\t<meta property=\"og:image:width\" content=\"1000\" \/>\n\t<meta property=\"og:image:height\" content=\"1000\" \/>\n\t<meta property=\"og:image:type\" content=\"image\/jpeg\" \/>\n<meta name=\"twitter:card\" content=\"summary_large_image\" \/>\n<meta name=\"twitter:label1\" content=\"Price\" \/>\n\t<meta name=\"twitter:data1\" content=\"\" \/>\n\t<meta name=\"twitter:label2\" content=\"Availability\" \/>\n\t<meta name=\"twitter:data2\" content=\"In stock\" \/>\n<script type=\"application\/ld+json\" class=\"yoast-schema-graph\">{\"@context\":\"https:\/\/schema.org\",\"@graph\":[{\"@type\":\"WebPage\",\"@id\":\"https:\/\/www.eurosmart.hu\/shop\/index.php\/termek\/milwaukee-m12-fpp2h2-423x-akkus-erocsomag-18v-1x20ah2x40ah-4933481027\/\",\"url\":\"https:\/\/www.eurosmart.hu\/shop\/index.php\/termek\/milwaukee-m12-fpp2h2-423x-akkus-erocsomag-18v-1x20ah2x40ah-4933481027\/\",\"name\":\"MILWAUKEE M12 FPP2H2-423X AKKUS ER\u0150CSOMAG 12V 1X2,0Ah+2X4,0Ah HD KOFFERBEN (4933481027) - Eurosmart - Milwaukee web\u00e1ruh\u00e1z\",\"isPartOf\":{\"@id\":\"https:\/\/www.eurosmart.hu\/shop\/#website\"},\"datePublished\":\"2023-09-12T07:43:40+00:00\",\"dateModified\":\"2024-01-17T12:09:23+00:00\",\"breadcrumb\":{\"@id\":\"https:\/\/www.eurosmart.hu\/shop\/index.php\/termek\/milwaukee-m12-fpp2h2-423x-akkus-erocsomag-18v-1x20ah2x40ah-4933481027\/#breadcrumb\"},\"inLanguage\":\"hu\",\"potentialAction\":[{\"@type\":\"ReadAction\",\"target\":[\"https:\/\/www.eurosmart.hu\/shop\/index.php\/termek\/milwaukee-m12-fpp2h2-423x-akkus-erocsomag-18v-1x20ah2x40ah-4933481027\/\"]}]},{\"@type\":\"BreadcrumbList\",\"@id\":\"https:\/\/www.eurosmart.hu\/shop\/index.php\/termek\/milwaukee-m12-fpp2h2-423x-akkus-erocsomag-18v-1x20ah2x40ah-4933481027\/#breadcrumb\",\"itemListElement\":[{\"@type\":\"ListItem\",\"position\":1,\"name\":\"Kezd\u0151lap\",\"item\":\"https:\/\/www.eurosmart.hu\/shop\/\"},{\"@type\":\"ListItem\",\"position\":2,\"name\":\"Term\u00e9keink\",\"item\":\"https:\/\/www.eurosmart.hu\/shop\/index.php\/uzlet\/\"},{\"@type\":\"ListItem\",\"position\":3,\"name\":\"MILWAUKEE M12 FPP2H2-423X AKKUS ER\u0150CSOMAG 12V 1X2,0Ah+2X4,0Ah HD KOFFERBEN (4933481027)\"}]},{\"@type\":\"WebSite\",\"@id\":\"https:\/\/www.eurosmart.hu\/shop\/#website\",\"url\":\"https:\/\/www.eurosmart.hu\/shop\/\",\"name\":\"Eurosmart - Milwaukee web\u00e1ruh\u00e1z\",\"description\":\"Milwaukee web\u00e1ruh\u00e1z\",\"publisher\":{\"@id\":\"https:\/\/www.eurosmart.hu\/shop\/#organization\"},\"potentialAction\":[{\"@type\":\"SearchAction\",\"target\":{\"@type\":\"EntryPoint\",\"urlTemplate\":\"https:\/\/www.eurosmart.hu\/shop\/?s={search_term_string}\"},\"query-input\":\"required name=search_term_string\"}],\"inLanguage\":\"hu\"},{\"@type\":\"Organization\",\"@id\":\"https:\/\/www.eurosmart.hu\/shop\/#organization\",\"name\":\"Eurosmart - Milwaukee web\u00e1ruh\u00e1z\",\"url\":\"https:\/\/www.eurosmart.hu\/shop\/\",\"logo\":{\"@type\":\"ImageObject\",\"inLanguage\":\"hu\",\"@id\":\"https:\/\/www.eurosmart.hu\/shop\/#\/schema\/logo\/image\/\",\"url\":\"https:\/\/www.eurosmart.hu\/shop\/wp-content\/uploads\/2023\/10\/milwaukee-logo-1.png\",\"contentUrl\":\"https:\/\/www.eurosmart.hu\/shop\/wp-content\/uploads\/2023\/10\/milwaukee-logo-1.png\",\"width\":500,\"height\":200,\"caption\":\"Eurosmart - Milwaukee web\u00e1ruh\u00e1z\"},\"image\":{\"@id\":\"https:\/\/www.eurosmart.hu\/shop\/#\/schema\/logo\/image\/\"},\"sameAs\":[\"https:\/\/www.facebook.com\/EurosmartKft\"]}]}<\/script>\n<meta property=\"product:price:amount\" content=\"0\" \/>\n<meta property=\"product:price:currency\" content=\"HUF\" \/>\n<meta property=\"og:availability\" content=\"instock\" \/>\n<meta property=\"product:availability\" content=\"instock\" \/>\n<meta property=\"product:retailer_item_id\" content=\"4933481027\" \/>\n<meta property=\"product:condition\" content=\"new\" \/>\n<!-- \/ Yoast SEO Premium plugin. -->","yoast_head_json":{"title":"MILWAUKEE M12 FPP2H2-423X AKKUS ER\u0150CSOMAG 12V 1X2,0Ah+2X4,0Ah HD KOFFERBEN (4933481027) - Eurosmart - Milwaukee web\u00e1ruh\u00e1z","robots":{"index":"index","follow":"follow","max-snippet":"max-snippet:-1","max-image-preview":"max-image-preview:large","max-video-preview":"max-video-preview:-1"},"canonical":"https:\/\/www.eurosmart.hu\/shop\/index.php\/termek\/milwaukee-m12-fpp2h2-423x-akkus-erocsomag-18v-1x20ah2x40ah-4933481027\/","og_locale":"hu_HU","og_type":"article","og_title":"MILWAUKEE M12 FPP2H2-423X AKKUS ER\u0150CSOMAG 12V 1X2,0Ah+2X4,0Ah HD KOFFERBEN (4933481027)","og_description":"A k\u00e9szlet tartalma:   1 db M12 FPD2 szuperkompakt \u00fctvef\u00far\u00f3-csavaroz\u00f3  1 db M12 FIWF12 szuperkompakt 1\/2\" \u00fctvecsavaroz\u00f3  1 db M12 B2 2.0 Ah akkumul\u00e1tor  2 db M12 B4 4.0 Ah akkumul\u00e1tor  1 db M12 C12 C t\u00f6lt\u0151  1 db Heavy Duty koffer","og_url":"https:\/\/www.eurosmart.hu\/shop\/index.php\/termek\/milwaukee-m12-fpp2h2-423x-akkus-erocsomag-18v-1x20ah2x40ah-4933481027\/","og_site_name":"Eurosmart - Milwaukee web\u00e1ruh\u00e1z","article_publisher":"https:\/\/www.facebook.com\/EurosmartKft","article_modified_time":"2024-01-17T12:09:23+00:00","og_image":[{"width":1000,"height":1000,"url":"https:\/\/www.eurosmart.hu\/shop\/wp-content\/uploads\/2023\/09\/4933481027.jpg","type":"image\/jpeg"}],"twitter_card":"summary_large_image","twitter_misc":{"Price":"","Availability":"In stock"},"schema":{"@context":"https:\/\/schema.org","@graph":[{"@type":"WebPage","@id":"https:\/\/www.eurosmart.hu\/shop\/index.php\/termek\/milwaukee-m12-fpp2h2-423x-akkus-erocsomag-18v-1x20ah2x40ah-4933481027\/","url":"https:\/\/www.eurosmart.hu\/shop\/index.php\/termek\/milwaukee-m12-fpp2h2-423x-akkus-erocsomag-18v-1x20ah2x40ah-4933481027\/","name":"MILWAUKEE M12 FPP2H2-423X AKKUS ER\u0150CSOMAG 12V 1X2,0Ah+2X4,0Ah HD KOFFERBEN (4933481027) - Eurosmart - Milwaukee web\u00e1ruh\u00e1z","isPartOf":{"@id":"https:\/\/www.eurosmart.hu\/shop\/#website"},"datePublished":"2023-09-12T07:43:40+00:00","dateModified":"2024-01-17T12:09:23+00:00","breadcrumb":{"@id":"https:\/\/www.eurosmart.hu\/shop\/index.php\/termek\/milwaukee-m12-fpp2h2-423x-akkus-erocsomag-18v-1x20ah2x40ah-4933481027\/#breadcrumb"},"inLanguage":"hu","potentialAction":[{"@type":"ReadAction","target":["https:\/\/www.eurosmart.hu\/shop\/index.php\/termek\/milwaukee-m12-fpp2h2-423x-akkus-erocsomag-18v-1x20ah2x40ah-4933481027\/"]}]},{"@type":"BreadcrumbList","@id":"https:\/\/www.eurosmart.hu\/shop\/index.php\/termek\/milwaukee-m12-fpp2h2-423x-akkus-erocsomag-18v-1x20ah2x40ah-4933481027\/#breadcrumb","itemListElement":[{"@type":"ListItem","position":1,"name":"Kezd\u0151lap","item":"https:\/\/www.eurosmart.hu\/shop\/"},{"@type":"ListItem","position":2,"name":"Term\u00e9keink","item":"https:\/\/www.eurosmart.hu\/shop\/index.php\/uzlet\/"},{"@type":"ListItem","position":3,"name":"MILWAUKEE M12 FPP2H2-423X AKKUS ER\u0150CSOMAG 12V 1X2,0Ah+2X4,0Ah HD KOFFERBEN (4933481027)"}]},{"@type":"WebSite","@id":"https:\/\/www.eurosmart.hu\/shop\/#website","url":"https:\/\/www.eurosmart.hu\/shop\/","name":"Eurosmart - Milwaukee web\u00e1ruh\u00e1z","description":"Milwaukee web\u00e1ruh\u00e1z","publisher":{"@id":"https:\/\/www.eurosmart.hu\/shop\/#organization"},"potentialAction":[{"@type":"SearchAction","target":{"@type":"EntryPoint","urlTemplate":"https:\/\/www.eurosmart.hu\/shop\/?s={search_term_string}"},"query-input":"required name=search_term_string"}],"inLanguage":"hu"},{"@type":"Organization","@id":"https:\/\/www.eurosmart.hu\/shop\/#organization","name":"Eurosmart - Milwaukee web\u00e1ruh\u00e1z","url":"https:\/\/www.eurosmart.hu\/shop\/","logo":{"@type":"ImageObject","inLanguage":"hu","@id":"https:\/\/www.eurosmart.hu\/shop\/#\/schema\/logo\/image\/","url":"https:\/\/www.eurosmart.hu\/shop\/wp-content\/uploads\/2023\/10\/milwaukee-logo-1.png","contentUrl":"https:\/\/www.eurosmart.hu\/shop\/wp-content\/uploads\/2023\/10\/milwaukee-logo-1.png","width":500,"height":200,"caption":"Eurosmart - Milwaukee web\u00e1ruh\u00e1z"},"image":{"@id":"https:\/\/www.eurosmart.hu\/shop\/#\/schema\/logo\/image\/"},"sameAs":["https:\/\/www.facebook.com\/EurosmartKft"]}]},"product_price_currency":"HUF","og_availability":"instock","product_availability":"instock","product_retailer_item_id":"4933481027","product_condition":"new"},"_links":{"self":[{"href":"https:\/\/www.eurosmart.hu\/shop\/index.php\/wp-json\/wp\/v2\/product\/2025","targetHints":{"allow":["GET"]}}],"collection":[{"href":"https:\/\/www.eurosmart.hu\/shop\/index.php\/wp-json\/wp\/v2\/product"}],"about":[{"href":"https:\/\/www.eurosmart.hu\/shop\/index.php\/wp-json\/wp\/v2\/types\/product"}],"wp:featuredmedia":[{"embeddable":true,"href":"https:\/\/www.eurosmart.hu\/shop\/index.php\/wp-json\/wp\/v2\/media\/3047"}],"wp:attachment":[{"href":"https:\/\/www.eurosmart.hu\/shop\/index.php\/wp-json\/wp\/v2\/media?parent=2025"}],"wp:term":[{"taxonomy":"product_cat","embeddable":true,"href":"https:\/\/www.eurosmart.hu\/shop\/index.php\/wp-json\/wp\/v2\/product_cat?post=2025"},{"taxonomy":"product_tag","embeddable":true,"href":"https:\/\/www.eurosmart.hu\/shop\/index.php\/wp-json\/wp\/v2\/product_tag?post=2025"}],"curies":[{"name":"wp","href":"https:\/\/api.w.org\/{rel}","templated":true}]}}