{"id":2015,"date":"2023-09-11T14:48:30","date_gmt":"2023-09-11T14:48:30","guid":{"rendered":"https:\/\/www.eurosmart.hu\/shop\/?post_type=product&#038;p=2015"},"modified":"2024-01-17T12:25:03","modified_gmt":"2024-01-17T12:25:03","slug":"milwaukee-m12-fpp2ax-423p-akkus-erocsomag-1x20ah-2x40ah-12v-4933478825","status":"publish","type":"product","link":"https:\/\/www.eurosmart.hu\/shop\/index.php\/termek\/milwaukee-m12-fpp2ax-423p-akkus-erocsomag-1x20ah-2x40ah-12v-4933478825\/","title":{"rendered":"MILWAUKEE M12 FPP2AX-423P AKKUS ER\u0150CSOMAG 12V 1&#215;2,0Ah+2&#215;4,0Ah PACKOUT DOBOZBAN (4933478825)"},"content":{"rendered":"<div>\n<h5>Milwaukee M12 FDD FUEL\u2122 SZUPERKOMPAKT F\u00daR\u00d3CSAVAROZ\u00d3<\/h5>\n<ul>\n<li>Milwaukee\u00ae tervez\u00e9s\u0171 \u00e9s gy\u00e1rt\u00e1s\u00fa, sz\u00e9nkefe n\u00e9lk\u00fcli POWERSTATE\u2122 motor: nagyobb teljes\u00edtm\u00e9nyt ny\u00fajt kisebb m\u00e9retben<\/li>\n<li>REDLINK PLUS\u2122 intelligens elektronika: a fejlett digit\u00e1lis t\u00falterhel\u00e9sv\u00e9delem az akkumul\u00e1tor \u00e9s a g\u00e9p v\u00e9delm\u00e9\u00e9rt, jav\u00edtja a g\u00e9p teljes\u00edtm\u00e9ny\u00e9t terhel\u00e9s alatt<\/li>\n<li>A REDLITHIUM-ION\u2122 akkumul\u00e1tor kit\u0171n\u0151 min\u0151s\u00e9g\u0171 konstrukci\u00f3t \u00e9s elektronik\u00e1t k\u00edn\u00e1l, valamint lemer\u00fcl\u00e9s-biztos, \u00edgy hosszabb m\u0171k\u00f6d\u00e9si id\u0151t \u00e9s hosszabb ideig tart\u00f3 munkav\u00e9gz\u00e9st biztos\u00edt az akkumul\u00e1tor \u00e9lettartama alatt<\/li>\n<li>Az egyes akkumul\u00e1torcell\u00e1k fel\u00fcgyelete optimaliz\u00e1lja az eszk\u00f6z m\u0171k\u00f6d\u00e9si idej\u00e9t \u00e9s biztos\u00edtja az akkumul\u00e1tor hossz\u00fa \u00e9lettartam\u00e1t<\/li>\n<li>13 mm f\u00e9m tokm\u00e1ny a gyors bit cser\u00e9\u00e9rt \u00e9s befog\u00e1s\u00e9rt<\/li>\n<li>Elektronikus tengelykapcsol\u00f3 16 nyomat\u00e9k be\u00e1ll\u00edt\u00e1ssal, plusz 1 be\u00e1ll\u00edt\u00e1ssal reteszelt tengelykapcsol\u00f3 f\u00far\u00e1shoz \u00e9s<\/li>\n<li>1 reteszelt tengelykapcsol\u00f3 \u00fct\u00e9shez<\/li>\n<li>T\u00f6lt\u00e9sszintjelz\u0151, amely kijelzi az akkumul\u00e1tor t\u00f6lt\u00f6tts\u00e9gi szintj\u00e9t<\/li>\n<li>LED f\u00e9ny a munkater\u00fclet megvil\u00e1g\u00edt\u00e1s\u00e1hozRugalmas akkumul\u00e1tor rendszerrel &#8211; Milwaukee\u00ae M12\u2122<\/li>\n<li>akkumul\u00e1torokkal m\u0171k\u00f6dik<\/li>\n<\/ul>\n<div>\n<h5>Milwaukee M12 FMT FUEL\u2122 MULTI-TOOL<\/h5>\n<ul>\n<li>Sz\u00e9nkefe n\u00e9lk\u00fcli POWERSTATE\u2122 motor gyors v\u00e1g\u00e1si sebess\u00e9get biztos\u00edt a leggyakoribb anyagokban lass\u00edt\u00e1s vagy blokkol\u00e1s n\u00e9lk\u00fcl kem\u00e9nyf\u00e1kban<\/li>\n<li>10 000 \u00e9s 20 000 ford\/perc k\u00f6z\u00f6tti \u00e1ll\u00edthat\u00f3s\u00e1g lehet\u0151v\u00e9 teszi a felhaszn\u00e1l\u00f3 sz\u00e1m\u00e1ra a t\u00f6k\u00e9letes v\u00e1g\u00e1st az anyagt\u00f3l f\u00fcggetlen\u00fcl<\/li>\n<li>Kateg\u00f3ri\u00e1j\u00e1ban a legalacsonyabb vibr\u00e1ci\u00f3 &#8211; 4.56 m\/s\u00b2<\/li>\n<li>Oszcill\u00e1l\u00f3 mozg\u00e1s balra\/jobbra 1.8\u00b0 lehet\u0151v\u00e9 teszi a gyorsabb v\u00e1g\u00e1st<\/li>\n<li>Ak\u00e1r 59 v\u00e1g\u00e1s t\u00f6lgyf\u00e1ban egy akkumul\u00e1tor t\u00f6lt\u00e9ssel, 2,0 ah-os akkumul\u00e1torral<\/li>\n<li>REDLINK PLUS\u2122 intelligens elektronika: a fejlett digit\u00e1lis t\u00falterhel\u00e9sv\u00e9delem az akkumul\u00e1tor \u00e9s a g\u00e9p v\u00e9delm\u00e9\u00e9rt, jav\u00edtja a g\u00e9p teljes\u00edtm\u00e9ny\u00e9t terhel\u00e9s alatt<\/li>\n<li>FIXTEC\u2122 szersz\u00e1m n\u00e9lk\u00fcli f\u0171r\u00e9szlap csere, univerz\u00e1lis adapterrel sz\u00e1ll\u00edtva<\/li>\n<li>A LED f\u00e9ny megvil\u00e1g\u00edtja a v\u00e1g\u00e1si vonalat gyenge f\u00e9nyviszonyok k\u00f6z\u00f6tt<\/li>\n<li>Adapterrel, OCS 112 bemer\u00fcl\u0151 f\u0171r\u00e9sszel, csiszol\u00f3talppal \u00e9s 5 darab csiszol\u00f3lappal \u00e9s DEK26 porelvezet\u0151vel sz\u00e1ll\u00edtva<\/li>\n<li>A REDLITHIUM\u2122 akkumul\u00e1tor kit\u0171n\u0151 min\u0151s\u00e9g\u0171 konstrukci\u00f3t \u00e9s elektronik\u00e1t k\u00edn\u00e1l, valamint lemer\u00fcl\u00e9s-biztos, \u00edgy hosszabb m\u0171k\u00f6d\u00e9si id\u0151t \u00e9s hosszabb ideig tart\u00f3 munkav\u00e9gz\u00e9st biztos\u00edt az akkumul\u00e1tor \u00e9lettartama alatt<\/li>\n<li>Rugalmas akkumul\u00e1tor rendszerrel &#8211; MILWAUKEE\u00ae M12\u2122 akkumul\u00e1torokkal m\u0171k\u00f6dik<\/li>\n<\/ul>\n<\/div>\n<\/div>\n","protected":false},"excerpt":{"rendered":"<p><strong>A k\u00e9szlet tartalma:<\/strong><\/p>\n<ul>\n<li>1 db M12 FDD szuperkompakt f\u00far\u00f3csavaroz\u00f3<\/li>\n<li>1 db M12 FMT multitool<\/li>\n<li>1 db M12 B2 2.0 Ah akkumul\u00e1tor<\/li>\n<li>2 db M12 B4 4.0 Ah akkumul\u00e1tor<\/li>\n<li>1 db M12 C12 C t\u00f6lt\u0151<\/li>\n<li>1 db PACKOUT l\u00e1da<\/li>\n<\/ul>\n","protected":false},"featured_media":3044,"template":"","meta":[],"product_cat":[165,171,231,59,232,228,89],"product_tag":[],"class_list":["post-2015","product","type-product","status-publish","has-post-thumbnail","hentry","product_cat-akkumulatoros-gepek","product_cat-akkus-erocsomagok","product_cat-m12-rendszer","product_cat-milwaukee","product_cat-packout-modularis-tarolorendszer","product_cat-rendszer","product_cat-termekek"],"yoast_head":"<!-- This site is optimized with the Yoast SEO Premium plugin v21.3 (Yoast SEO v21.3) - https:\/\/yoast.com\/wordpress\/plugins\/seo\/ -->\n<title>MILWAUKEE M12 FPP2AX-423P AKKUS ER\u0150CSOMAG 12V 1x2,0Ah+2x4,0Ah PACKOUT DOBOZBAN (4933478825) - Eurosmart - Milwaukee web\u00e1ruh\u00e1z<\/title>\n<meta name=\"robots\" content=\"index, follow, max-snippet:-1, max-image-preview:large, max-video-preview:-1\" \/>\n<link rel=\"canonical\" href=\"https:\/\/www.eurosmart.hu\/shop\/index.php\/termek\/milwaukee-m12-fpp2ax-423p-akkus-erocsomag-1x20ah-2x40ah-12v-4933478825\/\" \/>\n<meta property=\"og:locale\" content=\"hu_HU\" \/>\n<meta property=\"og:type\" content=\"article\" \/>\n<meta property=\"og:title\" content=\"MILWAUKEE M12 FPP2AX-423P AKKUS ER\u0150CSOMAG 12V 1x2,0Ah+2x4,0Ah PACKOUT DOBOZBAN (4933478825)\" \/>\n<meta property=\"og:description\" content=\"A k\u00e9szlet tartalma:   1 db M12 FDD szuperkompakt f\u00far\u00f3csavaroz\u00f3  1 db M12 FMT multitool  1 db M12 B2 2.0 Ah akkumul\u00e1tor  2 db M12 B4 4.0 Ah akkumul\u00e1tor  1 db M12 C12 C t\u00f6lt\u0151  1 db PACKOUT l\u00e1da\" \/>\n<meta property=\"og:url\" content=\"https:\/\/www.eurosmart.hu\/shop\/index.php\/termek\/milwaukee-m12-fpp2ax-423p-akkus-erocsomag-1x20ah-2x40ah-12v-4933478825\/\" \/>\n<meta property=\"og:site_name\" content=\"Eurosmart - Milwaukee web\u00e1ruh\u00e1z\" \/>\n<meta property=\"article:publisher\" content=\"https:\/\/www.facebook.com\/EurosmartKft\" \/>\n<meta property=\"article:modified_time\" content=\"2024-01-17T12:25:03+00:00\" \/>\n<meta property=\"og:image\" content=\"https:\/\/www.eurosmart.hu\/shop\/wp-content\/uploads\/2023\/09\/4933478825.jpg\" \/>\n\t<meta property=\"og:image:width\" content=\"1000\" \/>\n\t<meta property=\"og:image:height\" content=\"1000\" \/>\n\t<meta property=\"og:image:type\" content=\"image\/jpeg\" \/>\n<meta name=\"twitter:card\" content=\"summary_large_image\" \/>\n<meta name=\"twitter:label1\" content=\"Price\" \/>\n\t<meta name=\"twitter:data1\" content=\"\" \/>\n\t<meta name=\"twitter:label2\" content=\"Availability\" \/>\n\t<meta name=\"twitter:data2\" content=\"In stock\" \/>\n<script type=\"application\/ld+json\" class=\"yoast-schema-graph\">{\"@context\":\"https:\/\/schema.org\",\"@graph\":[{\"@type\":\"WebPage\",\"@id\":\"https:\/\/www.eurosmart.hu\/shop\/index.php\/termek\/milwaukee-m12-fpp2ax-423p-akkus-erocsomag-1x20ah-2x40ah-12v-4933478825\/\",\"url\":\"https:\/\/www.eurosmart.hu\/shop\/index.php\/termek\/milwaukee-m12-fpp2ax-423p-akkus-erocsomag-1x20ah-2x40ah-12v-4933478825\/\",\"name\":\"MILWAUKEE M12 FPP2AX-423P AKKUS ER\u0150CSOMAG 12V 1x2,0Ah+2x4,0Ah PACKOUT DOBOZBAN (4933478825) - Eurosmart - Milwaukee web\u00e1ruh\u00e1z\",\"isPartOf\":{\"@id\":\"https:\/\/www.eurosmart.hu\/shop\/#website\"},\"datePublished\":\"2023-09-11T14:48:30+00:00\",\"dateModified\":\"2024-01-17T12:25:03+00:00\",\"breadcrumb\":{\"@id\":\"https:\/\/www.eurosmart.hu\/shop\/index.php\/termek\/milwaukee-m12-fpp2ax-423p-akkus-erocsomag-1x20ah-2x40ah-12v-4933478825\/#breadcrumb\"},\"inLanguage\":\"hu\",\"potentialAction\":[{\"@type\":\"ReadAction\",\"target\":[\"https:\/\/www.eurosmart.hu\/shop\/index.php\/termek\/milwaukee-m12-fpp2ax-423p-akkus-erocsomag-1x20ah-2x40ah-12v-4933478825\/\"]}]},{\"@type\":\"BreadcrumbList\",\"@id\":\"https:\/\/www.eurosmart.hu\/shop\/index.php\/termek\/milwaukee-m12-fpp2ax-423p-akkus-erocsomag-1x20ah-2x40ah-12v-4933478825\/#breadcrumb\",\"itemListElement\":[{\"@type\":\"ListItem\",\"position\":1,\"name\":\"Kezd\u0151lap\",\"item\":\"https:\/\/www.eurosmart.hu\/shop\/\"},{\"@type\":\"ListItem\",\"position\":2,\"name\":\"Term\u00e9keink\",\"item\":\"https:\/\/www.eurosmart.hu\/shop\/index.php\/uzlet\/\"},{\"@type\":\"ListItem\",\"position\":3,\"name\":\"MILWAUKEE M12 FPP2AX-423P AKKUS ER\u0150CSOMAG 12V 1&#215;2,0Ah+2&#215;4,0Ah PACKOUT DOBOZBAN (4933478825)\"}]},{\"@type\":\"WebSite\",\"@id\":\"https:\/\/www.eurosmart.hu\/shop\/#website\",\"url\":\"https:\/\/www.eurosmart.hu\/shop\/\",\"name\":\"Eurosmart - Milwaukee web\u00e1ruh\u00e1z\",\"description\":\"Milwaukee web\u00e1ruh\u00e1z\",\"publisher\":{\"@id\":\"https:\/\/www.eurosmart.hu\/shop\/#organization\"},\"potentialAction\":[{\"@type\":\"SearchAction\",\"target\":{\"@type\":\"EntryPoint\",\"urlTemplate\":\"https:\/\/www.eurosmart.hu\/shop\/?s={search_term_string}\"},\"query-input\":\"required name=search_term_string\"}],\"inLanguage\":\"hu\"},{\"@type\":\"Organization\",\"@id\":\"https:\/\/www.eurosmart.hu\/shop\/#organization\",\"name\":\"Eurosmart - Milwaukee web\u00e1ruh\u00e1z\",\"url\":\"https:\/\/www.eurosmart.hu\/shop\/\",\"logo\":{\"@type\":\"ImageObject\",\"inLanguage\":\"hu\",\"@id\":\"https:\/\/www.eurosmart.hu\/shop\/#\/schema\/logo\/image\/\",\"url\":\"https:\/\/www.eurosmart.hu\/shop\/wp-content\/uploads\/2023\/10\/milwaukee-logo-1.png\",\"contentUrl\":\"https:\/\/www.eurosmart.hu\/shop\/wp-content\/uploads\/2023\/10\/milwaukee-logo-1.png\",\"width\":500,\"height\":200,\"caption\":\"Eurosmart - Milwaukee web\u00e1ruh\u00e1z\"},\"image\":{\"@id\":\"https:\/\/www.eurosmart.hu\/shop\/#\/schema\/logo\/image\/\"},\"sameAs\":[\"https:\/\/www.facebook.com\/EurosmartKft\"]}]}<\/script>\n<meta property=\"product:price:amount\" content=\"0\" \/>\n<meta property=\"product:price:currency\" content=\"HUF\" \/>\n<meta property=\"og:availability\" content=\"instock\" \/>\n<meta property=\"product:availability\" content=\"instock\" \/>\n<meta property=\"product:retailer_item_id\" content=\"4933478825\" \/>\n<meta property=\"product:condition\" content=\"new\" \/>\n<!-- \/ Yoast SEO Premium plugin. -->","yoast_head_json":{"title":"MILWAUKEE M12 FPP2AX-423P AKKUS ER\u0150CSOMAG 12V 1x2,0Ah+2x4,0Ah PACKOUT DOBOZBAN (4933478825) - Eurosmart - Milwaukee web\u00e1ruh\u00e1z","robots":{"index":"index","follow":"follow","max-snippet":"max-snippet:-1","max-image-preview":"max-image-preview:large","max-video-preview":"max-video-preview:-1"},"canonical":"https:\/\/www.eurosmart.hu\/shop\/index.php\/termek\/milwaukee-m12-fpp2ax-423p-akkus-erocsomag-1x20ah-2x40ah-12v-4933478825\/","og_locale":"hu_HU","og_type":"article","og_title":"MILWAUKEE M12 FPP2AX-423P AKKUS ER\u0150CSOMAG 12V 1x2,0Ah+2x4,0Ah PACKOUT DOBOZBAN (4933478825)","og_description":"A k\u00e9szlet tartalma:   1 db M12 FDD szuperkompakt f\u00far\u00f3csavaroz\u00f3  1 db M12 FMT multitool  1 db M12 B2 2.0 Ah akkumul\u00e1tor  2 db M12 B4 4.0 Ah akkumul\u00e1tor  1 db M12 C12 C t\u00f6lt\u0151  1 db PACKOUT l\u00e1da","og_url":"https:\/\/www.eurosmart.hu\/shop\/index.php\/termek\/milwaukee-m12-fpp2ax-423p-akkus-erocsomag-1x20ah-2x40ah-12v-4933478825\/","og_site_name":"Eurosmart - Milwaukee web\u00e1ruh\u00e1z","article_publisher":"https:\/\/www.facebook.com\/EurosmartKft","article_modified_time":"2024-01-17T12:25:03+00:00","og_image":[{"width":1000,"height":1000,"url":"https:\/\/www.eurosmart.hu\/shop\/wp-content\/uploads\/2023\/09\/4933478825.jpg","type":"image\/jpeg"}],"twitter_card":"summary_large_image","twitter_misc":{"Price":"","Availability":"In stock"},"schema":{"@context":"https:\/\/schema.org","@graph":[{"@type":"WebPage","@id":"https:\/\/www.eurosmart.hu\/shop\/index.php\/termek\/milwaukee-m12-fpp2ax-423p-akkus-erocsomag-1x20ah-2x40ah-12v-4933478825\/","url":"https:\/\/www.eurosmart.hu\/shop\/index.php\/termek\/milwaukee-m12-fpp2ax-423p-akkus-erocsomag-1x20ah-2x40ah-12v-4933478825\/","name":"MILWAUKEE M12 FPP2AX-423P AKKUS ER\u0150CSOMAG 12V 1x2,0Ah+2x4,0Ah PACKOUT DOBOZBAN (4933478825) - Eurosmart - Milwaukee web\u00e1ruh\u00e1z","isPartOf":{"@id":"https:\/\/www.eurosmart.hu\/shop\/#website"},"datePublished":"2023-09-11T14:48:30+00:00","dateModified":"2024-01-17T12:25:03+00:00","breadcrumb":{"@id":"https:\/\/www.eurosmart.hu\/shop\/index.php\/termek\/milwaukee-m12-fpp2ax-423p-akkus-erocsomag-1x20ah-2x40ah-12v-4933478825\/#breadcrumb"},"inLanguage":"hu","potentialAction":[{"@type":"ReadAction","target":["https:\/\/www.eurosmart.hu\/shop\/index.php\/termek\/milwaukee-m12-fpp2ax-423p-akkus-erocsomag-1x20ah-2x40ah-12v-4933478825\/"]}]},{"@type":"BreadcrumbList","@id":"https:\/\/www.eurosmart.hu\/shop\/index.php\/termek\/milwaukee-m12-fpp2ax-423p-akkus-erocsomag-1x20ah-2x40ah-12v-4933478825\/#breadcrumb","itemListElement":[{"@type":"ListItem","position":1,"name":"Kezd\u0151lap","item":"https:\/\/www.eurosmart.hu\/shop\/"},{"@type":"ListItem","position":2,"name":"Term\u00e9keink","item":"https:\/\/www.eurosmart.hu\/shop\/index.php\/uzlet\/"},{"@type":"ListItem","position":3,"name":"MILWAUKEE M12 FPP2AX-423P AKKUS ER\u0150CSOMAG 12V 1&#215;2,0Ah+2&#215;4,0Ah PACKOUT DOBOZBAN (4933478825)"}]},{"@type":"WebSite","@id":"https:\/\/www.eurosmart.hu\/shop\/#website","url":"https:\/\/www.eurosmart.hu\/shop\/","name":"Eurosmart - Milwaukee web\u00e1ruh\u00e1z","description":"Milwaukee web\u00e1ruh\u00e1z","publisher":{"@id":"https:\/\/www.eurosmart.hu\/shop\/#organization"},"potentialAction":[{"@type":"SearchAction","target":{"@type":"EntryPoint","urlTemplate":"https:\/\/www.eurosmart.hu\/shop\/?s={search_term_string}"},"query-input":"required name=search_term_string"}],"inLanguage":"hu"},{"@type":"Organization","@id":"https:\/\/www.eurosmart.hu\/shop\/#organization","name":"Eurosmart - Milwaukee web\u00e1ruh\u00e1z","url":"https:\/\/www.eurosmart.hu\/shop\/","logo":{"@type":"ImageObject","inLanguage":"hu","@id":"https:\/\/www.eurosmart.hu\/shop\/#\/schema\/logo\/image\/","url":"https:\/\/www.eurosmart.hu\/shop\/wp-content\/uploads\/2023\/10\/milwaukee-logo-1.png","contentUrl":"https:\/\/www.eurosmart.hu\/shop\/wp-content\/uploads\/2023\/10\/milwaukee-logo-1.png","width":500,"height":200,"caption":"Eurosmart - Milwaukee web\u00e1ruh\u00e1z"},"image":{"@id":"https:\/\/www.eurosmart.hu\/shop\/#\/schema\/logo\/image\/"},"sameAs":["https:\/\/www.facebook.com\/EurosmartKft"]}]},"product_price_currency":"HUF","og_availability":"instock","product_availability":"instock","product_retailer_item_id":"4933478825","product_condition":"new"},"_links":{"self":[{"href":"https:\/\/www.eurosmart.hu\/shop\/index.php\/wp-json\/wp\/v2\/product\/2015","targetHints":{"allow":["GET"]}}],"collection":[{"href":"https:\/\/www.eurosmart.hu\/shop\/index.php\/wp-json\/wp\/v2\/product"}],"about":[{"href":"https:\/\/www.eurosmart.hu\/shop\/index.php\/wp-json\/wp\/v2\/types\/product"}],"wp:featuredmedia":[{"embeddable":true,"href":"https:\/\/www.eurosmart.hu\/shop\/index.php\/wp-json\/wp\/v2\/media\/3044"}],"wp:attachment":[{"href":"https:\/\/www.eurosmart.hu\/shop\/index.php\/wp-json\/wp\/v2\/media?parent=2015"}],"wp:term":[{"taxonomy":"product_cat","embeddable":true,"href":"https:\/\/www.eurosmart.hu\/shop\/index.php\/wp-json\/wp\/v2\/product_cat?post=2015"},{"taxonomy":"product_tag","embeddable":true,"href":"https:\/\/www.eurosmart.hu\/shop\/index.php\/wp-json\/wp\/v2\/product_tag?post=2015"}],"curies":[{"name":"wp","href":"https:\/\/api.w.org\/{rel}","templated":true}]}}