{"id":2012,"date":"2023-09-11T14:33:57","date_gmt":"2023-09-11T14:33:57","guid":{"rendered":"https:\/\/www.eurosmart.hu\/shop\/?post_type=product&#038;p=2012"},"modified":"2024-01-17T11:10:16","modified_gmt":"2024-01-17T11:10:16","slug":"milwaukee-m12-fpp2a2-5253x-akkus-erocsomag-12v-1x25ah2x50ah","status":"publish","type":"product","link":"https:\/\/www.eurosmart.hu\/shop\/index.php\/termek\/milwaukee-m12-fpp2a2-5253x-akkus-erocsomag-12v-1x25ah2x50ah\/","title":{"rendered":"MILWAUKEE M12 FPP2A2-5253X AKKUS ER\u0150CSOMAG 12V 1X2,5Ah+2X5,0Ah HD KOFFERBEN (4933492513)"},"content":{"rendered":"<h5>Milwaukee M12 FPD2\u00a0FUEL\u2122 SZUPERKOMPAKT \u00dcTVEF\u00daR\u00d3-CSAVAROZ\u00d3<\/h5>\n<ul>\n<li class=\"ProductFeaturesTextstyles__Feature-fxqvf2-3 ggyeUS\">Rendk\u00edv\u00fcl kompakt kialak\u00edt\u00e1s, 152 mm hossz\u00fa a sz\u0171k helyekre val\u00f3 hozz\u00e1f\u00e9r\u00e9s \u00e9rdek\u00e9ben<\/li>\n<li class=\"ProductFeaturesTextstyles__Feature-fxqvf2-3 ggyeUS\">45 Nm forgat\u00f3nyomat\u00e9k \u2013 kiv\u00e1l\u00f3 teljes\u00edtm\u00e9ny-m\u00e9ret ar\u00e1ny<\/li>\n<li class=\"ProductFeaturesTextstyles__Feature-fxqvf2-3 ggyeUS\">13 mm-es heavy duty f\u00e9m tokm\u00e1ny a gyors bitcser\u00e9hez \u00e9s a f\u00far\u00f3sz\u00e1r megtart\u00e1s\u00e1hoz<\/li>\n<li class=\"ProductFeaturesTextstyles__Feature-fxqvf2-3 ggyeUS\">Mechanikus tengelykapcsol\u00f3 13 nyomat\u00e9kbe\u00e1ll\u00edt\u00e1ssal, \u00e9s plusz 1 be\u00e1ll\u00edt\u00e1ssal reteszelt tengelykapcsol\u00f3 f\u00far\u00e1shoz, valamint 1 reteszelt tengelykapcsol\u00f3 \u00fct\u00e9shez<\/li>\n<li class=\"ProductFeaturesTextstyles__Feature-fxqvf2-3 ggyeUS\">T\u00f6lt\u00e9sszintjelz\u0151, f\u00e9m \u00f6vcsipesz \u00e9s LED f\u00e9ny<\/li>\n<li class=\"ProductFeaturesTextstyles__Feature-fxqvf2-3 ggyeUS\">FUEL\u2122 platformunk DNS-e \u00fajradefini\u00e1lja a vezet\u00e9k n\u00e9lk\u00fcli technol\u00f3gia egyens\u00faly\u00e1t. A MILWAUKEE\u00ae POWERSTATE\u2122 sz\u00e9nkefe n\u00e9lk\u00fcli motor, REDLITHIUM\u2122 akkumul\u00e1tor \u00e9s REDLINK PLUS\u2122 intelligens elektronika p\u00e1ratlan teljes\u00edtm\u00e9nyt, \u00fczemid\u0151t \u00e9s tart\u00f3ss\u00e1got biztos\u00edt.<\/li>\n<\/ul>\n<h5>Milwaukee\u00a0M12 FID2 FUEL\u2122 SZUPERKOMPAKT 1\/4\u2033 \u00dcTVECSAVAROZ\u00d3<\/h5>\n<ul>\n<li class=\"ProductFeaturesTextstyles__Feature-fxqvf2-3 ggyeUS\">A mind\u00f6ssze 127 mm hossz\u00fa kompakt kialak\u00edt\u00e1s ide\u00e1lis sz\u0171k helyeken v\u00e9gzett munkav\u00e9gz\u00e9shez<\/li>\n<li class=\"ProductFeaturesTextstyles__Feature-fxqvf2-3 ggyeUS\">Kiemelked\u0151 teljes\u00edtm\u00e9ny-m\u00e9ret ar\u00e1ny 170 Nm nyomat\u00e9kkal<\/li>\n<li class=\"ProductFeaturesTextstyles__Feature-fxqvf2-3 ggyeUS\">Gyors menetsebess\u00e9g ak\u00e1r percenk\u00e9nt 3600 fordulattal \u00e9s percenk\u00e9nt 4000 \u00fct\u00e9ssel<\/li>\n<li class=\"ProductFeaturesTextstyles__Feature-fxqvf2-3 ggyeUS\">A h\u00e1rom LED nagy felbont\u00e1s\u00fa megvil\u00e1g\u00edt\u00e1st biztos\u00edt a munkater\u00fclet l\u00e1that\u00f3s\u00e1g\u00e1nak fokoz\u00e1sa \u00e9rdek\u00e9ben<\/li>\n<li class=\"ProductFeaturesTextstyles__Feature-fxqvf2-3 ggyeUS\">A 4 fokozat\u00fa DRIVE CONTROL lehet\u0151v\u00e9 teszi a felhaszn\u00e1l\u00f3 sz\u00e1m\u00e1ra a k\u00fcl\u00f6nb\u00f6z\u0151 fordulatsz\u00e1mok k\u00f6z\u00f6tti v\u00e1lt\u00e1st \u00e9s a nyomat\u00e9k\u00e1ll\u00edt\u00e1st<\/li>\n<li class=\"ProductFeaturesTextstyles__Feature-fxqvf2-3 ggyeUS\">\u00bc\u2033 Hex tokm\u00e1ny a bitek gyors \u00e9s egyszer\u0171 cser\u00e9j\u00e9hez<\/li>\n<li class=\"ProductFeaturesTextstyles__Feature-fxqvf2-3 ggyeUS\">FUEL\u2122 platformunk DNS-e \u00fajradefini\u00e1lja a vezet\u00e9k n\u00e9lk\u00fcli technol\u00f3gia egyens\u00faly\u00e1t. A MILWAUKEE\u00ae POWERSTATE\u2122 sz\u00e9nkefe n\u00e9lk\u00fcli motor, REDLITHIUM\u2122 akkumul\u00e1tor \u00e9s REDLINK PLUS\u2122 intelligens elektronika p\u00e1ratlan teljes\u00edtm\u00e9nyt, \u00fczemid\u0151t \u00e9s tart\u00f3ss\u00e1got biztos\u00edt.<\/li>\n<\/ul>\n","protected":false},"excerpt":{"rendered":"<p><strong>A k\u00e9szlet tartalma:<\/strong><\/p>\n<ul>\n<li>1 db M12 FPD2 szuperkompakt \u00fctvef\u00far\u00f3-csavaroz\u00f3<\/li>\n<li>1 db M12 FID2 szuperkompakt 1\/4&#8243; \u00fctvecsavaroz\u00f3<\/li>\n<li>2 db M12 HB5 5.0 Ah akkumul\u00e1tor<\/li>\n<li>1 db M12 HB2.5 2.5 Ah akkumul\u00e1tor<\/li>\n<li>1 db M12 C12 C t\u00f6lt\u0151<\/li>\n<li>1 db Heavy Duty koffer<\/li>\n<\/ul>\n","protected":false},"featured_media":3042,"template":"","meta":[],"product_cat":[165,171,231,59,228,89],"product_tag":[],"class_list":["post-2012","product","type-product","status-publish","has-post-thumbnail","hentry","product_cat-akkumulatoros-gepek","product_cat-akkus-erocsomagok","product_cat-m12-rendszer","product_cat-milwaukee","product_cat-rendszer","product_cat-termekek"],"yoast_head":"<!-- This site is optimized with the Yoast SEO Premium plugin v21.3 (Yoast SEO v21.3) - https:\/\/yoast.com\/wordpress\/plugins\/seo\/ -->\n<title>MILWAUKEE M12 FPP2A2-5253X AKKUS ER\u0150CSOMAG 12V 1X2,5Ah+2X5,0Ah HD KOFFERBEN (4933492513) - Eurosmart - Milwaukee web\u00e1ruh\u00e1z<\/title>\n<meta name=\"robots\" content=\"index, follow, max-snippet:-1, max-image-preview:large, max-video-preview:-1\" \/>\n<link rel=\"canonical\" href=\"https:\/\/www.eurosmart.hu\/shop\/index.php\/termek\/milwaukee-m12-fpp2a2-5253x-akkus-erocsomag-12v-1x25ah2x50ah\/\" \/>\n<meta property=\"og:locale\" content=\"hu_HU\" \/>\n<meta property=\"og:type\" content=\"article\" \/>\n<meta property=\"og:title\" content=\"MILWAUKEE M12 FPP2A2-5253X AKKUS ER\u0150CSOMAG 12V 1X2,5Ah+2X5,0Ah HD KOFFERBEN (4933492513)\" \/>\n<meta property=\"og:description\" content=\"A k\u00e9szlet tartalma:   1 db M12 FPD2 szuperkompakt \u00fctvef\u00far\u00f3-csavaroz\u00f3  1 db M12 FID2 szuperkompakt 1\/4&quot; \u00fctvecsavaroz\u00f3  2 db M12 HB5 5.0 Ah akkumul\u00e1tor  1 db M12 HB2.5 2.5 Ah akkumul\u00e1tor  1 db M12 C12 C t\u00f6lt\u0151  1 db Heavy Duty koffer\" \/>\n<meta property=\"og:url\" content=\"https:\/\/www.eurosmart.hu\/shop\/index.php\/termek\/milwaukee-m12-fpp2a2-5253x-akkus-erocsomag-12v-1x25ah2x50ah\/\" \/>\n<meta property=\"og:site_name\" content=\"Eurosmart - Milwaukee web\u00e1ruh\u00e1z\" \/>\n<meta property=\"article:publisher\" content=\"https:\/\/www.facebook.com\/EurosmartKft\" \/>\n<meta property=\"article:modified_time\" content=\"2024-01-17T11:10:16+00:00\" \/>\n<meta property=\"og:image\" content=\"https:\/\/www.eurosmart.hu\/shop\/wp-content\/uploads\/2023\/09\/4933492513.jpg\" \/>\n\t<meta property=\"og:image:width\" content=\"1000\" \/>\n\t<meta property=\"og:image:height\" content=\"1000\" \/>\n\t<meta property=\"og:image:type\" content=\"image\/jpeg\" \/>\n<meta name=\"twitter:card\" content=\"summary_large_image\" \/>\n<meta name=\"twitter:label1\" content=\"Price\" \/>\n\t<meta name=\"twitter:data1\" content=\"\" \/>\n\t<meta name=\"twitter:label2\" content=\"Availability\" \/>\n\t<meta name=\"twitter:data2\" content=\"In stock\" \/>\n<script type=\"application\/ld+json\" class=\"yoast-schema-graph\">{\"@context\":\"https:\/\/schema.org\",\"@graph\":[{\"@type\":\"WebPage\",\"@id\":\"https:\/\/www.eurosmart.hu\/shop\/index.php\/termek\/milwaukee-m12-fpp2a2-5253x-akkus-erocsomag-12v-1x25ah2x50ah\/\",\"url\":\"https:\/\/www.eurosmart.hu\/shop\/index.php\/termek\/milwaukee-m12-fpp2a2-5253x-akkus-erocsomag-12v-1x25ah2x50ah\/\",\"name\":\"MILWAUKEE M12 FPP2A2-5253X AKKUS ER\u0150CSOMAG 12V 1X2,5Ah+2X5,0Ah HD KOFFERBEN (4933492513) - Eurosmart - Milwaukee web\u00e1ruh\u00e1z\",\"isPartOf\":{\"@id\":\"https:\/\/www.eurosmart.hu\/shop\/#website\"},\"datePublished\":\"2023-09-11T14:33:57+00:00\",\"dateModified\":\"2024-01-17T11:10:16+00:00\",\"breadcrumb\":{\"@id\":\"https:\/\/www.eurosmart.hu\/shop\/index.php\/termek\/milwaukee-m12-fpp2a2-5253x-akkus-erocsomag-12v-1x25ah2x50ah\/#breadcrumb\"},\"inLanguage\":\"hu\",\"potentialAction\":[{\"@type\":\"ReadAction\",\"target\":[\"https:\/\/www.eurosmart.hu\/shop\/index.php\/termek\/milwaukee-m12-fpp2a2-5253x-akkus-erocsomag-12v-1x25ah2x50ah\/\"]}]},{\"@type\":\"BreadcrumbList\",\"@id\":\"https:\/\/www.eurosmart.hu\/shop\/index.php\/termek\/milwaukee-m12-fpp2a2-5253x-akkus-erocsomag-12v-1x25ah2x50ah\/#breadcrumb\",\"itemListElement\":[{\"@type\":\"ListItem\",\"position\":1,\"name\":\"Kezd\u0151lap\",\"item\":\"https:\/\/www.eurosmart.hu\/shop\/\"},{\"@type\":\"ListItem\",\"position\":2,\"name\":\"Term\u00e9keink\",\"item\":\"https:\/\/www.eurosmart.hu\/shop\/index.php\/uzlet\/\"},{\"@type\":\"ListItem\",\"position\":3,\"name\":\"MILWAUKEE M12 FPP2A2-5253X AKKUS ER\u0150CSOMAG 12V 1X2,5Ah+2X5,0Ah HD KOFFERBEN (4933492513)\"}]},{\"@type\":\"WebSite\",\"@id\":\"https:\/\/www.eurosmart.hu\/shop\/#website\",\"url\":\"https:\/\/www.eurosmart.hu\/shop\/\",\"name\":\"Eurosmart - Milwaukee web\u00e1ruh\u00e1z\",\"description\":\"Milwaukee web\u00e1ruh\u00e1z\",\"publisher\":{\"@id\":\"https:\/\/www.eurosmart.hu\/shop\/#organization\"},\"potentialAction\":[{\"@type\":\"SearchAction\",\"target\":{\"@type\":\"EntryPoint\",\"urlTemplate\":\"https:\/\/www.eurosmart.hu\/shop\/?s={search_term_string}\"},\"query-input\":\"required name=search_term_string\"}],\"inLanguage\":\"hu\"},{\"@type\":\"Organization\",\"@id\":\"https:\/\/www.eurosmart.hu\/shop\/#organization\",\"name\":\"Eurosmart - Milwaukee web\u00e1ruh\u00e1z\",\"url\":\"https:\/\/www.eurosmart.hu\/shop\/\",\"logo\":{\"@type\":\"ImageObject\",\"inLanguage\":\"hu\",\"@id\":\"https:\/\/www.eurosmart.hu\/shop\/#\/schema\/logo\/image\/\",\"url\":\"https:\/\/www.eurosmart.hu\/shop\/wp-content\/uploads\/2023\/10\/milwaukee-logo-1.png\",\"contentUrl\":\"https:\/\/www.eurosmart.hu\/shop\/wp-content\/uploads\/2023\/10\/milwaukee-logo-1.png\",\"width\":500,\"height\":200,\"caption\":\"Eurosmart - Milwaukee web\u00e1ruh\u00e1z\"},\"image\":{\"@id\":\"https:\/\/www.eurosmart.hu\/shop\/#\/schema\/logo\/image\/\"},\"sameAs\":[\"https:\/\/www.facebook.com\/EurosmartKft\"]}]}<\/script>\n<meta property=\"product:price:amount\" content=\"0\" \/>\n<meta property=\"product:price:currency\" content=\"HUF\" \/>\n<meta property=\"og:availability\" content=\"instock\" \/>\n<meta property=\"product:availability\" content=\"instock\" \/>\n<meta property=\"product:retailer_item_id\" content=\"4933492513\" \/>\n<meta property=\"product:condition\" content=\"new\" \/>\n<!-- \/ Yoast SEO Premium plugin. -->","yoast_head_json":{"title":"MILWAUKEE M12 FPP2A2-5253X AKKUS ER\u0150CSOMAG 12V 1X2,5Ah+2X5,0Ah HD KOFFERBEN (4933492513) - Eurosmart - Milwaukee web\u00e1ruh\u00e1z","robots":{"index":"index","follow":"follow","max-snippet":"max-snippet:-1","max-image-preview":"max-image-preview:large","max-video-preview":"max-video-preview:-1"},"canonical":"https:\/\/www.eurosmart.hu\/shop\/index.php\/termek\/milwaukee-m12-fpp2a2-5253x-akkus-erocsomag-12v-1x25ah2x50ah\/","og_locale":"hu_HU","og_type":"article","og_title":"MILWAUKEE M12 FPP2A2-5253X AKKUS ER\u0150CSOMAG 12V 1X2,5Ah+2X5,0Ah HD KOFFERBEN (4933492513)","og_description":"A k\u00e9szlet tartalma:   1 db M12 FPD2 szuperkompakt \u00fctvef\u00far\u00f3-csavaroz\u00f3  1 db M12 FID2 szuperkompakt 1\/4\" \u00fctvecsavaroz\u00f3  2 db M12 HB5 5.0 Ah akkumul\u00e1tor  1 db M12 HB2.5 2.5 Ah akkumul\u00e1tor  1 db M12 C12 C t\u00f6lt\u0151  1 db Heavy Duty koffer","og_url":"https:\/\/www.eurosmart.hu\/shop\/index.php\/termek\/milwaukee-m12-fpp2a2-5253x-akkus-erocsomag-12v-1x25ah2x50ah\/","og_site_name":"Eurosmart - Milwaukee web\u00e1ruh\u00e1z","article_publisher":"https:\/\/www.facebook.com\/EurosmartKft","article_modified_time":"2024-01-17T11:10:16+00:00","og_image":[{"width":1000,"height":1000,"url":"https:\/\/www.eurosmart.hu\/shop\/wp-content\/uploads\/2023\/09\/4933492513.jpg","type":"image\/jpeg"}],"twitter_card":"summary_large_image","twitter_misc":{"Price":"","Availability":"In stock"},"schema":{"@context":"https:\/\/schema.org","@graph":[{"@type":"WebPage","@id":"https:\/\/www.eurosmart.hu\/shop\/index.php\/termek\/milwaukee-m12-fpp2a2-5253x-akkus-erocsomag-12v-1x25ah2x50ah\/","url":"https:\/\/www.eurosmart.hu\/shop\/index.php\/termek\/milwaukee-m12-fpp2a2-5253x-akkus-erocsomag-12v-1x25ah2x50ah\/","name":"MILWAUKEE M12 FPP2A2-5253X AKKUS ER\u0150CSOMAG 12V 1X2,5Ah+2X5,0Ah HD KOFFERBEN (4933492513) - Eurosmart - Milwaukee web\u00e1ruh\u00e1z","isPartOf":{"@id":"https:\/\/www.eurosmart.hu\/shop\/#website"},"datePublished":"2023-09-11T14:33:57+00:00","dateModified":"2024-01-17T11:10:16+00:00","breadcrumb":{"@id":"https:\/\/www.eurosmart.hu\/shop\/index.php\/termek\/milwaukee-m12-fpp2a2-5253x-akkus-erocsomag-12v-1x25ah2x50ah\/#breadcrumb"},"inLanguage":"hu","potentialAction":[{"@type":"ReadAction","target":["https:\/\/www.eurosmart.hu\/shop\/index.php\/termek\/milwaukee-m12-fpp2a2-5253x-akkus-erocsomag-12v-1x25ah2x50ah\/"]}]},{"@type":"BreadcrumbList","@id":"https:\/\/www.eurosmart.hu\/shop\/index.php\/termek\/milwaukee-m12-fpp2a2-5253x-akkus-erocsomag-12v-1x25ah2x50ah\/#breadcrumb","itemListElement":[{"@type":"ListItem","position":1,"name":"Kezd\u0151lap","item":"https:\/\/www.eurosmart.hu\/shop\/"},{"@type":"ListItem","position":2,"name":"Term\u00e9keink","item":"https:\/\/www.eurosmart.hu\/shop\/index.php\/uzlet\/"},{"@type":"ListItem","position":3,"name":"MILWAUKEE M12 FPP2A2-5253X AKKUS ER\u0150CSOMAG 12V 1X2,5Ah+2X5,0Ah HD KOFFERBEN (4933492513)"}]},{"@type":"WebSite","@id":"https:\/\/www.eurosmart.hu\/shop\/#website","url":"https:\/\/www.eurosmart.hu\/shop\/","name":"Eurosmart - Milwaukee web\u00e1ruh\u00e1z","description":"Milwaukee web\u00e1ruh\u00e1z","publisher":{"@id":"https:\/\/www.eurosmart.hu\/shop\/#organization"},"potentialAction":[{"@type":"SearchAction","target":{"@type":"EntryPoint","urlTemplate":"https:\/\/www.eurosmart.hu\/shop\/?s={search_term_string}"},"query-input":"required name=search_term_string"}],"inLanguage":"hu"},{"@type":"Organization","@id":"https:\/\/www.eurosmart.hu\/shop\/#organization","name":"Eurosmart - Milwaukee web\u00e1ruh\u00e1z","url":"https:\/\/www.eurosmart.hu\/shop\/","logo":{"@type":"ImageObject","inLanguage":"hu","@id":"https:\/\/www.eurosmart.hu\/shop\/#\/schema\/logo\/image\/","url":"https:\/\/www.eurosmart.hu\/shop\/wp-content\/uploads\/2023\/10\/milwaukee-logo-1.png","contentUrl":"https:\/\/www.eurosmart.hu\/shop\/wp-content\/uploads\/2023\/10\/milwaukee-logo-1.png","width":500,"height":200,"caption":"Eurosmart - Milwaukee web\u00e1ruh\u00e1z"},"image":{"@id":"https:\/\/www.eurosmart.hu\/shop\/#\/schema\/logo\/image\/"},"sameAs":["https:\/\/www.facebook.com\/EurosmartKft"]}]},"product_price_currency":"HUF","og_availability":"instock","product_availability":"instock","product_retailer_item_id":"4933492513","product_condition":"new"},"_links":{"self":[{"href":"https:\/\/www.eurosmart.hu\/shop\/index.php\/wp-json\/wp\/v2\/product\/2012","targetHints":{"allow":["GET"]}}],"collection":[{"href":"https:\/\/www.eurosmart.hu\/shop\/index.php\/wp-json\/wp\/v2\/product"}],"about":[{"href":"https:\/\/www.eurosmart.hu\/shop\/index.php\/wp-json\/wp\/v2\/types\/product"}],"wp:featuredmedia":[{"embeddable":true,"href":"https:\/\/www.eurosmart.hu\/shop\/index.php\/wp-json\/wp\/v2\/media\/3042"}],"wp:attachment":[{"href":"https:\/\/www.eurosmart.hu\/shop\/index.php\/wp-json\/wp\/v2\/media?parent=2012"}],"wp:term":[{"taxonomy":"product_cat","embeddable":true,"href":"https:\/\/www.eurosmart.hu\/shop\/index.php\/wp-json\/wp\/v2\/product_cat?post=2012"},{"taxonomy":"product_tag","embeddable":true,"href":"https:\/\/www.eurosmart.hu\/shop\/index.php\/wp-json\/wp\/v2\/product_tag?post=2012"}],"curies":[{"name":"wp","href":"https:\/\/api.w.org\/{rel}","templated":true}]}}