{"id":1875,"date":"2023-06-26T15:26:39","date_gmt":"2023-06-26T15:26:39","guid":{"rendered":"https:\/\/www.eurosmart.hu\/?page_id=1875"},"modified":"2023-06-26T15:42:47","modified_gmt":"2023-06-26T15:42:47","slug":"palyazatok","status":"publish","type":"page","link":"https:\/\/www.eurosmart.hu\/index.php\/palyazatok\/","title":{"rendered":"P\u00e1ly\u00e1zatok"},"content":{"rendered":"\t\t<div data-elementor-type=\"wp-page\" data-elementor-id=\"1875\" class=\"elementor elementor-1875\" data-elementor-post-type=\"page\">\n\t\t\t\t\t\t\t\t\t<section class=\"elementor-section elementor-top-section elementor-element elementor-element-6f5185a elementor-section-boxed elementor-section-height-default elementor-section-height-default\" data-id=\"6f5185a\" data-element_type=\"section\">\n\t\t\t\t\t\t<div class=\"elementor-container elementor-column-gap-default\">\n\t\t\t\t\t<div class=\"elementor-column elementor-col-100 elementor-top-column elementor-element elementor-element-8a2de4b\" data-id=\"8a2de4b\" data-element_type=\"column\">\n\t\t\t<div class=\"elementor-widget-wrap elementor-element-populated\">\n\t\t\t\t\t\t\t\t<div class=\"elementor-element elementor-element-33b9469 elementor-widget elementor-widget-heading\" data-id=\"33b9469\" data-element_type=\"widget\" data-widget_type=\"heading.default\">\n\t\t\t\t<div class=\"elementor-widget-container\">\n\t\t\t<style>\/*! elementor - v3.16.0 - 20-09-2023 *\/\n.elementor-heading-title{padding:0;margin:0;line-height:1}.elementor-widget-heading .elementor-heading-title[class*=elementor-size-]>a{color:inherit;font-size:inherit;line-height:inherit}.elementor-widget-heading .elementor-heading-title.elementor-size-small{font-size:15px}.elementor-widget-heading .elementor-heading-title.elementor-size-medium{font-size:19px}.elementor-widget-heading .elementor-heading-title.elementor-size-large{font-size:29px}.elementor-widget-heading .elementor-heading-title.elementor-size-xl{font-size:39px}.elementor-widget-heading .elementor-heading-title.elementor-size-xxl{font-size:59px}<\/style><h2 class=\"elementor-heading-title elementor-size-default\">Elnyert p\u00e1ly\u00e1zataink:<\/h2>\t\t<\/div>\n\t\t\t\t<\/div>\n\t\t\t\t<div class=\"elementor-element elementor-element-cbf7457 elementor-widget elementor-widget-image\" data-id=\"cbf7457\" data-element_type=\"widget\" data-widget_type=\"image.default\">\n\t\t\t\t<div class=\"elementor-widget-container\">\n\t\t\t<style>\/*! elementor - v3.16.0 - 20-09-2023 *\/\n.elementor-widget-image{text-align:center}.elementor-widget-image a{display:inline-block}.elementor-widget-image a img[src$=\".svg\"]{width:48px}.elementor-widget-image img{vertical-align:middle;display:inline-block}<\/style>\t\t\t\t\t\t\t\t\t\t\t\t<img loading=\"lazy\" decoding=\"async\" width=\"1024\" height=\"719\" src=\"https:\/\/www.eurosmart.hu\/wp-content\/uploads\/2023\/06\/arpi-drone-tabla-1024x719.jpg\" class=\"attachment-large size-large wp-image-1878\" alt=\"\" srcset=\"https:\/\/www.eurosmart.hu\/wp-content\/uploads\/2023\/06\/arpi-drone-tabla-1024x719.jpg 1024w, https:\/\/www.eurosmart.hu\/wp-content\/uploads\/2023\/06\/arpi-drone-tabla-300x211.jpg 300w, https:\/\/www.eurosmart.hu\/wp-content\/uploads\/2023\/06\/arpi-drone-tabla-768x540.jpg 768w, https:\/\/www.eurosmart.hu\/wp-content\/uploads\/2023\/06\/arpi-drone-tabla-1536x1079.jpg 1536w, https:\/\/www.eurosmart.hu\/wp-content\/uploads\/2023\/06\/arpi-drone-tabla-208x146.jpg 208w, https:\/\/www.eurosmart.hu\/wp-content\/uploads\/2023\/06\/arpi-drone-tabla-50x35.jpg 50w, https:\/\/www.eurosmart.hu\/wp-content\/uploads\/2023\/06\/arpi-drone-tabla-107x75.jpg 107w, https:\/\/www.eurosmart.hu\/wp-content\/uploads\/2023\/06\/arpi-drone-tabla-480x337.jpg 480w, https:\/\/www.eurosmart.hu\/wp-content\/uploads\/2023\/06\/arpi-drone-tabla-600x422.jpg 600w, https:\/\/www.eurosmart.hu\/wp-content\/uploads\/2023\/06\/arpi-drone-tabla-800x562.jpg 800w, https:\/\/www.eurosmart.hu\/wp-content\/uploads\/2023\/06\/arpi-drone-tabla.jpg 1701w\" sizes=\"auto, (max-width:767px) 480px, (max-width:1024px) 100vw, 1024px\" \/>\t\t\t\t\t\t\t\t\t\t\t\t\t\t\t<\/div>\n\t\t\t\t<\/div>\n\t\t\t\t<div class=\"elementor-element elementor-element-b8b70be elementor-widget elementor-widget-text-editor\" data-id=\"b8b70be\" data-element_type=\"widget\" data-widget_type=\"text-editor.default\">\n\t\t\t\t<div class=\"elementor-widget-container\">\n\t\t\t<style>\/*! elementor - v3.16.0 - 20-09-2023 *\/\n.elementor-widget-text-editor.elementor-drop-cap-view-stacked .elementor-drop-cap{background-color:#69727d;color:#fff}.elementor-widget-text-editor.elementor-drop-cap-view-framed .elementor-drop-cap{color:#69727d;border:3px solid;background-color:transparent}.elementor-widget-text-editor:not(.elementor-drop-cap-view-default) .elementor-drop-cap{margin-top:8px}.elementor-widget-text-editor:not(.elementor-drop-cap-view-default) .elementor-drop-cap-letter{width:1em;height:1em}.elementor-widget-text-editor .elementor-drop-cap{float:left;text-align:center;line-height:1;font-size:50px}.elementor-widget-text-editor .elementor-drop-cap-letter{display:inline-block}<\/style>\t\t\t\t<ul>\n<li><strong>Kedvezm\u00e9nyezett: Eurosmart Kft.<\/strong><\/li>\n<li><strong>V\u00e1llalatok K+F+I tev\u00e9kenys\u00e9g\u00e9nek t\u00e1mogat\u00e1sa kombin\u00e1lt hitelterm\u00e9k keret\u00e9ben<\/strong><\/li>\n<li><strong>Innovat\u00edv dr\u00f3n- \u00e9s manipul\u00e1tortechnol\u00f3gia alkalmaz\u00e1s\u00e1val ac\u00e9lszerkezetek \u00e1llapotellen\u0151rz\u00e9se<\/strong><\/li>\n<li><strong>Innovat\u00edv dr\u00f3n- \u00e9s manipul\u00e1tortechnol\u00f3gia alkalmaz\u00e1s\u00e1val<\/strong><br><strong>v\u00e9grehajthat\u00f3 m\u00e9rn\u00f6ki ac\u00e9lszerkezetek \u00e1llapotellen\u0151rz\u0151 rendszer\u00e9nek kifejleszt\u00e9se, k\u00fcl\u00f6n\u00f6s tekintettel a hegesztett k\u00f6t\u00e9sekre<\/strong><\/li>\n<li><strong>A projekt \u00f6sszk\u00f6lts\u00e9ge: 239,97 M Forint melyb\u0151l<\/strong>\n<ul>\n<li><strong>Vissza nem t\u00e9r\u00edtend\u0151 t\u00e1mogat\u00e1s: 131,98 M Forint<\/strong><\/li>\n<li><strong>Hitel \u00f6sszege: 76,79 M Forint<\/strong><\/li>\n<\/ul>\n<\/li>\n<li><strong>Projekt azonos\u00edt\u00f3: GINOP-2.1.2-8-1-4-16-2019-00789<\/strong><\/li>\n<li><strong>Projekt befejez\u00e9si d\u00e1tuma: 2022.06.22.&nbsp;<\/strong><\/li>\n<\/ul>\t\t\t\t\t\t<\/div>\n\t\t\t\t<\/div>\n\t\t\t\t\t<\/div>\n\t\t<\/div>\n\t\t\t\t\t\t\t<\/div>\n\t\t<\/section>\n\t\t\t\t\t\t\t<\/div>\n\t\t","protected":false},"excerpt":{"rendered":"<p>Elnyert p\u00e1ly\u00e1zataink: Kedvezm\u00e9nyezett: Eurosmart Kft. V\u00e1llalatok K+F+I tev\u00e9kenys\u00e9g\u00e9nek t\u00e1mogat\u00e1sa kombin\u00e1lt hitelterm\u00e9k keret\u00e9ben Innovat\u00edv dr\u00f3n- \u00e9s manipul\u00e1tortechnol\u00f3gia alkalmaz\u00e1s\u00e1val ac\u00e9lszerkezetek \u00e1llapotellen\u0151rz\u00e9se Innovat\u00edv dr\u00f3n- \u00e9s manipul\u00e1tortechnol\u00f3gia alkalmaz\u00e1s\u00e1valv\u00e9grehajthat\u00f3 m\u00e9rn\u00f6ki ac\u00e9lszerkezetek<span class=\"excerpt-hellip\"> [\u2026]<\/span><\/p>\n","protected":false},"author":3,"featured_media":0,"parent":0,"menu_order":0,"comment_status":"closed","ping_status":"closed","template":"","meta":{"footnotes":""},"class_list":["post-1875","page","type-page","status-publish","hentry"],"_links":{"self":[{"href":"https:\/\/www.eurosmart.hu\/index.php\/wp-json\/wp\/v2\/pages\/1875","targetHints":{"allow":["GET"]}}],"collection":[{"href":"https:\/\/www.eurosmart.hu\/index.php\/wp-json\/wp\/v2\/pages"}],"about":[{"href":"https:\/\/www.eurosmart.hu\/index.php\/wp-json\/wp\/v2\/types\/page"}],"author":[{"embeddable":true,"href":"https:\/\/www.eurosmart.hu\/index.php\/wp-json\/wp\/v2\/users\/3"}],"replies":[{"embeddable":true,"href":"https:\/\/www.eurosmart.hu\/index.php\/wp-json\/wp\/v2\/comments?post=1875"}],"version-history":[{"count":14,"href":"https:\/\/www.eurosmart.hu\/index.php\/wp-json\/wp\/v2\/pages\/1875\/revisions"}],"predecessor-version":[{"id":1901,"href":"https:\/\/www.eurosmart.hu\/index.php\/wp-json\/wp\/v2\/pages\/1875\/revisions\/1901"}],"wp:attachment":[{"href":"https:\/\/www.eurosmart.hu\/index.php\/wp-json\/wp\/v2\/media?parent=1875"}],"curies":[{"name":"wp","href":"https:\/\/api.w.org\/{rel}","templated":true}]}}