{"id":1675,"date":"2023-04-14T07:41:30","date_gmt":"2023-04-14T07:41:30","guid":{"rendered":"https:\/\/www.eurosmart.hu\/?page_id=1675"},"modified":"2024-06-11T07:34:24","modified_gmt":"2024-06-11T07:34:24","slug":"smarttech-inverteres-plazmavago-gepek","status":"publish","type":"page","link":"https:\/\/www.eurosmart.hu\/index.php\/hegesztestechnika\/smarttech-inverteres-plazmavago-gepek\/","title":{"rendered":"Smarttech Inverteres plazmav\u00e1g\u00f3 g\u00e9pek"},"content":{"rendered":"\t\t<div data-elementor-type=\"wp-page\" data-elementor-id=\"1675\" class=\"elementor elementor-1675\" data-elementor-post-type=\"page\">\n\t\t\t\t\t\t\t\t\t<section class=\"elementor-section elementor-top-section elementor-element elementor-element-96d2fbf elementor-section-boxed elementor-section-height-default elementor-section-height-default\" data-id=\"96d2fbf\" data-element_type=\"section\">\n\t\t\t\t\t\t<div class=\"elementor-container elementor-column-gap-default\">\n\t\t\t\t\t<div class=\"elementor-column elementor-col-100 elementor-top-column elementor-element elementor-element-c8c1bbd\" data-id=\"c8c1bbd\" data-element_type=\"column\">\n\t\t\t<div class=\"elementor-widget-wrap elementor-element-populated\">\n\t\t\t\t\t\t\t\t<div class=\"elementor-element elementor-element-7f944c2 elementor-nav-menu__align-center elementor-nav-menu--dropdown-tablet elementor-nav-menu__text-align-aside elementor-nav-menu--toggle elementor-nav-menu--burger elementor-widget elementor-widget-nav-menu\" data-id=\"7f944c2\" data-element_type=\"widget\" data-settings=\"{&quot;layout&quot;:&quot;horizontal&quot;,&quot;submenu_icon&quot;:{&quot;value&quot;:&quot;&lt;i class=\\&quot;fas fa-caret-down\\&quot;&gt;&lt;\\\/i&gt;&quot;,&quot;library&quot;:&quot;fa-solid&quot;},&quot;toggle&quot;:&quot;burger&quot;}\" data-widget_type=\"nav-menu.default\">\n\t\t\t\t<div class=\"elementor-widget-container\">\n\t\t\t<link rel=\"stylesheet\" href=\"https:\/\/www.eurosmart.hu\/wp-content\/plugins\/elementor-pro\/assets\/css\/widget-nav-menu.min.css\">\t\t\t<nav class=\"elementor-nav-menu--main elementor-nav-menu__container elementor-nav-menu--layout-horizontal e--pointer-underline e--animation-fade\">\n\t\t\t\t<ul id=\"menu-1-7f944c2\" class=\"elementor-nav-menu\"><li class=\"menu-item menu-item-type-custom menu-item-object-custom menu-item-has-children menu-item-1640\"><a href=\"#\" class=\"elementor-item elementor-item-anchor\">Smarttech<\/a>\n<ul class=\"sub-menu elementor-nav-menu--dropdown\">\n\t<li class=\"menu-item menu-item-type-post_type menu-item-object-page menu-item-1638\"><a href=\"https:\/\/www.eurosmart.hu\/index.php\/hegesztestechnika\/smarttech-inverteres-hegesztogepek-mma\/\" class=\"elementor-sub-item\">Smarttech Inverteres hegeszt\u0151g\u00e9pek \u2013 MMA<\/a><\/li>\n\t<li class=\"menu-item menu-item-type-post_type menu-item-object-page menu-item-1662\"><a href=\"https:\/\/www.eurosmart.hu\/index.php\/hegesztestechnika\/smarttech-inverteres-co-hegesztogepek-mig\/\" class=\"elementor-sub-item\">Smarttech Inverteres CO hegeszt\u0151g\u00e9pek \u2013 MIG<\/a><\/li>\n\t<li class=\"menu-item menu-item-type-post_type menu-item-object-page menu-item-1674\"><a href=\"https:\/\/www.eurosmart.hu\/index.php\/hegesztestechnika\/smarttech-inverteres-awi-hegesztogepek-tig\/\" class=\"elementor-sub-item\">Smarttech Inverteres AWI hegeszt\u0151g\u00e9pek \u2013 TIG<\/a><\/li>\n\t<li class=\"menu-item menu-item-type-post_type menu-item-object-page menu-item-1680\"><a href=\"https:\/\/www.eurosmart.hu\/index.php\/hegesztestechnika\/smarttech-inverteres-plazmavago-gepek\/\" class=\"elementor-sub-item\">Smarttech Inverteres plazmav\u00e1g\u00f3 g\u00e9pek<\/a><\/li>\n<\/ul>\n<\/li>\n<li class=\"menu-item menu-item-type-custom menu-item-object-custom menu-item-has-children menu-item-1647\"><a href=\"#\" class=\"elementor-item elementor-item-anchor\">IWELD<\/a>\n<ul class=\"sub-menu elementor-nav-menu--dropdown\">\n\t<li class=\"menu-item menu-item-type-post_type menu-item-object-page menu-item-1686\"><a href=\"https:\/\/www.eurosmart.hu\/index.php\/hegesztestechnika\/iweld-inverteres-elektrodas-hegesztogepek-mma\/\" class=\"elementor-sub-item\">IWELD Inverteres elektr\u00f3d\u00e1s hegeszt\u0151g\u00e9pek \u2013 MMA<\/a><\/li>\n\t<li class=\"menu-item menu-item-type-post_type menu-item-object-page menu-item-1695\"><a href=\"https:\/\/www.eurosmart.hu\/index.php\/hegesztestechnika\/iweld-inverteres-co-hegesztogepek-mig\/\" class=\"elementor-sub-item\">IWELD Inverteres CO hegeszt\u0151g\u00e9pek \u2013 MIG\u200b<\/a><\/li>\n\t<li class=\"menu-item menu-item-type-post_type menu-item-object-page menu-item-1702\"><a href=\"https:\/\/www.eurosmart.hu\/index.php\/hegesztestechnika\/iweld-inverteres-awi-hegesztogepek-tig\/\" class=\"elementor-sub-item\">IWELD Inverteres AWI hegeszt\u0151g\u00e9pek \u2013 TIG<\/a><\/li>\n\t<li class=\"menu-item menu-item-type-post_type menu-item-object-page menu-item-1708\"><a href=\"https:\/\/www.eurosmart.hu\/index.php\/hegesztestechnika\/iweld-inverteres-plazmavago-gepek\/\" class=\"elementor-sub-item\">IWELD Inverteres plazmav\u00e1g\u00f3 g\u00e9pek\u200b<\/a><\/li>\n<\/ul>\n<\/li>\n<li class=\"menu-item menu-item-type-post_type menu-item-object-page menu-item-1789\"><a href=\"https:\/\/www.eurosmart.hu\/index.php\/hegesztestechnika\/b-max-hegesztogepek\/\" class=\"elementor-item\">B MAX<\/a><\/li>\n<li class=\"menu-item menu-item-type-post_type menu-item-object-page menu-item-1830\"><a href=\"https:\/\/www.eurosmart.hu\/index.php\/hegesztestechnika\/weld-impex-hegesztogepek\/\" class=\"elementor-item\">WELD-IMPEX<\/a><\/li>\n<li class=\"menu-item menu-item-type-custom menu-item-object-custom menu-item-1650\"><a href=\"#\" class=\"elementor-item elementor-item-anchor\">GCE<\/a><\/li>\n<li class=\"menu-item menu-item-type-post_type menu-item-object-page menu-item-1656\"><a href=\"https:\/\/www.eurosmart.hu\/index.php\/hegesztestechnika\/hegesztopajzsok\/\" class=\"elementor-item\">Hegeszt\u0151pajzsok<\/a><\/li>\n<li class=\"menu-item menu-item-type-custom menu-item-object-custom menu-item-1651\"><a href=\"https:\/\/www.eurosmart.hu\/index.php\/milwaukee\/\" class=\"elementor-item\">Milwaukee<\/a><\/li>\n<li class=\"menu-item menu-item-type-custom menu-item-object-custom menu-item-1652\"><a href=\"#\" class=\"elementor-item elementor-item-anchor\">Ipari g\u00e9pek<\/a><\/li>\n<li class=\"menu-item menu-item-type-post_type menu-item-object-page menu-item-3236\"><a href=\"https:\/\/www.eurosmart.hu\/index.php\/letoltheto-dokumentumok\/\" class=\"elementor-item\">Let\u00f6lthet\u0151 dokumentumok<\/a><\/li>\n<\/ul>\t\t\t<\/nav>\n\t\t\t\t\t<div class=\"elementor-menu-toggle\" role=\"button\" tabindex=\"0\" aria-label=\"Men\u00fc kapcsol\u00f3\" aria-expanded=\"false\">\n\t\t\t<i aria-hidden=\"true\" role=\"presentation\" class=\"elementor-menu-toggle__icon--open eicon-menu-bar\"><\/i><i aria-hidden=\"true\" role=\"presentation\" class=\"elementor-menu-toggle__icon--close eicon-close\"><\/i>\t\t\t<span class=\"elementor-screen-only\">Men\u00fc<\/span>\n\t\t<\/div>\n\t\t\t\t\t<nav class=\"elementor-nav-menu--dropdown elementor-nav-menu__container\" aria-hidden=\"true\">\n\t\t\t\t<ul id=\"menu-2-7f944c2\" class=\"elementor-nav-menu\"><li class=\"menu-item menu-item-type-custom menu-item-object-custom menu-item-has-children menu-item-1640\"><a href=\"#\" class=\"elementor-item elementor-item-anchor\" tabindex=\"-1\">Smarttech<\/a>\n<ul class=\"sub-menu elementor-nav-menu--dropdown\">\n\t<li class=\"menu-item menu-item-type-post_type menu-item-object-page menu-item-1638\"><a href=\"https:\/\/www.eurosmart.hu\/index.php\/hegesztestechnika\/smarttech-inverteres-hegesztogepek-mma\/\" class=\"elementor-sub-item\" tabindex=\"-1\">Smarttech Inverteres hegeszt\u0151g\u00e9pek \u2013 MMA<\/a><\/li>\n\t<li class=\"menu-item menu-item-type-post_type menu-item-object-page menu-item-1662\"><a href=\"https:\/\/www.eurosmart.hu\/index.php\/hegesztestechnika\/smarttech-inverteres-co-hegesztogepek-mig\/\" class=\"elementor-sub-item\" tabindex=\"-1\">Smarttech Inverteres CO hegeszt\u0151g\u00e9pek \u2013 MIG<\/a><\/li>\n\t<li class=\"menu-item menu-item-type-post_type menu-item-object-page menu-item-1674\"><a href=\"https:\/\/www.eurosmart.hu\/index.php\/hegesztestechnika\/smarttech-inverteres-awi-hegesztogepek-tig\/\" class=\"elementor-sub-item\" tabindex=\"-1\">Smarttech Inverteres AWI hegeszt\u0151g\u00e9pek \u2013 TIG<\/a><\/li>\n\t<li class=\"menu-item menu-item-type-post_type menu-item-object-page menu-item-1680\"><a href=\"https:\/\/www.eurosmart.hu\/index.php\/hegesztestechnika\/smarttech-inverteres-plazmavago-gepek\/\" class=\"elementor-sub-item\" tabindex=\"-1\">Smarttech Inverteres plazmav\u00e1g\u00f3 g\u00e9pek<\/a><\/li>\n<\/ul>\n<\/li>\n<li class=\"menu-item menu-item-type-custom menu-item-object-custom menu-item-has-children menu-item-1647\"><a href=\"#\" class=\"elementor-item elementor-item-anchor\" tabindex=\"-1\">IWELD<\/a>\n<ul class=\"sub-menu elementor-nav-menu--dropdown\">\n\t<li class=\"menu-item menu-item-type-post_type menu-item-object-page menu-item-1686\"><a href=\"https:\/\/www.eurosmart.hu\/index.php\/hegesztestechnika\/iweld-inverteres-elektrodas-hegesztogepek-mma\/\" class=\"elementor-sub-item\" tabindex=\"-1\">IWELD Inverteres elektr\u00f3d\u00e1s hegeszt\u0151g\u00e9pek \u2013 MMA<\/a><\/li>\n\t<li class=\"menu-item menu-item-type-post_type menu-item-object-page menu-item-1695\"><a href=\"https:\/\/www.eurosmart.hu\/index.php\/hegesztestechnika\/iweld-inverteres-co-hegesztogepek-mig\/\" class=\"elementor-sub-item\" tabindex=\"-1\">IWELD Inverteres CO hegeszt\u0151g\u00e9pek \u2013 MIG\u200b<\/a><\/li>\n\t<li class=\"menu-item menu-item-type-post_type menu-item-object-page menu-item-1702\"><a href=\"https:\/\/www.eurosmart.hu\/index.php\/hegesztestechnika\/iweld-inverteres-awi-hegesztogepek-tig\/\" class=\"elementor-sub-item\" tabindex=\"-1\">IWELD Inverteres AWI hegeszt\u0151g\u00e9pek \u2013 TIG<\/a><\/li>\n\t<li class=\"menu-item menu-item-type-post_type menu-item-object-page menu-item-1708\"><a href=\"https:\/\/www.eurosmart.hu\/index.php\/hegesztestechnika\/iweld-inverteres-plazmavago-gepek\/\" class=\"elementor-sub-item\" tabindex=\"-1\">IWELD Inverteres plazmav\u00e1g\u00f3 g\u00e9pek\u200b<\/a><\/li>\n<\/ul>\n<\/li>\n<li class=\"menu-item menu-item-type-post_type menu-item-object-page menu-item-1789\"><a href=\"https:\/\/www.eurosmart.hu\/index.php\/hegesztestechnika\/b-max-hegesztogepek\/\" class=\"elementor-item\" tabindex=\"-1\">B MAX<\/a><\/li>\n<li class=\"menu-item menu-item-type-post_type menu-item-object-page menu-item-1830\"><a href=\"https:\/\/www.eurosmart.hu\/index.php\/hegesztestechnika\/weld-impex-hegesztogepek\/\" class=\"elementor-item\" tabindex=\"-1\">WELD-IMPEX<\/a><\/li>\n<li class=\"menu-item menu-item-type-custom menu-item-object-custom menu-item-1650\"><a href=\"#\" class=\"elementor-item elementor-item-anchor\" tabindex=\"-1\">GCE<\/a><\/li>\n<li class=\"menu-item menu-item-type-post_type menu-item-object-page menu-item-1656\"><a href=\"https:\/\/www.eurosmart.hu\/index.php\/hegesztestechnika\/hegesztopajzsok\/\" class=\"elementor-item\" tabindex=\"-1\">Hegeszt\u0151pajzsok<\/a><\/li>\n<li class=\"menu-item menu-item-type-custom menu-item-object-custom menu-item-1651\"><a href=\"https:\/\/www.eurosmart.hu\/index.php\/milwaukee\/\" class=\"elementor-item\" tabindex=\"-1\">Milwaukee<\/a><\/li>\n<li class=\"menu-item menu-item-type-custom menu-item-object-custom menu-item-1652\"><a href=\"#\" class=\"elementor-item elementor-item-anchor\" tabindex=\"-1\">Ipari g\u00e9pek<\/a><\/li>\n<li class=\"menu-item menu-item-type-post_type menu-item-object-page menu-item-3236\"><a href=\"https:\/\/www.eurosmart.hu\/index.php\/letoltheto-dokumentumok\/\" class=\"elementor-item\" tabindex=\"-1\">Let\u00f6lthet\u0151 dokumentumok<\/a><\/li>\n<\/ul>\t\t\t<\/nav>\n\t\t\t\t<\/div>\n\t\t\t\t<\/div>\n\t\t\t\t<div class=\"elementor-element elementor-element-c7a6272 elementor-widget elementor-widget-image\" data-id=\"c7a6272\" data-element_type=\"widget\" data-widget_type=\"image.default\">\n\t\t\t\t<div class=\"elementor-widget-container\">\n\t\t\t<style>\/*! elementor - v3.16.0 - 20-09-2023 *\/\n.elementor-widget-image{text-align:center}.elementor-widget-image a{display:inline-block}.elementor-widget-image a img[src$=\".svg\"]{width:48px}.elementor-widget-image img{vertical-align:middle;display:inline-block}<\/style>\t\t\t\t\t\t\t\t\t\t\t\t<img loading=\"lazy\" decoding=\"async\" width=\"700\" height=\"97\" src=\"https:\/\/www.eurosmart.hu\/wp-content\/uploads\/2023\/04\/smarttech_logo-1.jpg\" class=\"attachment-large size-large wp-image-1052\" alt=\"\" srcset=\"https:\/\/www.eurosmart.hu\/wp-content\/uploads\/2023\/04\/smarttech_logo-1.jpg 700w, https:\/\/www.eurosmart.hu\/wp-content\/uploads\/2023\/04\/smarttech_logo-1-300x42.jpg 300w, https:\/\/www.eurosmart.hu\/wp-content\/uploads\/2023\/04\/smarttech_logo-1-260x36.jpg 260w, https:\/\/www.eurosmart.hu\/wp-content\/uploads\/2023\/04\/smarttech_logo-1-50x7.jpg 50w, https:\/\/www.eurosmart.hu\/wp-content\/uploads\/2023\/04\/smarttech_logo-1-150x21.jpg 150w, https:\/\/www.eurosmart.hu\/wp-content\/uploads\/2023\/04\/smarttech_logo-1-480x67.jpg 480w, https:\/\/www.eurosmart.hu\/wp-content\/uploads\/2023\/04\/smarttech_logo-1-600x83.jpg 600w\" sizes=\"auto, (max-width:767px) 480px, 700px\" \/>\t\t\t\t\t\t\t\t\t\t\t\t\t\t\t<\/div>\n\t\t\t\t<\/div>\n\t\t\t\t<div class=\"elementor-element elementor-element-14d3480 elementor-widget elementor-widget-heading\" data-id=\"14d3480\" data-element_type=\"widget\" data-widget_type=\"heading.default\">\n\t\t\t\t<div class=\"elementor-widget-container\">\n\t\t\t<style>\/*! elementor - v3.16.0 - 20-09-2023 *\/\n.elementor-heading-title{padding:0;margin:0;line-height:1}.elementor-widget-heading .elementor-heading-title[class*=elementor-size-]>a{color:inherit;font-size:inherit;line-height:inherit}.elementor-widget-heading .elementor-heading-title.elementor-size-small{font-size:15px}.elementor-widget-heading .elementor-heading-title.elementor-size-medium{font-size:19px}.elementor-widget-heading .elementor-heading-title.elementor-size-large{font-size:29px}.elementor-widget-heading .elementor-heading-title.elementor-size-xl{font-size:39px}.elementor-widget-heading .elementor-heading-title.elementor-size-xxl{font-size:59px}<\/style><h3 class=\"elementor-heading-title elementor-size-default\">Inverteres plazmav\u00e1g\u00f3 g\u00e9pek<\/h3>\t\t<\/div>\n\t\t\t\t<\/div>\n\t\t\t\t\t<\/div>\n\t\t<\/div>\n\t\t\t\t\t\t\t<\/div>\n\t\t<\/section>\n\t\t\t\t<section class=\"elementor-section elementor-top-section elementor-element elementor-element-9bf8144 elementor-section-content-bottom elementor-section-boxed elementor-section-height-default elementor-section-height-default\" data-id=\"9bf8144\" data-element_type=\"section\">\n\t\t\t\t\t\t<div class=\"elementor-container elementor-column-gap-default\">\n\t\t\t\t\t<div class=\"elementor-column elementor-col-50 elementor-top-column elementor-element elementor-element-1824445\" data-id=\"1824445\" data-element_type=\"column\">\n\t\t\t<div class=\"elementor-widget-wrap elementor-element-populated\">\n\t\t\t\t\t\t\t\t<div class=\"elementor-element elementor-element-8476ccc elementor-widget elementor-widget-image\" data-id=\"8476ccc\" data-element_type=\"widget\" data-widget_type=\"image.default\">\n\t\t\t\t<div class=\"elementor-widget-container\">\n\t\t\t\t\t\t\t\t\t\t\t\t\t\t\t\t<a href=\"https:\/\/www.eurosmart.hu\/wp-content\/uploads\/2023\/08\/0001_smarttech-cut-50qi.jpg\" data-elementor-open-lightbox=\"yes\" data-elementor-lightbox-title=\"0001_smarttech cut 50qi\" data-e-action-hash=\"#elementor-action%3Aaction%3Dlightbox%26settings%3DeyJpZCI6MTk0NCwidXJsIjoiaHR0cHM6XC9cL3d3dy5ldXJvc21hcnQuaHVcL3dwLWNvbnRlbnRcL3VwbG9hZHNcLzIwMjNcLzA4XC8wMDAxX3NtYXJ0dGVjaC1jdXQtNTBxaS5qcGcifQ%3D%3D\">\n\t\t\t\t\t\t\t<img loading=\"lazy\" decoding=\"async\" width=\"1024\" height=\"1024\" src=\"https:\/\/www.eurosmart.hu\/wp-content\/uploads\/2023\/08\/0001_smarttech-cut-50qi.jpg\" class=\"attachment-large size-large wp-image-1944\" alt=\"\" srcset=\"https:\/\/www.eurosmart.hu\/wp-content\/uploads\/2023\/08\/0001_smarttech-cut-50qi.jpg 1024w, https:\/\/www.eurosmart.hu\/wp-content\/uploads\/2023\/08\/0001_smarttech-cut-50qi-300x300.jpg 300w, https:\/\/www.eurosmart.hu\/wp-content\/uploads\/2023\/08\/0001_smarttech-cut-50qi-150x150.jpg 150w, https:\/\/www.eurosmart.hu\/wp-content\/uploads\/2023\/08\/0001_smarttech-cut-50qi-768x768.jpg 768w, https:\/\/www.eurosmart.hu\/wp-content\/uploads\/2023\/08\/0001_smarttech-cut-50qi-146x146.jpg 146w, https:\/\/www.eurosmart.hu\/wp-content\/uploads\/2023\/08\/0001_smarttech-cut-50qi-50x50.jpg 50w, https:\/\/www.eurosmart.hu\/wp-content\/uploads\/2023\/08\/0001_smarttech-cut-50qi-75x75.jpg 75w, https:\/\/www.eurosmart.hu\/wp-content\/uploads\/2023\/08\/0001_smarttech-cut-50qi-85x85.jpg 85w, https:\/\/www.eurosmart.hu\/wp-content\/uploads\/2023\/08\/0001_smarttech-cut-50qi-80x80.jpg 80w, https:\/\/www.eurosmart.hu\/wp-content\/uploads\/2023\/08\/0001_smarttech-cut-50qi-480x480.jpg 480w, https:\/\/www.eurosmart.hu\/wp-content\/uploads\/2023\/08\/0001_smarttech-cut-50qi-600x600.jpg 600w, https:\/\/www.eurosmart.hu\/wp-content\/uploads\/2023\/08\/0001_smarttech-cut-50qi-800x800.jpg 800w\" sizes=\"auto, (max-width:767px) 480px, (max-width:1024px) 100vw, 1024px\" \/>\t\t\t\t\t\t\t\t<\/a>\n\t\t\t\t\t\t\t\t\t\t\t\t\t\t\t<\/div>\n\t\t\t\t<\/div>\n\t\t\t\t<div class=\"elementor-element elementor-element-2c31af2 elementor-widget elementor-widget-heading\" data-id=\"2c31af2\" data-element_type=\"widget\" data-widget_type=\"heading.default\">\n\t\t\t\t<div class=\"elementor-widget-container\">\n\t\t\t<h4 class=\"elementor-heading-title elementor-size-default\">SMARTECH CUT 50 QI<\/h4>\t\t<\/div>\n\t\t\t\t<\/div>\n\t\t\t\t<div class=\"elementor-element elementor-element-714192f elementor-align-center elementor-icon-list--layout-traditional elementor-list-item-link-full_width elementor-widget elementor-widget-icon-list\" data-id=\"714192f\" data-element_type=\"widget\" data-widget_type=\"icon-list.default\">\n\t\t\t\t<div class=\"elementor-widget-container\">\n\t\t\t<link rel=\"stylesheet\" href=\"https:\/\/www.eurosmart.hu\/wp-content\/plugins\/elementor\/assets\/css\/widget-icon-list.min.css\">\t\t<ul class=\"elementor-icon-list-items\">\n\t\t\t\t\t\t\t<li class=\"elementor-icon-list-item\">\n\t\t\t\t\t\t\t\t\t\t\t<a href=\"https:\/\/www.eurosmart.hu\/wp-content\/uploads\/2023\/08\/Kezelesi-utmutato-CUT-50QI-A5.pdf\" target=\"_blank\">\n\n\t\t\t\t\t\t\t\t\t\t\t\t<span class=\"elementor-icon-list-icon\">\n\t\t\t\t\t\t\t<i aria-hidden=\"true\" class=\"far fa-file-pdf\"><\/i>\t\t\t\t\t\t<\/span>\n\t\t\t\t\t\t\t\t\t\t<span class=\"elementor-icon-list-text\">Adatlap<\/span>\n\t\t\t\t\t\t\t\t\t\t\t<\/a>\n\t\t\t\t\t\t\t\t\t<\/li>\n\t\t\t\t\t\t<\/ul>\n\t\t\t\t<\/div>\n\t\t\t\t<\/div>\n\t\t\t\t\t<\/div>\n\t\t<\/div>\n\t\t\t\t<div class=\"elementor-column elementor-col-50 elementor-top-column elementor-element elementor-element-d9c77b9\" data-id=\"d9c77b9\" data-element_type=\"column\">\n\t\t\t<div class=\"elementor-widget-wrap elementor-element-populated\">\n\t\t\t\t\t\t\t\t<div class=\"elementor-element elementor-element-e38a5a1 elementor-widget elementor-widget-image\" data-id=\"e38a5a1\" data-element_type=\"widget\" data-widget_type=\"image.default\">\n\t\t\t\t<div class=\"elementor-widget-container\">\n\t\t\t\t\t\t\t\t\t\t\t\t\t\t\t\t<a href=\"https:\/\/www.eurosmart.hu\/wp-content\/uploads\/2023\/04\/smarttech-cut-120-pi-scaled.jpg\" data-elementor-open-lightbox=\"yes\" data-elementor-lightbox-title=\"smarttech cut 120 pi\" data-e-action-hash=\"#elementor-action%3Aaction%3Dlightbox%26settings%3DeyJpZCI6MTA4MywidXJsIjoiaHR0cHM6XC9cL3d3dy5ldXJvc21hcnQuaHVcL3dwLWNvbnRlbnRcL3VwbG9hZHNcLzIwMjNcLzA0XC9zbWFydHRlY2gtY3V0LTEyMC1waS1zY2FsZWQuanBnIn0%3D\">\n\t\t\t\t\t\t\t<img loading=\"lazy\" decoding=\"async\" width=\"1024\" height=\"1024\" src=\"https:\/\/www.eurosmart.hu\/wp-content\/uploads\/2023\/04\/smarttech-cut-120-pi-scaled-1024x1024.jpg\" class=\"attachment-large size-large wp-image-1083\" alt=\"\" srcset=\"https:\/\/www.eurosmart.hu\/wp-content\/uploads\/2023\/04\/smarttech-cut-120-pi-scaled-1024x1024.jpg 1024w, https:\/\/www.eurosmart.hu\/wp-content\/uploads\/2023\/04\/smarttech-cut-120-pi-scaled-300x300.jpg 300w, https:\/\/www.eurosmart.hu\/wp-content\/uploads\/2023\/04\/smarttech-cut-120-pi-scaled-150x150.jpg 150w, https:\/\/www.eurosmart.hu\/wp-content\/uploads\/2023\/04\/smarttech-cut-120-pi-scaled-768x769.jpg 768w, https:\/\/www.eurosmart.hu\/wp-content\/uploads\/2023\/04\/smarttech-cut-120-pi-scaled-1534x1536.jpg 1534w, https:\/\/www.eurosmart.hu\/wp-content\/uploads\/2023\/04\/smarttech-cut-120-pi-scaled-2046x2048.jpg 2046w, https:\/\/www.eurosmart.hu\/wp-content\/uploads\/2023\/04\/smarttech-cut-120-pi-scaled-146x146.jpg 146w, https:\/\/www.eurosmart.hu\/wp-content\/uploads\/2023\/04\/smarttech-cut-120-pi-scaled-50x50.jpg 50w, https:\/\/www.eurosmart.hu\/wp-content\/uploads\/2023\/04\/smarttech-cut-120-pi-scaled-75x75.jpg 75w, https:\/\/www.eurosmart.hu\/wp-content\/uploads\/2023\/04\/smarttech-cut-120-pi-scaled-85x85.jpg 85w, https:\/\/www.eurosmart.hu\/wp-content\/uploads\/2023\/04\/smarttech-cut-120-pi-scaled-80x80.jpg 80w, https:\/\/www.eurosmart.hu\/wp-content\/uploads\/2023\/04\/smarttech-cut-120-pi-scaled-480x481.jpg 480w, https:\/\/www.eurosmart.hu\/wp-content\/uploads\/2023\/04\/smarttech-cut-120-pi-scaled-600x601.jpg 600w, https:\/\/www.eurosmart.hu\/wp-content\/uploads\/2023\/04\/smarttech-cut-120-pi-scaled-800x801.jpg 800w\" sizes=\"auto, (max-width:767px) 480px, (max-width:1024px) 100vw, 1024px\" \/>\t\t\t\t\t\t\t\t<\/a>\n\t\t\t\t\t\t\t\t\t\t\t\t\t\t\t<\/div>\n\t\t\t\t<\/div>\n\t\t\t\t<div class=\"elementor-element elementor-element-3d7d3c7 elementor-widget elementor-widget-heading\" data-id=\"3d7d3c7\" data-element_type=\"widget\" data-widget_type=\"heading.default\">\n\t\t\t\t<div class=\"elementor-widget-container\">\n\t\t\t<h4 class=\"elementor-heading-title elementor-size-default\">SMARTECH CUT 120 PI<\/h4>\t\t<\/div>\n\t\t\t\t<\/div>\n\t\t\t\t<div class=\"elementor-element elementor-element-6bd5777 elementor-align-center elementor-icon-list--layout-traditional elementor-list-item-link-full_width elementor-widget elementor-widget-icon-list\" data-id=\"6bd5777\" data-element_type=\"widget\" data-widget_type=\"icon-list.default\">\n\t\t\t\t<div class=\"elementor-widget-container\">\n\t\t\t\t\t<ul class=\"elementor-icon-list-items\">\n\t\t\t\t\t\t\t<li class=\"elementor-icon-list-item\">\n\t\t\t\t\t\t\t\t\t\t\t<span class=\"elementor-icon-list-icon\">\n\t\t\t\t\t\t\t<i aria-hidden=\"true\" class=\"far fa-file-pdf\"><\/i>\t\t\t\t\t\t<\/span>\n\t\t\t\t\t\t\t\t\t\t<span class=\"elementor-icon-list-text\">Adatlap<\/span>\n\t\t\t\t\t\t\t\t\t<\/li>\n\t\t\t\t\t\t<\/ul>\n\t\t\t\t<\/div>\n\t\t\t\t<\/div>\n\t\t\t\t\t<\/div>\n\t\t<\/div>\n\t\t\t\t\t\t\t<\/div>\n\t\t<\/section>\n\t\t\t\t<section class=\"elementor-section elementor-top-section elementor-element elementor-element-6d2729a elementor-section-boxed elementor-section-height-default elementor-section-height-default\" data-id=\"6d2729a\" data-element_type=\"section\">\n\t\t\t\t\t\t<div class=\"elementor-container elementor-column-gap-default\">\n\t\t\t\t\t<div class=\"elementor-column elementor-col-100 elementor-top-column elementor-element elementor-element-447e37b\" data-id=\"447e37b\" data-element_type=\"column\">\n\t\t\t<div class=\"elementor-widget-wrap elementor-element-populated\">\n\t\t\t\t\t\t\t\t<div class=\"elementor-element elementor-element-45c8572 elementor-widget elementor-widget-spacer\" data-id=\"45c8572\" data-element_type=\"widget\" data-widget_type=\"spacer.default\">\n\t\t\t\t<div class=\"elementor-widget-container\">\n\t\t\t<style>\/*! elementor - v3.16.0 - 20-09-2023 *\/\n.elementor-column .elementor-spacer-inner{height:var(--spacer-size)}.e-con{--container-widget-width:100%}.e-con-inner>.elementor-widget-spacer,.e-con>.elementor-widget-spacer{width:var(--container-widget-width,var(--spacer-size));--align-self:var(--container-widget-align-self,initial);--flex-shrink:0}.e-con-inner>.elementor-widget-spacer>.elementor-widget-container,.e-con>.elementor-widget-spacer>.elementor-widget-container{height:100%;width:100%}.e-con-inner>.elementor-widget-spacer>.elementor-widget-container>.elementor-spacer,.e-con>.elementor-widget-spacer>.elementor-widget-container>.elementor-spacer{height:100%}.e-con-inner>.elementor-widget-spacer>.elementor-widget-container>.elementor-spacer>.elementor-spacer-inner,.e-con>.elementor-widget-spacer>.elementor-widget-container>.elementor-spacer>.elementor-spacer-inner{height:var(--container-widget-height,var(--spacer-size))}.e-con-inner>.elementor-widget-spacer.elementor-widget-empty,.e-con>.elementor-widget-spacer.elementor-widget-empty{position:relative;min-height:22px;min-width:22px}.e-con-inner>.elementor-widget-spacer.elementor-widget-empty .elementor-widget-empty-icon,.e-con>.elementor-widget-spacer.elementor-widget-empty .elementor-widget-empty-icon{position:absolute;top:0;bottom:0;left:0;right:0;margin:auto;padding:0;width:22px;height:22px}<\/style>\t\t<div class=\"elementor-spacer\">\n\t\t\t<div class=\"elementor-spacer-inner\"><\/div>\n\t\t<\/div>\n\t\t\t\t<\/div>\n\t\t\t\t<\/div>\n\t\t\t\t\t<\/div>\n\t\t<\/div>\n\t\t\t\t\t\t\t<\/div>\n\t\t<\/section>\n\t\t\t\t\t\t\t<\/div>\n\t\t","protected":false},"excerpt":{"rendered":"<p>Inverteres plazmav\u00e1g\u00f3 g\u00e9pek SMARTECH CUT 50 QI Adatlap SMARTECH CUT 120 PI Adatlap<\/p>\n","protected":false},"author":2,"featured_media":0,"parent":511,"menu_order":0,"comment_status":"closed","ping_status":"closed","template":"","meta":{"footnotes":""},"class_list":["post-1675","page","type-page","status-publish","hentry"],"_links":{"self":[{"href":"https:\/\/www.eurosmart.hu\/index.php\/wp-json\/wp\/v2\/pages\/1675","targetHints":{"allow":["GET"]}}],"collection":[{"href":"https:\/\/www.eurosmart.hu\/index.php\/wp-json\/wp\/v2\/pages"}],"about":[{"href":"https:\/\/www.eurosmart.hu\/index.php\/wp-json\/wp\/v2\/types\/page"}],"author":[{"embeddable":true,"href":"https:\/\/www.eurosmart.hu\/index.php\/wp-json\/wp\/v2\/users\/2"}],"replies":[{"embeddable":true,"href":"https:\/\/www.eurosmart.hu\/index.php\/wp-json\/wp\/v2\/comments?post=1675"}],"version-history":[{"count":13,"href":"https:\/\/www.eurosmart.hu\/index.php\/wp-json\/wp\/v2\/pages\/1675\/revisions"}],"predecessor-version":[{"id":3298,"href":"https:\/\/www.eurosmart.hu\/index.php\/wp-json\/wp\/v2\/pages\/1675\/revisions\/3298"}],"up":[{"embeddable":true,"href":"https:\/\/www.eurosmart.hu\/index.php\/wp-json\/wp\/v2\/pages\/511"}],"wp:attachment":[{"href":"https:\/\/www.eurosmart.hu\/index.php\/wp-json\/wp\/v2\/media?parent=1675"}],"curies":[{"name":"wp","href":"https:\/\/api.w.org\/{rel}","templated":true}]}}